{"id":739,"date":"2024-04-18T10:29:21","date_gmt":"2024-04-18T13:29:21","guid":{"rendered":"https:\/\/projetosddwb.com.br\/3dlab\/?post_type=product&amp;p=739"},"modified":"2024-04-18T10:29:21","modified_gmt":"2024-04-18T13:29:21","slug":"pack-especial-de-filamentos","status":"publish","type":"product","link":"https:\/\/projetosddwb.com.br\/3dlab\/product\/pack-especial-de-filamentos\/","title":{"rendered":"Pack Especial de Filamentos"},"content":{"rendered":"<h2>Pack Especial de Filamentos para Impress\u00e3o 3D!<\/h2>\n<div>\n<div style=\"text-align: justify;\">O Pack Especial \u00e9 uma \u00f3tima op\u00e7\u00e3o para quem deseja utilizar v\u00e1rios materiais diferentes na impressora 3D. Esse produto cont\u00e9m o filamento PLA, ABS Premium, PETG, PLA Flex e PLA Forforescente! O Pack \u00e9 formado com 200g de cada um desses materiais.<\/div>\n<\/div>\n<div><\/div>\n<div>O filamento PLA tem alta qualidade superficial e \u00e9 muito f\u00e1cil de ser utilizado em qualquer impressora 3D do mercado. O ABS Premium tem alta resist\u00eancia mec\u00e2nica e facilidade para dar acabamento posterior. O PETG \u00e9 um material nobre para impress\u00e3o 3D, com \u00f3timas caracter\u00edsticas.<\/div>\n<div>O PLA Flex da 3D Lab foi desenvolvido para trabalhar com a mesma facilidade do PLA, podendo ser impresso em altas velocidades e gerando pe\u00e7as flex\u00edveis. Por fim, o PLA Fosforescente tem um efeito visual bem interessante, com alto brilho no escuro.<\/div>\n<div>\n<p style=\"text-align: justify;\">Todos os nossos filamentos s\u00e3o fabricados em nossa sede, em Betim\/MG, com alto n\u00edvel de controle de qualidade, garantindo um \u00f3timo produto e a satisfa\u00e7\u00e3o de nossos clientes. Para isso, lembre-se de sempre armazenar seus filamentos em locais livres de umidade e que n\u00e3o recebam radia\u00e7\u00e3o solar diretamente.<\/p>\n<p style=\"text-align: justify;\">Ent\u00e3o, se voc\u00ea tiver qualquer d\u00favida para utilizar este material voc\u00ea pode consultar nosso guia completo do filamento, em nosso <a href=\"https:\/\/3dlab.com.br\/blog\/\" target=\"_blank\" rel=\"noopener noreferrer\">blog<\/a>.\u00a0Voc\u00ea tamb\u00e9m pode solicitar a ajuda de um de nossos especialistas. Utilize o canal de comunica\u00e7\u00e3o que lhe for mais interessante. Atendemos no chat online, e-mail, telefone, WhatsApp ou venha nos visitar aqui na nossa sede, na Rua Toyota, 490 \u2013 Betim\/MG.<\/p>\n<\/div>\n","protected":false},"excerpt":{"rendered":"<p>O Pack Especial \u00e9 uma \u00f3tima op\u00e7\u00e3o para quem deseja utilizar v\u00e1rios filamentos diferentes na sua impressora 3D. Esse Pack \u00e9 formado por PLA, ABS Premium, PETG, PLA Flex e PLA Fosforescente, sendo 200g de cada material.<\/p>\n<p><strong><em>*OBS.: OS FILAMENTOS SER\u00c3O ENVIADOS COM CORES SORTIDAS, COM EXCE\u00c7\u00c3O DO PLA FLEX (PRETO) E O FOSFORESCENTE.<\/em><\/strong><\/p>\n","protected":false},"featured_media":795,"comment_status":"closed","ping_status":"closed","template":"","meta":[],"product_brand":[],"product_cat":[435],"product_tag":[],"class_list":{"0":"post-739","1":"product","2":"type-product","3":"status-publish","4":"has-post-thumbnail","6":"product_cat-pack-de-filamento","7":"product_shipping_class-filamentos","9":"first","10":"outofstock","11":"shipping-taxable","12":"purchasable","13":"product-type-simple"},"yoast_head":"<!-- This site is optimized with the Yoast SEO plugin v24.8.1 - https:\/\/yoast.com\/wordpress\/plugins\/seo\/ -->\n<title>Pack Especial de Filamentos - 3D Lab<\/title>\n<meta name=\"robots\" content=\"index, follow, max-snippet:-1, max-image-preview:large, max-video-preview:-1\" \/>\n<link rel=\"canonical\" href=\"https:\/\/projetosddwb.com.br\/3dlab\/product\/pack-especial-de-filamentos\/\" \/>\n<meta property=\"og:locale\" content=\"pt_BR\" \/>\n<meta property=\"og:type\" content=\"article\" \/>\n<meta property=\"og:title\" content=\"Pack Especial de Filamentos - 3D Lab\" \/>\n<meta property=\"og:description\" content=\"O Pack Especial \u00e9 uma \u00f3tima op\u00e7\u00e3o para quem deseja utilizar v\u00e1rios filamentos diferentes na sua impressora 3D. Esse Pack \u00e9 formado por PLA, ABS Premium, PETG, PLA Flex e PLA Fosforescente, sendo 200g de cada material.  *OBS.: OS FILAMENTOS SER\u00c3O ENVIADOS COM CORES SORTIDAS, COM EXCE\u00c7\u00c3O DO PLA FLEX (PRETO) E O FOSFORESCENTE.\" \/>\n<meta property=\"og:url\" content=\"https:\/\/projetosddwb.com.br\/3dlab\/product\/pack-especial-de-filamentos\/\" \/>\n<meta property=\"og:site_name\" content=\"3D Lab\" \/>\n<meta property=\"article:publisher\" content=\"https:\/\/www.facebook.com\/3dlabbrasil\/?locale=pt_BR\" \/>\n<meta name=\"twitter:card\" content=\"summary_large_image\" \/>\n<meta name=\"twitter:label1\" content=\"Est. tempo de leitura\" \/>\n\t<meta name=\"twitter:data1\" content=\"1 minuto\" \/>\n<script type=\"application\/ld+json\" class=\"yoast-schema-graph\">{\"@context\":\"https:\/\/schema.org\",\"@graph\":[{\"@type\":\"WebPage\",\"@id\":\"https:\/\/projetosddwb.com.br\/3dlab\/product\/pack-especial-de-filamentos\/\",\"url\":\"https:\/\/projetosddwb.com.br\/3dlab\/product\/pack-especial-de-filamentos\/\",\"name\":\"Pack Especial de Filamentos - 3D Lab\",\"isPartOf\":{\"@id\":\"https:\/\/projetosddwb.com.br\/3dlab\/#website\"},\"primaryImageOfPage\":{\"@id\":\"https:\/\/projetosddwb.com.br\/3dlab\/product\/pack-especial-de-filamentos\/#primaryimage\"},\"image\":{\"@id\":\"https:\/\/projetosddwb.com.br\/3dlab\/product\/pack-especial-de-filamentos\/#primaryimage\"},\"thumbnailUrl\":\"\",\"datePublished\":\"2024-04-18T13:29:21+00:00\",\"breadcrumb\":{\"@id\":\"https:\/\/projetosddwb.com.br\/3dlab\/product\/pack-especial-de-filamentos\/#breadcrumb\"},\"inLanguage\":\"pt-BR\",\"potentialAction\":[{\"@type\":\"ReadAction\",\"target\":[\"https:\/\/projetosddwb.com.br\/3dlab\/product\/pack-especial-de-filamentos\/\"]}]},{\"@type\":\"ImageObject\",\"inLanguage\":\"pt-BR\",\"@id\":\"https:\/\/projetosddwb.com.br\/3dlab\/product\/pack-especial-de-filamentos\/#primaryimage\",\"url\":\"\",\"contentUrl\":\"\"},{\"@type\":\"BreadcrumbList\",\"@id\":\"https:\/\/projetosddwb.com.br\/3dlab\/product\/pack-especial-de-filamentos\/#breadcrumb\",\"itemListElement\":[{\"@type\":\"ListItem\",\"position\":1,\"name\":\"In\u00edcio\",\"item\":\"https:\/\/projetosddwb.com.br\/3dlab\/\"},{\"@type\":\"ListItem\",\"position\":2,\"name\":\"Loja\",\"item\":\"https:\/\/projetosddwb.com.br\/3dlab\/loja\/\"},{\"@type\":\"ListItem\",\"position\":3,\"name\":\"Pack Especial de Filamentos\"}]},{\"@type\":\"WebSite\",\"@id\":\"https:\/\/projetosddwb.com.br\/3dlab\/#website\",\"url\":\"https:\/\/projetosddwb.com.br\/3dlab\/\",\"name\":\"3D Lab\",\"description\":\"\",\"publisher\":{\"@id\":\"https:\/\/projetosddwb.com.br\/3dlab\/#organization\"},\"potentialAction\":[{\"@type\":\"SearchAction\",\"target\":{\"@type\":\"EntryPoint\",\"urlTemplate\":\"https:\/\/projetosddwb.com.br\/3dlab\/?s={search_term_string}\"},\"query-input\":{\"@type\":\"PropertyValueSpecification\",\"valueRequired\":true,\"valueName\":\"search_term_string\"}}],\"inLanguage\":\"pt-BR\"},{\"@type\":\"Organization\",\"@id\":\"https:\/\/projetosddwb.com.br\/3dlab\/#organization\",\"name\":\"3D Lab\",\"url\":\"https:\/\/projetosddwb.com.br\/3dlab\/\",\"logo\":{\"@type\":\"ImageObject\",\"inLanguage\":\"pt-BR\",\"@id\":\"https:\/\/projetosddwb.com.br\/3dlab\/#\/schema\/logo\/image\/\",\"url\":\"https:\/\/projetosddwb.com.br\/3dlab\/wp-content\/uploads\/2025\/04\/cropped-cropped-3D_HORI_ORIGINAL-1.png\",\"contentUrl\":\"https:\/\/projetosddwb.com.br\/3dlab\/wp-content\/uploads\/2025\/04\/cropped-cropped-3D_HORI_ORIGINAL-1.png\",\"width\":597,\"height\":196,\"caption\":\"3D Lab\"},\"image\":{\"@id\":\"https:\/\/projetosddwb.com.br\/3dlab\/#\/schema\/logo\/image\/\"},\"sameAs\":[\"https:\/\/www.facebook.com\/3dlabbrasil\/?locale=pt_BR\",\"https:\/\/www.instagram.com\/3dlab_brasil\/\"]}]}<\/script>\n<!-- \/ Yoast SEO plugin. -->","yoast_head_json":{"title":"Pack Especial de Filamentos - 3D Lab","robots":{"index":"index","follow":"follow","max-snippet":"max-snippet:-1","max-image-preview":"max-image-preview:large","max-video-preview":"max-video-preview:-1"},"canonical":"https:\/\/projetosddwb.com.br\/3dlab\/product\/pack-especial-de-filamentos\/","og_locale":"pt_BR","og_type":"article","og_title":"Pack Especial de Filamentos - 3D Lab","og_description":"O Pack Especial \u00e9 uma \u00f3tima op\u00e7\u00e3o para quem deseja utilizar v\u00e1rios filamentos diferentes na sua impressora 3D. Esse Pack \u00e9 formado por PLA, ABS Premium, PETG, PLA Flex e PLA Fosforescente, sendo 200g de cada material.  *OBS.: OS FILAMENTOS SER\u00c3O ENVIADOS COM CORES SORTIDAS, COM EXCE\u00c7\u00c3O DO PLA FLEX (PRETO) E O FOSFORESCENTE.","og_url":"https:\/\/projetosddwb.com.br\/3dlab\/product\/pack-especial-de-filamentos\/","og_site_name":"3D Lab","article_publisher":"https:\/\/www.facebook.com\/3dlabbrasil\/?locale=pt_BR","twitter_card":"summary_large_image","twitter_misc":{"Est. tempo de leitura":"1 minuto"},"schema":{"@context":"https:\/\/schema.org","@graph":[{"@type":"WebPage","@id":"https:\/\/projetosddwb.com.br\/3dlab\/product\/pack-especial-de-filamentos\/","url":"https:\/\/projetosddwb.com.br\/3dlab\/product\/pack-especial-de-filamentos\/","name":"Pack Especial de Filamentos - 3D Lab","isPartOf":{"@id":"https:\/\/projetosddwb.com.br\/3dlab\/#website"},"primaryImageOfPage":{"@id":"https:\/\/projetosddwb.com.br\/3dlab\/product\/pack-especial-de-filamentos\/#primaryimage"},"image":{"@id":"https:\/\/projetosddwb.com.br\/3dlab\/product\/pack-especial-de-filamentos\/#primaryimage"},"thumbnailUrl":"","datePublished":"2024-04-18T13:29:21+00:00","breadcrumb":{"@id":"https:\/\/projetosddwb.com.br\/3dlab\/product\/pack-especial-de-filamentos\/#breadcrumb"},"inLanguage":"pt-BR","potentialAction":[{"@type":"ReadAction","target":["https:\/\/projetosddwb.com.br\/3dlab\/product\/pack-especial-de-filamentos\/"]}]},{"@type":"ImageObject","inLanguage":"pt-BR","@id":"https:\/\/projetosddwb.com.br\/3dlab\/product\/pack-especial-de-filamentos\/#primaryimage","url":"","contentUrl":""},{"@type":"BreadcrumbList","@id":"https:\/\/projetosddwb.com.br\/3dlab\/product\/pack-especial-de-filamentos\/#breadcrumb","itemListElement":[{"@type":"ListItem","position":1,"name":"In\u00edcio","item":"https:\/\/projetosddwb.com.br\/3dlab\/"},{"@type":"ListItem","position":2,"name":"Loja","item":"https:\/\/projetosddwb.com.br\/3dlab\/loja\/"},{"@type":"ListItem","position":3,"name":"Pack Especial de Filamentos"}]},{"@type":"WebSite","@id":"https:\/\/projetosddwb.com.br\/3dlab\/#website","url":"https:\/\/projetosddwb.com.br\/3dlab\/","name":"3D Lab","description":"","publisher":{"@id":"https:\/\/projetosddwb.com.br\/3dlab\/#organization"},"potentialAction":[{"@type":"SearchAction","target":{"@type":"EntryPoint","urlTemplate":"https:\/\/projetosddwb.com.br\/3dlab\/?s={search_term_string}"},"query-input":{"@type":"PropertyValueSpecification","valueRequired":true,"valueName":"search_term_string"}}],"inLanguage":"pt-BR"},{"@type":"Organization","@id":"https:\/\/projetosddwb.com.br\/3dlab\/#organization","name":"3D Lab","url":"https:\/\/projetosddwb.com.br\/3dlab\/","logo":{"@type":"ImageObject","inLanguage":"pt-BR","@id":"https:\/\/projetosddwb.com.br\/3dlab\/#\/schema\/logo\/image\/","url":"https:\/\/projetosddwb.com.br\/3dlab\/wp-content\/uploads\/2025\/04\/cropped-cropped-3D_HORI_ORIGINAL-1.png","contentUrl":"https:\/\/projetosddwb.com.br\/3dlab\/wp-content\/uploads\/2025\/04\/cropped-cropped-3D_HORI_ORIGINAL-1.png","width":597,"height":196,"caption":"3D Lab"},"image":{"@id":"https:\/\/projetosddwb.com.br\/3dlab\/#\/schema\/logo\/image\/"},"sameAs":["https:\/\/www.facebook.com\/3dlabbrasil\/?locale=pt_BR","https:\/\/www.instagram.com\/3dlab_brasil\/"]}]}},"_links":{"self":[{"href":"https:\/\/projetosddwb.com.br\/3dlab\/wp-json\/wp\/v2\/product\/739","targetHints":{"allow":["GET"]}}],"collection":[{"href":"https:\/\/projetosddwb.com.br\/3dlab\/wp-json\/wp\/v2\/product"}],"about":[{"href":"https:\/\/projetosddwb.com.br\/3dlab\/wp-json\/wp\/v2\/types\/product"}],"replies":[{"embeddable":true,"href":"https:\/\/projetosddwb.com.br\/3dlab\/wp-json\/wp\/v2\/comments?post=739"}],"wp:featuredmedia":[{"embeddable":true,"href":"https:\/\/projetosddwb.com.br\/3dlab\/wp-json\/"}],"wp:attachment":[{"href":"https:\/\/projetosddwb.com.br\/3dlab\/wp-json\/wp\/v2\/media?parent=739"}],"wp:term":[{"taxonomy":"product_brand","embeddable":true,"href":"https:\/\/projetosddwb.com.br\/3dlab\/wp-json\/wp\/v2\/product_brand?post=739"},{"taxonomy":"product_cat","embeddable":true,"href":"https:\/\/projetosddwb.com.br\/3dlab\/wp-json\/wp\/v2\/product_cat?post=739"},{"taxonomy":"product_tag","embeddable":true,"href":"https:\/\/projetosddwb.com.br\/3dlab\/wp-json\/wp\/v2\/product_tag?post=739"}],"curies":[{"name":"wp","href":"https:\/\/api.w.org\/{rel}","templated":true}]}}