{"id":11,"date":"2024-10-24T04:00:46","date_gmt":"2024-10-24T04:00:46","guid":{"rendered":"https:\/\/projetosddwb.com.br\/coopermoto\/?page_id=11"},"modified":"2026-01-12T19:30:53","modified_gmt":"2026-01-12T19:30:53","slug":"sobre-nos","status":"publish","type":"page","link":"https:\/\/projetosddwb.com.br\/coopermoto\/sobre-nos\/","title":{"rendered":"SOBRE N\u00d3S"},"content":{"rendered":"\t\t<div data-elementor-type=\"wp-page\" data-elementor-id=\"11\" class=\"elementor elementor-11\" data-elementor-post-type=\"page\">\n\t\t\t\t<div class=\"elementor-element elementor-element-3c7d7d03 e-flex e-con-boxed e-con e-parent\" data-id=\"3c7d7d03\" data-element_type=\"container\" data-e-type=\"container\" data-settings=\"{&quot;background_background&quot;:&quot;classic&quot;}\">\n\t\t\t\t\t<div class=\"e-con-inner\">\n\t\t\t\t<div class=\"elementor-element elementor-element-4521ba0f elementor-widget elementor-widget-heading\" data-id=\"4521ba0f\" data-element_type=\"widget\" data-e-type=\"widget\" data-widget_type=\"heading.default\">\n\t\t\t\t<div class=\"elementor-widget-container\">\n\t\t\t\t\t<h1 class=\"elementor-heading-title elementor-size-default\">Sobre N\u00f3s<\/h1>\t\t\t\t<\/div>\n\t\t\t\t<\/div>\n\t\t\t\t\t<\/div>\n\t\t\t\t<\/div>\n\t\t<div class=\"elementor-element elementor-element-3958a85 e-flex e-con-boxed e-con e-parent\" data-id=\"3958a85\" data-element_type=\"container\" data-e-type=\"container\" data-settings=\"{&quot;background_background&quot;:&quot;classic&quot;}\">\n\t\t\t\t\t<div class=\"e-con-inner\">\n\t\t<div class=\"elementor-element elementor-element-9332313 e-con-full e-flex e-con e-child\" data-id=\"9332313\" data-element_type=\"container\" data-e-type=\"container\">\n\t\t\t\t<div class=\"elementor-element elementor-element-9bcdce6 elementor-widget elementor-widget-image\" data-id=\"9bcdce6\" data-element_type=\"widget\" data-e-type=\"widget\" data-widget_type=\"image.default\">\n\t\t\t\t<div class=\"elementor-widget-container\">\n\t\t\t\t\t\t\t\t\t\t\t\t\t\t\t<img fetchpriority=\"high\" decoding=\"async\" width=\"800\" height=\"791\" src=\"https:\/\/projetosddwb.com.br\/coopermoto\/wp-content\/uploads\/2025\/10\/coopermoto-02.png\" class=\"attachment-large size-large wp-image-404\" alt=\"\" srcset=\"https:\/\/projetosddwb.com.br\/coopermoto\/wp-content\/uploads\/2025\/10\/coopermoto-02.png 838w, https:\/\/projetosddwb.com.br\/coopermoto\/wp-content\/uploads\/2025\/10\/coopermoto-02-300x297.png 300w, https:\/\/projetosddwb.com.br\/coopermoto\/wp-content\/uploads\/2025\/10\/coopermoto-02-768x760.png 768w\" sizes=\"(max-width: 800px) 100vw, 800px\" \/>\t\t\t\t\t\t\t\t\t\t\t\t\t\t\t<\/div>\n\t\t\t\t<\/div>\n\t\t\t\t<\/div>\n\t\t<div class=\"elementor-element elementor-element-3584447 e-con-full e-flex e-con e-child\" data-id=\"3584447\" data-element_type=\"container\" data-e-type=\"container\">\n\t\t\t\t<div class=\"elementor-element elementor-element-c104e4d elementor-widget elementor-widget-heading\" data-id=\"c104e4d\" data-element_type=\"widget\" data-e-type=\"widget\" data-widget_type=\"heading.default\">\n\t\t\t\t<div class=\"elementor-widget-container\">\n\t\t\t\t\t<h2 class=\"elementor-heading-title elementor-size-default\">Quem Somos<\/h2>\t\t\t\t<\/div>\n\t\t\t\t<\/div>\n\t\t\t\t<div class=\"elementor-element elementor-element-1392f5c elementor-widget__width-initial elementor-widget-tablet__width-inherit elementor-widget elementor-widget-text-editor\" data-id=\"1392f5c\" data-element_type=\"widget\" data-e-type=\"widget\" data-widget_type=\"text-editor.default\">\n\t\t\t\t<div class=\"elementor-widget-container\">\n\t\t\t\t\t\t\t\t\t<div class=\"docos-replyview-body docos-anchoredreplyview-body docos-replyview-body-emoji-reactable\" dir=\"ltr\">A Coopermoto \u00e9 a Cooperativa dos Motofretistas de Belo Horizonte e Regi\u00e3o Metropolitana, dedicada a oferecer solu\u00e7\u00f5es de transporte de alta qualidade e apoiar a comunidade de Motofretistas. Fundada com o objetivo de unir motofretistas em torno de um prop\u00f3sito comum, somos uma cooperativa que valoriza a seguran\u00e7a, o compromisso e o crescimento cont\u00ednuo de nossos cooperados e clientes.<\/div>\t\t\t\t\t\t\t\t<\/div>\n\t\t\t\t<\/div>\n\t\t\t\t<\/div>\n\t\t\t\t\t<\/div>\n\t\t\t\t<\/div>\n\t\t<div class=\"elementor-element elementor-element-0e0068e e-flex e-con-boxed e-con e-parent\" data-id=\"0e0068e\" data-element_type=\"container\" data-e-type=\"container\" data-settings=\"{&quot;background_background&quot;:&quot;classic&quot;}\">\n\t\t\t\t\t<div class=\"e-con-inner\">\n\t\t<div class=\"elementor-element elementor-element-cb453f1 e-con-full e-flex e-con e-child\" data-id=\"cb453f1\" data-element_type=\"container\" data-e-type=\"container\">\n\t\t\t\t<div class=\"elementor-element elementor-element-bd9bccf elementor-widget elementor-widget-image\" data-id=\"bd9bccf\" data-element_type=\"widget\" data-e-type=\"widget\" data-widget_type=\"image.default\">\n\t\t\t\t<div class=\"elementor-widget-container\">\n\t\t\t\t\t\t\t\t\t\t\t\t\t\t\t<img decoding=\"async\" width=\"800\" height=\"791\" src=\"https:\/\/projetosddwb.com.br\/coopermoto\/wp-content\/uploads\/2025\/10\/coopermoto-04.png\" class=\"attachment-large size-large wp-image-416\" alt=\"\" srcset=\"https:\/\/projetosddwb.com.br\/coopermoto\/wp-content\/uploads\/2025\/10\/coopermoto-04.png 838w, https:\/\/projetosddwb.com.br\/coopermoto\/wp-content\/uploads\/2025\/10\/coopermoto-04-300x297.png 300w, https:\/\/projetosddwb.com.br\/coopermoto\/wp-content\/uploads\/2025\/10\/coopermoto-04-768x760.png 768w\" sizes=\"(max-width: 800px) 100vw, 800px\" \/>\t\t\t\t\t\t\t\t\t\t\t\t\t\t\t<\/div>\n\t\t\t\t<\/div>\n\t\t\t\t<\/div>\n\t\t<div class=\"elementor-element elementor-element-5727b44 e-con-full e-flex e-con e-child\" data-id=\"5727b44\" data-element_type=\"container\" data-e-type=\"container\">\n\t\t\t\t<div class=\"elementor-element elementor-element-dfc6806 elementor-widget elementor-widget-heading\" data-id=\"dfc6806\" data-element_type=\"widget\" data-e-type=\"widget\" data-widget_type=\"heading.default\">\n\t\t\t\t<div class=\"elementor-widget-container\">\n\t\t\t\t\t<h2 class=\"elementor-heading-title elementor-size-default\">Nossa Hist\u00f3ria\n<\/h2>\t\t\t\t<\/div>\n\t\t\t\t<\/div>\n\t\t\t\t<div class=\"elementor-element elementor-element-c8518a8 elementor-widget__width-initial elementor-widget-tablet__width-inherit elementor-widget elementor-widget-text-editor\" data-id=\"c8518a8\" data-element_type=\"widget\" data-e-type=\"widget\" data-widget_type=\"text-editor.default\">\n\t\t\t\t<div class=\"elementor-widget-container\">\n\t\t\t\t\t\t\t\t\t<div class=\"docos-replyview-body docos-anchoredreplyview-body docos-replyview-body-emoji-reactable\" dir=\"ltr\"><div class=\"docos-replyview-body docos-anchoredreplyview-body docos-replyview-body-emoji-reactable\" dir=\"ltr\">Desde a nossa funda\u00e7\u00e3o, a Coopermoto tem se empenhado em criar uma rede de apoio robusta para motofretistas na regi\u00e3o de Belo Horizonte. Com uma trajet\u00f3ria marcada por inova\u00e7\u00e3o e dedica\u00e7\u00e3o, nossa cooperativa come\u00e7ou com um grupo pequeno de motofretistas que compartilhavam uma vis\u00e3o de oferecer um transporte mais seguro e eficiente. Ao longo dos anos, expandimos nossos servi\u00e7os e nossa base de membros, sempre mantendo o foco na qualidade e no bem-estar de nossa comunidade.<\/div><\/div>\t\t\t\t\t\t\t\t<\/div>\n\t\t\t\t<\/div>\n\t\t\t\t<\/div>\n\t\t\t\t\t<\/div>\n\t\t\t\t<\/div>\n\t\t<div class=\"elementor-element elementor-element-5427b6e e-flex e-con-boxed e-con e-parent\" data-id=\"5427b6e\" data-element_type=\"container\" data-e-type=\"container\" data-settings=\"{&quot;background_background&quot;:&quot;classic&quot;}\">\n\t\t\t\t\t<div class=\"e-con-inner\">\n\t\t<div class=\"elementor-element elementor-element-6030ecc e-con-full e-flex e-con e-child\" data-id=\"6030ecc\" data-element_type=\"container\" data-e-type=\"container\">\n\t\t<div class=\"elementor-element elementor-element-0a68a95 e-con-full e-flex e-con e-child\" data-id=\"0a68a95\" data-element_type=\"container\" data-e-type=\"container\">\n\t\t<div class=\"elementor-element elementor-element-282e148 e-con-full e-flex e-con e-child\" data-id=\"282e148\" data-element_type=\"container\" data-e-type=\"container\">\n\t\t\t\t<div class=\"elementor-element elementor-element-f22aada elementor-widget elementor-widget-image\" data-id=\"f22aada\" data-element_type=\"widget\" data-e-type=\"widget\" data-widget_type=\"image.default\">\n\t\t\t\t<div class=\"elementor-widget-container\">\n\t\t\t\t\t\t\t\t\t\t\t\t\t\t\t<img decoding=\"async\" width=\"123\" height=\"123\" src=\"https:\/\/projetosddwb.com.br\/coopermoto\/wp-content\/uploads\/2024\/10\/missao.png\" class=\"attachment-large size-large wp-image-199\" alt=\"\" \/>\t\t\t\t\t\t\t\t\t\t\t\t\t\t\t<\/div>\n\t\t\t\t<\/div>\n\t\t\t\t<div class=\"elementor-element elementor-element-e77da27 elementor-widget elementor-widget-heading\" data-id=\"e77da27\" data-element_type=\"widget\" data-e-type=\"widget\" data-widget_type=\"heading.default\">\n\t\t\t\t<div class=\"elementor-widget-container\">\n\t\t\t\t\t<h3 class=\"elementor-heading-title elementor-size-default\">Miss\u00e3o<\/h3>\t\t\t\t<\/div>\n\t\t\t\t<\/div>\n\t\t\t\t<div class=\"elementor-element elementor-element-035f142 elementor-widget elementor-widget-text-editor\" data-id=\"035f142\" data-element_type=\"widget\" data-e-type=\"widget\" data-widget_type=\"text-editor.default\">\n\t\t\t\t<div class=\"elementor-widget-container\">\n\t\t\t\t\t\t\t\t\t<p>A miss\u00e3o da Coopermoto \u00e9 fornecer solu\u00e7\u00f5es de transporte r\u00e1pido, seguro e confi\u00e1vel para motofretistas e empresas em Belo Horizonte e Regi\u00e3o Metropolitana. Estamos comprometidos em promover o crescimento e a seguran\u00e7a da nossa comunidade de motofretistas atrav\u00e9s de servi\u00e7os de alta qualidade e apoio cont\u00ednuo a nossos cooperados.<\/p>\t\t\t\t\t\t\t\t<\/div>\n\t\t\t\t<\/div>\n\t\t\t\t<\/div>\n\t\t<div class=\"elementor-element elementor-element-ed8d901 e-con-full e-flex e-con e-child\" data-id=\"ed8d901\" data-element_type=\"container\" data-e-type=\"container\">\n\t\t\t\t<div class=\"elementor-element elementor-element-6bf15f0 elementor-widget elementor-widget-image\" data-id=\"6bf15f0\" data-element_type=\"widget\" data-e-type=\"widget\" data-widget_type=\"image.default\">\n\t\t\t\t<div class=\"elementor-widget-container\">\n\t\t\t\t\t\t\t\t\t\t\t\t\t\t\t<img loading=\"lazy\" decoding=\"async\" width=\"123\" height=\"123\" src=\"https:\/\/projetosddwb.com.br\/coopermoto\/wp-content\/uploads\/2024\/10\/visao.png\" class=\"attachment-large size-large wp-image-201\" alt=\"\" \/>\t\t\t\t\t\t\t\t\t\t\t\t\t\t\t<\/div>\n\t\t\t\t<\/div>\n\t\t\t\t<div class=\"elementor-element elementor-element-c5f3508 elementor-widget__width-initial elementor-widget elementor-widget-heading\" data-id=\"c5f3508\" data-element_type=\"widget\" data-e-type=\"widget\" data-widget_type=\"heading.default\">\n\t\t\t\t<div class=\"elementor-widget-container\">\n\t\t\t\t\t<h3 class=\"elementor-heading-title elementor-size-default\">Vis\u00e3o<\/h3>\t\t\t\t<\/div>\n\t\t\t\t<\/div>\n\t\t\t\t<div class=\"elementor-element elementor-element-372d6d3 elementor-widget elementor-widget-text-editor\" data-id=\"372d6d3\" data-element_type=\"widget\" data-e-type=\"widget\" data-widget_type=\"text-editor.default\">\n\t\t\t\t<div class=\"elementor-widget-container\">\n\t\t\t\t\t\t\t\t\t<p>Nossa vis\u00e3o \u00e9 ser a cooperativa de transporte reconhecida, estabelecendo novos padr\u00f5es de excel\u00eancia no setor. Buscamos ser um modelo de inova\u00e7\u00e3o e sustentabilidade, contribuindo para o desenvolvimento do mercado de motocicletas e oferecendo benef\u00edcios significativos para nossos cooperados e clientes.<\/p>\t\t\t\t\t\t\t\t<\/div>\n\t\t\t\t<\/div>\n\t\t\t\t<\/div>\n\t\t\t\t<\/div>\n\t\t\t\t<div class=\"elementor-element elementor-element-29b27bb elementor-widget elementor-widget-heading\" data-id=\"29b27bb\" data-element_type=\"widget\" data-e-type=\"widget\" data-widget_type=\"heading.default\">\n\t\t\t\t<div class=\"elementor-widget-container\">\n\t\t\t\t\t<h3 class=\"elementor-heading-title elementor-size-default\">Valores<\/h3>\t\t\t\t<\/div>\n\t\t\t\t<\/div>\n\t\t<div class=\"elementor-element elementor-element-25c6b5a e-con-full e-flex e-con e-child\" data-id=\"25c6b5a\" data-element_type=\"container\" data-e-type=\"container\">\n\t\t<div class=\"elementor-element elementor-element-ddcebb9 e-con-full e-flex e-con e-child\" data-id=\"ddcebb9\" data-element_type=\"container\" data-e-type=\"container\">\n\t\t\t\t<div class=\"elementor-element elementor-element-a5d5beb elementor-widget elementor-widget-image\" data-id=\"a5d5beb\" data-element_type=\"widget\" data-e-type=\"widget\" data-widget_type=\"image.default\">\n\t\t\t\t<div class=\"elementor-widget-container\">\n\t\t\t\t\t\t\t\t\t\t\t\t\t\t\t<img loading=\"lazy\" decoding=\"async\" width=\"123\" height=\"123\" src=\"https:\/\/projetosddwb.com.br\/coopermoto\/wp-content\/uploads\/2024\/10\/seguranca.png\" class=\"attachment-large size-large wp-image-200\" alt=\"\" \/>\t\t\t\t\t\t\t\t\t\t\t\t\t\t\t<\/div>\n\t\t\t\t<\/div>\n\t\t\t\t<div class=\"elementor-element elementor-element-5323a85 elementor-widget elementor-widget-heading\" data-id=\"5323a85\" data-element_type=\"widget\" data-e-type=\"widget\" data-widget_type=\"heading.default\">\n\t\t\t\t<div class=\"elementor-widget-container\">\n\t\t\t\t\t<h3 class=\"elementor-heading-title elementor-size-default\">Seguran\u00e7a<\/h3>\t\t\t\t<\/div>\n\t\t\t\t<\/div>\n\t\t\t\t<div class=\"elementor-element elementor-element-03e8e5e elementor-widget elementor-widget-text-editor\" data-id=\"03e8e5e\" data-element_type=\"widget\" data-e-type=\"widget\" data-widget_type=\"text-editor.default\">\n\t\t\t\t<div class=\"elementor-widget-container\">\n\t\t\t\t\t\t\t\t\t<p>Priorizamos a seguran\u00e7a em todas as opera\u00e7\u00f5es e servi\u00e7os, garantindo que nossos cooperados e clientes estejam sempre protegidos.<\/p>\t\t\t\t\t\t\t\t<\/div>\n\t\t\t\t<\/div>\n\t\t\t\t<\/div>\n\t\t<div class=\"elementor-element elementor-element-5dc6161 e-con-full e-flex e-con e-child\" data-id=\"5dc6161\" data-element_type=\"container\" data-e-type=\"container\">\n\t\t\t\t<div class=\"elementor-element elementor-element-9519d99 elementor-widget elementor-widget-image\" data-id=\"9519d99\" data-element_type=\"widget\" data-e-type=\"widget\" data-widget_type=\"image.default\">\n\t\t\t\t<div class=\"elementor-widget-container\">\n\t\t\t\t\t\t\t\t\t\t\t\t\t\t\t<img loading=\"lazy\" decoding=\"async\" width=\"123\" height=\"123\" src=\"https:\/\/projetosddwb.com.br\/coopermoto\/wp-content\/uploads\/2024\/10\/img-rapidez-1.png\" class=\"attachment-large size-large wp-image-130\" alt=\"\" \/>\t\t\t\t\t\t\t\t\t\t\t\t\t\t\t<\/div>\n\t\t\t\t<\/div>\n\t\t\t\t<div class=\"elementor-element elementor-element-3c81d7e elementor-widget__width-initial elementor-widget elementor-widget-heading\" data-id=\"3c81d7e\" data-element_type=\"widget\" data-e-type=\"widget\" data-widget_type=\"heading.default\">\n\t\t\t\t<div class=\"elementor-widget-container\">\n\t\t\t\t\t<h3 class=\"elementor-heading-title elementor-size-default\">Compromisso<\/h3>\t\t\t\t<\/div>\n\t\t\t\t<\/div>\n\t\t\t\t<div class=\"elementor-element elementor-element-9601b67 elementor-widget elementor-widget-text-editor\" data-id=\"9601b67\" data-element_type=\"widget\" data-e-type=\"widget\" data-widget_type=\"text-editor.default\">\n\t\t\t\t<div class=\"elementor-widget-container\">\n\t\t\t\t\t\t\t\t\t<p>Estamos comprometidos com a excel\u00eancia em nossos servi\u00e7os e com o suporte cont\u00ednuo aos nossos cooperados, buscando sempre superar expectativas.<\/p>\t\t\t\t\t\t\t\t<\/div>\n\t\t\t\t<\/div>\n\t\t\t\t<\/div>\n\t\t<div class=\"elementor-element elementor-element-533aaa8 e-con-full e-flex e-con e-child\" data-id=\"533aaa8\" data-element_type=\"container\" data-e-type=\"container\">\n\t\t\t\t<div class=\"elementor-element elementor-element-d6fade0 elementor-widget elementor-widget-image\" data-id=\"d6fade0\" data-element_type=\"widget\" data-e-type=\"widget\" data-widget_type=\"image.default\">\n\t\t\t\t<div class=\"elementor-widget-container\">\n\t\t\t\t\t\t\t\t\t\t\t\t\t\t\t<img loading=\"lazy\" decoding=\"async\" width=\"123\" height=\"123\" src=\"https:\/\/projetosddwb.com.br\/coopermoto\/wp-content\/uploads\/2024\/10\/inovacao.png\" class=\"attachment-large size-large wp-image-198\" alt=\"\" \/>\t\t\t\t\t\t\t\t\t\t\t\t\t\t\t<\/div>\n\t\t\t\t<\/div>\n\t\t\t\t<div class=\"elementor-element elementor-element-ab45325 elementor-widget__width-initial elementor-widget elementor-widget-heading\" data-id=\"ab45325\" data-element_type=\"widget\" data-e-type=\"widget\" data-widget_type=\"heading.default\">\n\t\t\t\t<div class=\"elementor-widget-container\">\n\t\t\t\t\t<h3 class=\"elementor-heading-title elementor-size-default\">Inova\u00e7\u00e3o<\/h3>\t\t\t\t<\/div>\n\t\t\t\t<\/div>\n\t\t\t\t<div class=\"elementor-element elementor-element-d5f3eb5 elementor-widget elementor-widget-text-editor\" data-id=\"d5f3eb5\" data-element_type=\"widget\" data-e-type=\"widget\" data-widget_type=\"text-editor.default\">\n\t\t\t\t<div class=\"elementor-widget-container\">\n\t\t\t\t\t\t\t\t\t<p>Buscamos constantemente novas tecnologias e solu\u00e7\u00f5es para melhorar nossos servi\u00e7os e processos, acompanhando o setor de transporte.<\/p>\t\t\t\t\t\t\t\t<\/div>\n\t\t\t\t<\/div>\n\t\t\t\t<\/div>\n\t\t<div class=\"elementor-element elementor-element-df19d4f e-con-full e-flex e-con e-child\" data-id=\"df19d4f\" data-element_type=\"container\" data-e-type=\"container\">\n\t\t\t\t<div class=\"elementor-element elementor-element-0407575 elementor-widget elementor-widget-image\" data-id=\"0407575\" data-element_type=\"widget\" data-e-type=\"widget\" data-widget_type=\"image.default\">\n\t\t\t\t<div class=\"elementor-widget-container\">\n\t\t\t\t\t\t\t\t\t\t\t\t\t\t\t<img loading=\"lazy\" decoding=\"async\" width=\"123\" height=\"123\" src=\"https:\/\/projetosddwb.com.br\/coopermoto\/wp-content\/uploads\/2024\/10\/comunidade.png\" class=\"attachment-large size-large wp-image-197\" alt=\"\" \/>\t\t\t\t\t\t\t\t\t\t\t\t\t\t\t<\/div>\n\t\t\t\t<\/div>\n\t\t\t\t<div class=\"elementor-element elementor-element-a30136f elementor-widget__width-initial elementor-widget elementor-widget-heading\" data-id=\"a30136f\" data-element_type=\"widget\" data-e-type=\"widget\" data-widget_type=\"heading.default\">\n\t\t\t\t<div class=\"elementor-widget-container\">\n\t\t\t\t\t<h3 class=\"elementor-heading-title elementor-size-default\">Comunidade<\/h3>\t\t\t\t<\/div>\n\t\t\t\t<\/div>\n\t\t\t\t<div class=\"elementor-element elementor-element-1993257 elementor-widget elementor-widget-text-editor\" data-id=\"1993257\" data-element_type=\"widget\" data-e-type=\"widget\" data-widget_type=\"text-editor.default\">\n\t\t\t\t<div class=\"elementor-widget-container\">\n\t\t\t\t\t\t\t\t\t<p>Valorizamos a colabora\u00e7\u00e3o e o suporte m\u00fatuo entre nossos cooperados e clientes, promovendo um ambiente de coopera\u00e7\u00e3o e crescimento coletivo.<\/p>\t\t\t\t\t\t\t\t<\/div>\n\t\t\t\t<\/div>\n\t\t\t\t<\/div>\n\t\t\t\t<\/div>\n\t\t\t\t<\/div>\n\t\t\t\t\t<\/div>\n\t\t\t\t<\/div>\n\t\t\t\t<\/div>\n\t\t","protected":false},"excerpt":{"rendered":"<p>Sobre N\u00f3s Quem Somos A Coopermoto \u00e9 a Cooperativa dos Motofretistas de Belo Horizonte e Regi\u00e3o Metropolitana, dedicada a oferecer solu\u00e7\u00f5es de transporte de alta qualidade e apoiar a comunidade de Motofretistas. Fundada com o objetivo de unir motofretistas em torno de um prop\u00f3sito comum, somos uma cooperativa que valoriza a seguran\u00e7a, o compromisso e [&hellip;]<\/p>\n","protected":false},"author":1,"featured_media":0,"parent":0,"menu_order":0,"comment_status":"closed","ping_status":"closed","template":"","meta":{"footnotes":""},"class_list":["post-11","page","type-page","status-publish","hentry"],"_links":{"self":[{"href":"https:\/\/projetosddwb.com.br\/coopermoto\/wp-json\/wp\/v2\/pages\/11","targetHints":{"allow":["GET"]}}],"collection":[{"href":"https:\/\/projetosddwb.com.br\/coopermoto\/wp-json\/wp\/v2\/pages"}],"about":[{"href":"https:\/\/projetosddwb.com.br\/coopermoto\/wp-json\/wp\/v2\/types\/page"}],"author":[{"embeddable":true,"href":"https:\/\/projetosddwb.com.br\/coopermoto\/wp-json\/wp\/v2\/users\/1"}],"replies":[{"embeddable":true,"href":"https:\/\/projetosddwb.com.br\/coopermoto\/wp-json\/wp\/v2\/comments?post=11"}],"version-history":[{"count":40,"href":"https:\/\/projetosddwb.com.br\/coopermoto\/wp-json\/wp\/v2\/pages\/11\/revisions"}],"predecessor-version":[{"id":470,"href":"https:\/\/projetosddwb.com.br\/coopermoto\/wp-json\/wp\/v2\/pages\/11\/revisions\/470"}],"wp:attachment":[{"href":"https:\/\/projetosddwb.com.br\/coopermoto\/wp-json\/wp\/v2\/media?parent=11"}],"curies":[{"name":"wp","href":"https:\/\/api.w.org\/{rel}","templated":true}]}}