{"id":13,"date":"2024-10-24T04:00:53","date_gmt":"2024-10-24T04:00:53","guid":{"rendered":"https:\/\/projetosddwb.com.br\/coopermoto\/?page_id=13"},"modified":"2025-10-27T03:55:21","modified_gmt":"2025-10-27T03:55:21","slug":"servicos","status":"publish","type":"page","link":"https:\/\/projetosddwb.com.br\/coopermoto\/servicos\/","title":{"rendered":"SERVI\u00c7OS"},"content":{"rendered":"\t\t<div data-elementor-type=\"wp-page\" data-elementor-id=\"13\" class=\"elementor elementor-13\" data-elementor-post-type=\"page\">\n\t\t\t\t<div class=\"elementor-element elementor-element-4ead1a90 e-flex e-con-boxed e-con e-parent\" data-id=\"4ead1a90\" data-element_type=\"container\" data-e-type=\"container\" data-settings=\"{&quot;background_background&quot;:&quot;classic&quot;}\">\n\t\t\t\t\t<div class=\"e-con-inner\">\n\t\t\t\t<div class=\"elementor-element elementor-element-78b328d1 elementor-widget elementor-widget-heading\" data-id=\"78b328d1\" data-element_type=\"widget\" data-e-type=\"widget\" data-widget_type=\"heading.default\">\n\t\t\t\t<div class=\"elementor-widget-container\">\n\t\t\t\t\t<h1 class=\"elementor-heading-title elementor-size-default\">Servi\u00e7os de Transporte<\/h1>\t\t\t\t<\/div>\n\t\t\t\t<\/div>\n\t\t\t\t\t<\/div>\n\t\t\t\t<\/div>\n\t\t<div class=\"elementor-element elementor-element-2a24a9a e-flex e-con-boxed e-con e-parent\" data-id=\"2a24a9a\" data-element_type=\"container\" data-e-type=\"container\" data-settings=\"{&quot;background_background&quot;:&quot;classic&quot;}\">\n\t\t\t\t\t<div class=\"e-con-inner\">\n\t\t<div class=\"elementor-element elementor-element-ef6f1d4 e-con-full e-flex e-con e-child\" data-id=\"ef6f1d4\" data-element_type=\"container\" data-e-type=\"container\" data-settings=\"{&quot;background_background&quot;:&quot;classic&quot;}\">\n\t\t\t\t<\/div>\n\t\t<div class=\"elementor-element elementor-element-6a57de5 e-con-full e-flex e-con e-child\" data-id=\"6a57de5\" data-element_type=\"container\" data-e-type=\"container\">\n\t\t\t\t<div class=\"elementor-element elementor-element-55a66f2 elementor-widget elementor-widget-heading\" data-id=\"55a66f2\" data-element_type=\"widget\" data-e-type=\"widget\" data-widget_type=\"heading.default\">\n\t\t\t\t<div class=\"elementor-widget-container\">\n\t\t\t\t\t<h2 class=\"elementor-heading-title elementor-size-default\">Nossos Servi\u00e7os<\/h2>\t\t\t\t<\/div>\n\t\t\t\t<\/div>\n\t\t\t\t<div class=\"elementor-element elementor-element-e304f5b elementor-widget__width-initial elementor-widget-tablet__width-inherit elementor-widget elementor-widget-text-editor\" data-id=\"e304f5b\" data-element_type=\"widget\" data-e-type=\"widget\" data-widget_type=\"text-editor.default\">\n\t\t\t\t<div class=\"elementor-widget-container\">\n\t\t\t\t\t\t\t\t\t<p>A Coopermoto oferece uma gama completa de servi\u00e7os de transporte para atender as suas necessidades, atendemos empresas na regi\u00e3o de Belo Horizonte e Metropolitana. Com um compromisso com a qualidade e a seguran\u00e7a, nossos servi\u00e7os s\u00e3o projetados para fornecer solu\u00e7\u00f5es r\u00e1pidas, confi\u00e1veis e eficientes.<\/p>\t\t\t\t\t\t\t\t<\/div>\n\t\t\t\t<\/div>\n\t\t\t\t<\/div>\n\t\t\t\t\t<\/div>\n\t\t\t\t<\/div>\n\t\t<div class=\"elementor-element elementor-element-751f828 e-flex e-con-boxed e-con e-parent\" data-id=\"751f828\" data-element_type=\"container\" data-e-type=\"container\" data-settings=\"{&quot;background_background&quot;:&quot;classic&quot;}\">\n\t\t\t\t\t<div class=\"e-con-inner\">\n\t\t\t\t<div class=\"elementor-element elementor-element-0165fa5 elementor-widget elementor-widget-heading\" data-id=\"0165fa5\" data-element_type=\"widget\" data-e-type=\"widget\" data-widget_type=\"heading.default\">\n\t\t\t\t<div class=\"elementor-widget-container\">\n\t\t\t\t\t<h2 class=\"elementor-heading-title elementor-size-default\">Conhe\u00e7a mais sobre o que oferecemos<\/h2>\t\t\t\t<\/div>\n\t\t\t\t<\/div>\n\t\t<div class=\"elementor-element elementor-element-a3f0d36 e-con-full e-flex e-con e-child\" data-id=\"a3f0d36\" data-element_type=\"container\" data-e-type=\"container\">\n\t\t\t\t<div class=\"elementor-element elementor-element-355e4f0 elementor-widget__width-inherit elementor-position-top elementor-widget elementor-widget-image-box\" data-id=\"355e4f0\" data-element_type=\"widget\" data-e-type=\"widget\" data-widget_type=\"image-box.default\">\n\t\t\t\t<div class=\"elementor-widget-container\">\n\t\t\t\t\t<div class=\"elementor-image-box-wrapper\"><figure class=\"elementor-image-box-img\"><img fetchpriority=\"high\" decoding=\"async\" width=\"256\" height=\"256\" src=\"https:\/\/projetosddwb.com.br\/coopermoto\/wp-content\/uploads\/2024\/10\/parceria.png\" class=\"attachment-full size-full wp-image-239\" alt=\"\" srcset=\"https:\/\/projetosddwb.com.br\/coopermoto\/wp-content\/uploads\/2024\/10\/parceria.png 256w, https:\/\/projetosddwb.com.br\/coopermoto\/wp-content\/uploads\/2024\/10\/parceria-150x150.png 150w\" sizes=\"(max-width: 256px) 100vw, 256px\" \/><\/figure><div class=\"elementor-image-box-content\"><h3 class=\"elementor-image-box-title\">Transporte para Empresas<\/h3><p class=\"elementor-image-box-description\">Nosso servi\u00e7o de transporte para empresas \u00e9 projetado para atender \u00e0s necessidades de neg\u00f3cios que requerem solu\u00e7\u00f5es log\u00edsticas flex\u00edveis e confi\u00e1veis. <\/p><\/div><\/div>\t\t\t\t<\/div>\n\t\t\t\t<\/div>\n\t\t\t\t<div class=\"elementor-element elementor-element-ae7f767 elementor-widget__width-inherit elementor-position-top elementor-widget elementor-widget-image-box\" data-id=\"ae7f767\" data-element_type=\"widget\" data-e-type=\"widget\" data-widget_type=\"image-box.default\">\n\t\t\t\t<div class=\"elementor-widget-container\">\n\t\t\t\t\t<div class=\"elementor-image-box-wrapper\"><figure class=\"elementor-image-box-img\"><img decoding=\"async\" width=\"256\" height=\"256\" src=\"https:\/\/projetosddwb.com.br\/coopermoto\/wp-content\/uploads\/2024\/10\/calendario.png\" class=\"attachment-full size-full wp-image-240\" alt=\"\" srcset=\"https:\/\/projetosddwb.com.br\/coopermoto\/wp-content\/uploads\/2024\/10\/calendario.png 256w, https:\/\/projetosddwb.com.br\/coopermoto\/wp-content\/uploads\/2024\/10\/calendario-150x150.png 150w\" sizes=\"(max-width: 256px) 100vw, 256px\" \/><\/figure><div class=\"elementor-image-box-content\"><h3 class=\"elementor-image-box-title\">Servi\u00e7os regulares e programados<\/h3><p class=\"elementor-image-box-description\">Solu\u00e7\u00f5es de transporte cont\u00ednuo, ideais para empresas com demandas frequentes e recorrentes.<\/p><\/div><\/div>\t\t\t\t<\/div>\n\t\t\t\t<\/div>\n\t\t\t\t<\/div>\n\t\t<div class=\"elementor-element elementor-element-d0c3c48 e-con-full e-flex e-con e-child\" data-id=\"d0c3c48\" data-element_type=\"container\" data-e-type=\"container\">\n\t\t\t\t<div class=\"elementor-element elementor-element-fe4f75f elementor-widget__width-inherit elementor-position-top elementor-widget elementor-widget-image-box\" data-id=\"fe4f75f\" data-element_type=\"widget\" data-e-type=\"widget\" data-widget_type=\"image-box.default\">\n\t\t\t\t<div class=\"elementor-widget-container\">\n\t\t\t\t\t<div class=\"elementor-image-box-wrapper\"><figure class=\"elementor-image-box-img\"><img decoding=\"async\" width=\"146\" height=\"146\" src=\"https:\/\/projetosddwb.com.br\/coopermoto\/wp-content\/uploads\/2024\/10\/img-solucoes.png\" class=\"attachment-full size-full wp-image-59\" alt=\"\" \/><\/figure><div class=\"elementor-image-box-content\"><h3 class=\"elementor-image-box-title\">Solu\u00e7\u00f5es Personalizadas<\/h3><p class=\"elementor-image-box-description\">Oferecemos solu\u00e7\u00f5es personalizadas que se adaptam \u00e0s demandas espec\u00edficas para cada empresa, garantindo efici\u00eancia e economia.<\/p><\/div><\/div>\t\t\t\t<\/div>\n\t\t\t\t<\/div>\n\t\t\t\t<div class=\"elementor-element elementor-element-1ee1b6c elementor-widget__width-inherit elementor-position-top elementor-widget elementor-widget-image-box\" data-id=\"1ee1b6c\" data-element_type=\"widget\" data-e-type=\"widget\" data-widget_type=\"image-box.default\">\n\t\t\t\t<div class=\"elementor-widget-container\">\n\t\t\t\t\t<div class=\"elementor-image-box-wrapper\"><figure class=\"elementor-image-box-img\"><img loading=\"lazy\" decoding=\"async\" width=\"256\" height=\"256\" src=\"https:\/\/projetosddwb.com.br\/coopermoto\/wp-content\/uploads\/2024\/10\/suporte.png\" class=\"attachment-full size-full wp-image-241\" alt=\"\" srcset=\"https:\/\/projetosddwb.com.br\/coopermoto\/wp-content\/uploads\/2024\/10\/suporte.png 256w, https:\/\/projetosddwb.com.br\/coopermoto\/wp-content\/uploads\/2024\/10\/suporte-150x150.png 150w\" sizes=\"(max-width: 256px) 100vw, 256px\" \/><\/figure><div class=\"elementor-image-box-content\"><h3 class=\"elementor-image-box-title\">Suporte dedicado<\/h3><p class=\"elementor-image-box-description\">Equipe especializada para coordenar e otimizar opera\u00e7\u00f5es, garantindo efici\u00eancia e qualidade nos servi\u00e7os.<\/p><\/div><\/div>\t\t\t\t<\/div>\n\t\t\t\t<\/div>\n\t\t\t\t<\/div>\n\t\t\t\t<div class=\"elementor-element elementor-element-ddb6361 elementor-widget elementor-widget-button\" data-id=\"ddb6361\" data-element_type=\"widget\" data-e-type=\"widget\" data-widget_type=\"button.default\">\n\t\t\t\t<div class=\"elementor-widget-container\">\n\t\t\t\t\t\t\t\t\t<div class=\"elementor-button-wrapper\">\n\t\t\t\t\t<a class=\"elementor-button elementor-button-link elementor-size-sm\" href=\"#\">\n\t\t\t\t\t\t<span class=\"elementor-button-content-wrapper\">\n\t\t\t\t\t\t\t\t\t<span class=\"elementor-button-text\">SAIBA MAIS SOBRE N\u00d3S<\/span>\n\t\t\t\t\t<\/span>\n\t\t\t\t\t<\/a>\n\t\t\t\t<\/div>\n\t\t\t\t\t\t\t\t<\/div>\n\t\t\t\t<\/div>\n\t\t\t\t\t<\/div>\n\t\t\t\t<\/div>\n\t\t<div class=\"elementor-element elementor-element-fba4147 e-flex e-con-boxed e-con e-parent\" data-id=\"fba4147\" data-element_type=\"container\" data-e-type=\"container\" data-settings=\"{&quot;background_background&quot;:&quot;classic&quot;}\">\n\t\t\t\t\t<div class=\"e-con-inner\">\n\t\t<div class=\"elementor-element elementor-element-b906a4a e-con-full e-flex e-con e-child\" data-id=\"b906a4a\" data-element_type=\"container\" data-e-type=\"container\">\n\t\t\t\t<div class=\"elementor-element elementor-element-18fb34b elementor-widget elementor-widget-image\" data-id=\"18fb34b\" data-element_type=\"widget\" data-e-type=\"widget\" data-widget_type=\"image.default\">\n\t\t\t\t<div class=\"elementor-widget-container\">\n\t\t\t\t\t\t\t\t\t\t\t\t\t\t\t<img loading=\"lazy\" decoding=\"async\" width=\"800\" height=\"791\" src=\"https:\/\/projetosddwb.com.br\/coopermoto\/wp-content\/uploads\/2025\/10\/coopermoto-04.png\" class=\"attachment-large size-large wp-image-416\" alt=\"\" srcset=\"https:\/\/projetosddwb.com.br\/coopermoto\/wp-content\/uploads\/2025\/10\/coopermoto-04.png 838w, https:\/\/projetosddwb.com.br\/coopermoto\/wp-content\/uploads\/2025\/10\/coopermoto-04-300x297.png 300w, https:\/\/projetosddwb.com.br\/coopermoto\/wp-content\/uploads\/2025\/10\/coopermoto-04-768x760.png 768w\" sizes=\"(max-width: 800px) 100vw, 800px\" \/>\t\t\t\t\t\t\t\t\t\t\t\t\t\t\t<\/div>\n\t\t\t\t<\/div>\n\t\t\t\t<\/div>\n\t\t<div class=\"elementor-element elementor-element-3c76473 e-con-full e-flex e-con e-child\" data-id=\"3c76473\" data-element_type=\"container\" data-e-type=\"container\">\n\t\t\t\t<div class=\"elementor-element elementor-element-14dd7a6 elementor-widget elementor-widget-heading\" data-id=\"14dd7a6\" data-element_type=\"widget\" data-e-type=\"widget\" data-widget_type=\"heading.default\">\n\t\t\t\t<div class=\"elementor-widget-container\">\n\t\t\t\t\t<h2 class=\"elementor-heading-title elementor-size-default\">Benef\u00edcios<\/h2>\t\t\t\t<\/div>\n\t\t\t\t<\/div>\n\t\t\t\t<div class=\"elementor-element elementor-element-9d52714 elementor-align-center elementor-mobile-align-start elementor-icon-list--layout-traditional elementor-list-item-link-full_width elementor-widget elementor-widget-icon-list\" data-id=\"9d52714\" data-element_type=\"widget\" data-e-type=\"widget\" data-widget_type=\"icon-list.default\">\n\t\t\t\t<div class=\"elementor-widget-container\">\n\t\t\t\t\t\t\t<ul class=\"elementor-icon-list-items\">\n\t\t\t\t\t\t\t<li class=\"elementor-icon-list-item\">\n\t\t\t\t\t\t\t\t\t\t\t<span class=\"elementor-icon-list-icon\">\n\t\t\t\t\t\t\t<i aria-hidden=\"true\" class=\"fas fa-check-double\"><\/i>\t\t\t\t\t\t<\/span>\n\t\t\t\t\t\t\t\t\t\t<span class=\"elementor-icon-list-text\">Melhoria na log\u00edstica e gest\u00e3o de entregas.<\/span>\n\t\t\t\t\t\t\t\t\t<\/li>\n\t\t\t\t\t\t\t\t<li class=\"elementor-icon-list-item\">\n\t\t\t\t\t\t\t\t\t\t\t<span class=\"elementor-icon-list-icon\">\n\t\t\t\t\t\t\t<i aria-hidden=\"true\" class=\"fas fa-check-double\"><\/i>\t\t\t\t\t\t<\/span>\n\t\t\t\t\t\t\t\t\t\t<span class=\"elementor-icon-list-text\">Atendimento especializado e solu\u00e7\u00f5es flex\u00edveis.<\/span>\n\t\t\t\t\t\t\t\t\t<\/li>\n\t\t\t\t\t\t\t\t<li class=\"elementor-icon-list-item\">\n\t\t\t\t\t\t\t\t\t\t\t<span class=\"elementor-icon-list-icon\">\n\t\t\t\t\t\t\t<i aria-hidden=\"true\" class=\"fas fa-check-double\"><\/i>\t\t\t\t\t\t<\/span>\n\t\t\t\t\t\t\t\t\t\t<span class=\"elementor-icon-list-text\">Rela\u00e7\u00e3o custo-benef\u00edcio para empresas de todos os tamanhos.<\/span>\n\t\t\t\t\t\t\t\t\t<\/li>\n\t\t\t\t\t\t<\/ul>\n\t\t\t\t\t\t<\/div>\n\t\t\t\t<\/div>\n\t\t\t\t<div class=\"elementor-element elementor-element-15ec061 elementor-widget__width-initial elementor-widget-tablet__width-inherit elementor-widget elementor-widget-text-editor\" data-id=\"15ec061\" data-element_type=\"widget\" data-e-type=\"widget\" data-widget_type=\"text-editor.default\">\n\t\t\t\t<div class=\"elementor-widget-container\">\n\t\t\t\t\t\t\t\t\t<p><strong>O servi\u00e7o de transporte da Coopermoto<\/strong> \u00e9 a escolha ideal para empresas que precisam de entregas \u00e1geis e seguras. Com uma frota moderna e bem equipada, nossas motofretistas garantem que suas encomendas sejam entregues com total seguran\u00e7a.<\/p>\t\t\t\t\t\t\t\t<\/div>\n\t\t\t\t<\/div>\n\t\t\t\t<div class=\"elementor-element elementor-element-8d279b9 elementor-widget elementor-widget-button\" data-id=\"8d279b9\" data-element_type=\"widget\" data-e-type=\"widget\" data-widget_type=\"button.default\">\n\t\t\t\t<div class=\"elementor-widget-container\">\n\t\t\t\t\t\t\t\t\t<div class=\"elementor-button-wrapper\">\n\t\t\t\t\t<a class=\"elementor-button elementor-button-link elementor-size-sm\" href=\"#\">\n\t\t\t\t\t\t<span class=\"elementor-button-content-wrapper\">\n\t\t\t\t\t\t\t\t\t<span class=\"elementor-button-text\">SAIBA MAIS SOBRE N\u00d3S<\/span>\n\t\t\t\t\t<\/span>\n\t\t\t\t\t<\/a>\n\t\t\t\t<\/div>\n\t\t\t\t\t\t\t\t<\/div>\n\t\t\t\t<\/div>\n\t\t\t\t<\/div>\n\t\t\t\t\t<\/div>\n\t\t\t\t<\/div>\n\t\t\t\t<\/div>\n\t\t","protected":false},"excerpt":{"rendered":"<p>Servi\u00e7os de Transporte Nossos Servi\u00e7os A Coopermoto oferece uma gama completa de servi\u00e7os de transporte para atender as suas necessidades, atendemos empresas na regi\u00e3o de Belo Horizonte e Metropolitana. Com um compromisso com a qualidade e a seguran\u00e7a, nossos servi\u00e7os s\u00e3o projetados para fornecer solu\u00e7\u00f5es r\u00e1pidas, confi\u00e1veis e eficientes. Conhe\u00e7a mais sobre o que oferecemos [&hellip;]<\/p>\n","protected":false},"author":1,"featured_media":0,"parent":0,"menu_order":0,"comment_status":"closed","ping_status":"closed","template":"","meta":{"footnotes":""},"class_list":["post-13","page","type-page","status-publish","hentry"],"_links":{"self":[{"href":"https:\/\/projetosddwb.com.br\/coopermoto\/wp-json\/wp\/v2\/pages\/13","targetHints":{"allow":["GET"]}}],"collection":[{"href":"https:\/\/projetosddwb.com.br\/coopermoto\/wp-json\/wp\/v2\/pages"}],"about":[{"href":"https:\/\/projetosddwb.com.br\/coopermoto\/wp-json\/wp\/v2\/types\/page"}],"author":[{"embeddable":true,"href":"https:\/\/projetosddwb.com.br\/coopermoto\/wp-json\/wp\/v2\/users\/1"}],"replies":[{"embeddable":true,"href":"https:\/\/projetosddwb.com.br\/coopermoto\/wp-json\/wp\/v2\/comments?post=13"}],"version-history":[{"count":44,"href":"https:\/\/projetosddwb.com.br\/coopermoto\/wp-json\/wp\/v2\/pages\/13\/revisions"}],"predecessor-version":[{"id":456,"href":"https:\/\/projetosddwb.com.br\/coopermoto\/wp-json\/wp\/v2\/pages\/13\/revisions\/456"}],"wp:attachment":[{"href":"https:\/\/projetosddwb.com.br\/coopermoto\/wp-json\/wp\/v2\/media?parent=13"}],"curies":[{"name":"wp","href":"https:\/\/api.w.org\/{rel}","templated":true}]}}