{"id":13642,"date":"2022-05-31T00:35:10","date_gmt":"2022-05-31T03:35:10","guid":{"rendered":"http:\/\/23.23.29.48\/?page_id=13642"},"modified":"2022-06-24T16:28:29","modified_gmt":"2022-06-24T19:28:29","slug":"parceiros","status":"publish","type":"page","link":"https:\/\/projetosddwb.com.br\/digiagesiteantigo\/parceiros\/","title":{"rendered":"Parceiros"},"content":{"rendered":"<p>[vc_section][vc_row][vc_column]\r\n\t<div class=\"prelude-spacer clearfix\" data-desktop=\"97\" data-mobi=\"60\" data-smobi=\"60\"><\/div>[vc_row_inner][vc_column_inner width=&#8221;7\/12&#8243;][vc_column_text]<\/p>\n<h3 style=\"max-width: 850px; font-weight: 600; margin-bottom: 0;\"><span style=\"font-weight: 300;\">Um dos <\/span>maiores parceiros da WSO2<span style=\"font-weight: 300;\"> na Am\u00e9rica Latina.<\/span><\/h3>\n<p>[\/vc_column_text]\r\n\t<div class=\"prelude-spacer clearfix\" data-desktop=\"30\" data-mobi=\"30\" data-smobi=\"30\"><\/div>[vc_column_text]<\/p>\n<div>\n<p>Desde o nosso in\u00edcio, em 2015, sempre estivemos com a WSO2. Hoje nos posicionamos como um dos maiores parceiros na Am\u00e9rica Latina e j\u00e1 implementamos projetos com excel\u00eancia para empresas l\u00edderes no Brasil e no mundo, como Honda, Whirpool e Bradesco.<\/p>\n<p>Em 2018, fomos eleitos o parceiro do ano e em 2021, o parceiro que mais se certificou. Nossa expertise em WSO2 nos permite enfrentar qualquer desafio.<\/p>\n<\/div>\n<p>[\/vc_column_text]\r\n\t<div class=\"prelude-spacer clearfix\" data-desktop=\"30\" data-mobi=\"30\" data-smobi=\"30\"><\/div><div style=\"\"><a class=\"prelude-links  link-style-1 accent\" href=\"https:\/\/wso2.com\/\" >\r\n\t\t\t<span class=\"text\" style=\"\">Conhe\u00e7a a WSO2<\/span>\r\n\t\t<\/a><\/div>[\/vc_column_inner][vc_column_inner width=&#8221;1\/12&#8243;][\/vc_column_inner][vc_column_inner width=&#8221;4\/12&#8243;]\r\n\t<div class=\"prelude-spacer clearfix\" data-desktop=\"0\" data-mobi=\"0\" data-smobi=\"30\"><\/div><div class=\"prelude-simple-image  \" data-reveal=\"true\" data-reveal-options='{\"direction\":\"lr\",\"bgcolor\":\"#dddddd\"}' >\r\n\t\t\t\t<figure style=\"\"><img decoding=\"async\" alt=\"image\" src=\"https:\/\/projetosddwb.com.br\/digiagesiteantigo\/wp-content\/uploads\/2022\/05\/wso2-logo-2.png\" \/> <\/figure>\r\n\t\t\t<\/div>[\/vc_column_inner][\/vc_row_inner]<div class=\"prelude-divider divider-center divider-solid\" style=\"margin-top:100px;margin-bottom:100px;\"><\/div><div class=\"clearfix\"><\/div>[vc_row_inner][vc_column_inner width=&#8221;7\/12&#8243;][vc_column_text]<\/p>\n<h3 style=\"max-width: 850px; font-weight: 600; margin-bottom: 0;\"><span style=\"font-weight: 300;\">Constru\u00edmos an\u00e1lises poderosas com <\/span>Databricks.<\/h3>\n<p>[\/vc_column_text]\r\n\t<div class=\"prelude-spacer clearfix\" data-desktop=\"30\" data-mobi=\"30\" data-smobi=\"30\"><\/div>[vc_column_text]A Databricks combina os melhores elementos de Data Lakes e Data Warehouses para fornecer confiabilidade, governan\u00e7a, desempenho, flexibilidade e suporte a aprendizado de m\u00e1quina.[\/vc_column_text]\r\n\t<div class=\"prelude-spacer clearfix\" data-desktop=\"30\" data-mobi=\"30\" data-smobi=\"30\"><\/div><div style=\"\"><a class=\"prelude-links  link-style-1 accent\" href=\"https:\/\/databricks.com\/\" >\r\n\t\t\t<span class=\"text\" style=\"\">Conhe\u00e7a a Databricks<\/span>\r\n\t\t<\/a><\/div>[\/vc_column_inner][vc_column_inner width=&#8221;1\/12&#8243;][\/vc_column_inner][vc_column_inner width=&#8221;4\/12&#8243;]\r\n\t<div class=\"prelude-spacer clearfix\" data-desktop=\"0\" data-mobi=\"0\" data-smobi=\"30\"><\/div><div class=\"prelude-simple-image  \" data-reveal=\"true\" data-reveal-options='{\"direction\":\"lr\",\"bgcolor\":\"#dddddd\"}' >\r\n\t\t\t\t<figure style=\"\"><img decoding=\"async\" alt=\"image\" src=\"https:\/\/projetosddwb.com.br\/digiagesiteantigo\/wp-content\/uploads\/2022\/05\/databricks-logo.png\" \/> <\/figure>\r\n\t\t\t<\/div>[\/vc_column_inner][\/vc_row_inner]<div class=\"prelude-divider divider-center divider-solid\" style=\"margin-top:100px;margin-bottom:100px;\"><\/div><div class=\"clearfix\"><\/div>[vc_row_inner][vc_column_inner width=&#8221;7\/12&#8243;][vc_column_text]<\/p>\n<h3 style=\"max-width: 850px; font-weight: 600; margin-bottom: 0;\"><span style=\"font-weight: 300;\">Aceleramos seu tempo at\u00e9 o <\/span>insight com a Starburst.<\/h3>\n<p>[\/vc_column_text]\r\n\t<div class=\"prelude-spacer clearfix\" data-desktop=\"30\" data-mobi=\"30\" data-smobi=\"30\"><\/div>[vc_column_text]<strong>Hoje somos o \u00fanico parceiro oficial da Starburst na Am\u00e9rica Latina<\/strong>. Essa \u00e9 uma solu\u00e7\u00e3o que cria um ponto \u00fanico de acessos \u00e0s suas m\u00faltiplas fontes de dados, como Data Warehouse, Banco de dados ou Data Lake, por exemplo. Atrav\u00e9s de consultas SQL e o poder de processamento em paralelo, \u00e9 poss\u00edvel fazer consultas anal\u00edticas nos dados da sua empresa, independentemente de onde eles estiverem, e sem a necessidade de mov\u00ea-los ou copi\u00e1-los.<\/p>\n<p>Com isso, h\u00e1 uma redu\u00e7\u00e3o dr\u00e1stica do custo de armazenamento, al\u00e9m da verdadeira federa\u00e7\u00e3o e virtualiza\u00e7\u00e3o dos dados. Como parceiros oficiais da Starburst, implementamos a solu\u00e7\u00e3o fim-a-fim de maneira personalizada ao seu neg\u00f3cio, desde a instala\u00e7\u00e3o at\u00e9 a sustenta\u00e7\u00e3o, entregando agilidade e a redu\u00e7\u00e3o de custos que voc\u00ea precisa.[\/vc_column_text]\r\n\t<div class=\"prelude-spacer clearfix\" data-desktop=\"30\" data-mobi=\"30\" data-smobi=\"30\"><\/div><div style=\"\"><a class=\"prelude-links  link-style-1 accent\" href=\"https:\/\/www.starburst.io\/\" >\r\n\t\t\t<span class=\"text\" style=\"\">Conhe\u00e7a a Starburst<\/span>\r\n\t\t<\/a><\/div>[\/vc_column_inner][vc_column_inner width=&#8221;1\/12&#8243;][\/vc_column_inner][vc_column_inner width=&#8221;4\/12&#8243;]\r\n\t<div class=\"prelude-spacer clearfix\" data-desktop=\"0\" data-mobi=\"0\" data-smobi=\"30\"><\/div><div class=\"prelude-simple-image  \" data-reveal=\"true\" data-reveal-options='{\"direction\":\"lr\",\"bgcolor\":\"#dddddd\"}' >\r\n\t\t\t\t<figure style=\"\"><img decoding=\"async\" alt=\"image\" src=\"https:\/\/projetosddwb.com.br\/digiagesiteantigo\/wp-content\/uploads\/2022\/05\/starburst-logo.png\" \/> <\/figure>\r\n\t\t\t<\/div>[\/vc_column_inner][\/vc_row_inner]<div class=\"prelude-divider divider-center divider-solid\" style=\"margin-top:100px;margin-bottom:100px;\"><\/div><div class=\"clearfix\"><\/div>[vc_row_inner][vc_column_inner width=&#8221;7\/12&#8243;][vc_column_text]<\/p>\n<h3 style=\"max-width: 850px; font-weight: 600; margin-bottom: 0;\"><span style=\"font-weight: 300;\">Somos especialistas em <\/span>reduzir custos na nuvem da Azure.<\/h3>\n<p>[\/vc_column_text]\r\n\t<div class=\"prelude-spacer clearfix\" data-desktop=\"30\" data-mobi=\"30\" data-smobi=\"30\"><\/div>[vc_column_text]<\/p>\n<div>Atualmente Microsoft Partner n\u00edvel Gold em Data Analytics. A gente \u00e9 expert em solu\u00e7\u00f5es Azure para Analytics e redu\u00e7\u00e3o de custos de infraestrutura no Azure. Apoiamos a sua jornada para a nuvem com a migra\u00e7\u00e3o do seu ambiente on-premise.<\/div>\n<p>[\/vc_column_text]\r\n\t<div class=\"prelude-spacer clearfix\" data-desktop=\"30\" data-mobi=\"30\" data-smobi=\"30\"><\/div><div style=\"\"><a class=\"prelude-links  link-style-1 accent\" href=\"https:\/\/azure.microsoft.com\/pt-br\/\" >\r\n\t\t\t<span class=\"text\" style=\"\">Conhe\u00e7a o Microsoft Azure<\/span>\r\n\t\t<\/a><\/div>[\/vc_column_inner][vc_column_inner width=&#8221;1\/12&#8243;][\/vc_column_inner][vc_column_inner width=&#8221;4\/12&#8243;]\r\n\t<div class=\"prelude-spacer clearfix\" data-desktop=\"0\" data-mobi=\"0\" data-smobi=\"30\"><\/div><div class=\"prelude-simple-image  \" data-reveal=\"true\" data-reveal-options='{\"direction\":\"lr\",\"bgcolor\":\"#dddddd\"}' >\r\n\t\t\t\t<figure style=\"\"><img decoding=\"async\" alt=\"image\" src=\"https:\/\/projetosddwb.com.br\/digiagesiteantigo\/wp-content\/uploads\/2022\/05\/microsoft-logo.png\" \/> <\/figure>\r\n\t\t\t<\/div>[\/vc_column_inner][\/vc_row_inner]<div class=\"prelude-divider divider-center divider-solid\" style=\"margin-top:100px;margin-bottom:100px;\"><\/div><div class=\"clearfix\"><\/div>[vc_row_inner][vc_column_inner width=&#8221;7\/12&#8243;][vc_column_text]<\/p>\n<h3 style=\"max-width: 850px; font-weight: 600; margin-bottom: 0;\"><span style=\"font-weight: 300;\">Vamos mais longe com a <\/span>nuvem da AWS.<\/h3>\n<p>[\/vc_column_text]\r\n\t<div class=\"prelude-spacer clearfix\" data-desktop=\"30\" data-mobi=\"30\" data-smobi=\"30\"><\/div>[vc_column_text]A AWS \u00e9 a plataforma de nuvem mais usada no mundo, oferecendo cerca de 200 produtos para as mais diversas finalidades. Ela foi projetada para ser um dos ambientes de computa\u00e7\u00e3o em nuvem mais flex\u00edveis e seguros da atualidade.<\/p>\n<p>Somos parceiros da AWS desde 2021 e atualmente estamos no n\u00edvel Silver. Nossa expertise est\u00e1 focada Analytics &amp; Integrations.[\/vc_column_text]\r\n\t<div class=\"prelude-spacer clearfix\" data-desktop=\"30\" data-mobi=\"30\" data-smobi=\"30\"><\/div><div style=\"\"><a class=\"prelude-links  link-style-1 accent\" href=\"https:\/\/aws.amazon.com\/pt\/\" >\r\n\t\t\t<span class=\"text\" style=\"\">Conhe\u00e7a a AWS<\/span>\r\n\t\t<\/a><\/div>[\/vc_column_inner][vc_column_inner width=&#8221;1\/12&#8243;][\/vc_column_inner][vc_column_inner width=&#8221;4\/12&#8243;]\r\n\t<div class=\"prelude-spacer clearfix\" data-desktop=\"0\" data-mobi=\"0\" data-smobi=\"30\"><\/div><div class=\"prelude-simple-image  \" data-reveal=\"true\" data-reveal-options='{\"direction\":\"lr\",\"bgcolor\":\"#dddddd\"}' >\r\n\t\t\t\t<figure style=\"\"><img decoding=\"async\" alt=\"image\" src=\"https:\/\/projetosddwb.com.br\/digiagesiteantigo\/wp-content\/uploads\/2022\/05\/aws-logo.png\" \/> <\/figure>\r\n\t\t\t<\/div>[\/vc_column_inner][\/vc_row_inner]<div class=\"prelude-divider divider-center divider-solid\" style=\"margin-top:100px;margin-bottom:100px;\"><\/div><div class=\"clearfix\"><\/div>[vc_row_inner][vc_column_inner width=&#8221;7\/12&#8243;][vc_column_text]<\/p>\n<h3 style=\"max-width: 850px; font-weight: 600; margin-bottom: 0;\"><span style=\"font-weight: 300;\">Uma parceria de longa data com a <\/span>Dell Technologies.<\/h3>\n<p>[\/vc_column_text]\r\n\t<div class=\"prelude-spacer clearfix\" data-desktop=\"30\" data-mobi=\"30\" data-smobi=\"30\"><\/div>[vc_column_text]<\/p>\n<div>A Dell foi um dos nossos primeiros parceiros. Com foco em Agile Squads para Data &amp; Analytics, j\u00e1 atendemos grandes empresas atrav\u00e9s da Dell, como Claro, Tim, Vivo e Santander.<\/div>\n<p>[\/vc_column_text]\r\n\t<div class=\"prelude-spacer clearfix\" data-desktop=\"30\" data-mobi=\"30\" data-smobi=\"30\"><\/div><div style=\"\"><a class=\"prelude-links  link-style-1 accent\" href=\"https:\/\/www.dell.com\/\" >\r\n\t\t\t<span class=\"text\" style=\"\">Conhe\u00e7a a Dell<\/span>\r\n\t\t<\/a><\/div>[\/vc_column_inner][vc_column_inner width=&#8221;1\/12&#8243;][\/vc_column_inner][vc_column_inner width=&#8221;4\/12&#8243;]\r\n\t<div class=\"prelude-spacer clearfix\" data-desktop=\"0\" data-mobi=\"0\" data-smobi=\"30\"><\/div><div class=\"prelude-simple-image  \" data-reveal=\"true\" data-reveal-options='{\"direction\":\"lr\",\"bgcolor\":\"#dddddd\"}' >\r\n\t\t\t\t<figure style=\"\"><img decoding=\"async\" alt=\"image\" src=\"https:\/\/projetosddwb.com.br\/digiagesiteantigo\/wp-content\/uploads\/2022\/05\/dell-logo.png\" \/> <\/figure>\r\n\t\t\t<\/div>[\/vc_column_inner][\/vc_row_inner]\r\n\t<div class=\"prelude-spacer clearfix\" data-desktop=\"100\" data-mobi=\"100\" data-smobi=\"100\"><\/div>[\/vc_column][\/vc_row][\/vc_section][vc_row full_width=&#8221;stretch_row&#8221; css=&#8221;.vc_custom_1656098907076{background: #0d0d10 url(https:\/\/projetosddwb.com.br\/digiagesiteantigo\/wp-content\/uploads\/2022\/05\/digiage-textura-03.png?id=13657) !important;background-position: center !important;background-repeat: no-repeat !important;background-size: cover !important;}&#8221;][vc_column]\r\n\t<div class=\"prelude-spacer clearfix\" data-desktop=\"135\" data-mobi=\"60\" data-smobi=\"60\"><\/div>[vc_row_inner][vc_column_inner width=&#8221;7\/12&#8243;][vc_column_text]<\/p>\n<h2 class=\"text-white\" style=\"max-width: 600px; font-weight: 600; margin-bottom: 20px;\"><span style=\"font-weight: 300;\">Vamos falar sobre os <\/span>problemas mais complexos.<\/h2>\n<p>[\/vc_column_text][\/vc_column_inner][vc_column_inner width=&#8221;5\/12&#8243;]\r\n\t<div class=\"prelude-spacer clearfix\" data-desktop=\"90\" data-mobi=\"30\" data-smobi=\"30\"><\/div><div class=\"prelude-align-box text-left\"><div class=\"button-wrap icon-right\" style=\"\" ><a href=\"\/contato\" target=\"_self\" class=\"prelude-button btn-2130886903 medium no_icon custom custom\" style=\"border-radius:3px;\"  data-background=\"#33bcee\" data-text=\"#ffffff\" data-text-hover=\"#39374d\" data-background-hover=\"#ffffff\">\r\n\t\t<span style=\"\">Fale com a gente <\/span>\r\n\t<\/a><\/div><\/div>[\/vc_column_inner][\/vc_row_inner]\r\n\t<div class=\"prelude-spacer clearfix\" data-desktop=\"140\" data-mobi=\"80\" data-smobi=\"80\"><\/div>[\/vc_column][\/vc_row]<\/p>\n","protected":false},"excerpt":{"rendered":"<p>[vc_section][vc_row][vc_column][vc_row_inner][vc_column_inner width=&#8221;7\/12&#8243;][vc_column_text] Um dos maiores parceiros da WSO2 na Am\u00e9rica Latina. [\/vc_column_text][vc_column_text] Desde o nosso in\u00edcio, em 2015, sempre estivemos com a WSO2. Hoje nos posicionamos como um dos maiores parceiros na Am\u00e9rica Latina e j\u00e1 implementamos projetos com excel\u00eancia para empresas l\u00edderes no Brasil e no mundo, como Honda,<\/p>\n","protected":false},"author":2,"featured_media":0,"parent":0,"menu_order":0,"comment_status":"closed","ping_status":"closed","template":"","meta":{"footnotes":""},"class_list":["post-13642","page","type-page","status-publish","hentry"],"yoast_head":"<!-- This site is optimized with the Yoast SEO plugin v27.4 - https:\/\/yoast.com\/product\/yoast-seo-wordpress\/ -->\n<title>Parceiros &#187; Digiage<\/title>\n<meta name=\"description\" content=\"Somos parceiros da WSO2, Databricks, Starbust, Microsoft, AWS e Dell.\" \/>\n<meta name=\"robots\" content=\"index, follow, max-snippet:-1, max-image-preview:large, max-video-preview:-1\" \/>\n<link rel=\"canonical\" href=\"https:\/\/projetosddwb.com.br\/digiagesiteantigo\/parceiros\/\" \/>\n<meta property=\"og:locale\" content=\"pt_BR\" \/>\n<meta property=\"og:type\" content=\"article\" \/>\n<meta property=\"og:title\" content=\"Parceiros &#187; Digiage\" \/>\n<meta property=\"og:description\" content=\"Somos parceiros da WSO2, Databricks, Starbust, Microsoft, AWS e Dell.\" \/>\n<meta property=\"og:url\" content=\"https:\/\/projetosddwb.com.br\/digiagesiteantigo\/parceiros\/\" \/>\n<meta property=\"og:site_name\" content=\"Digiage\" \/>\n<meta property=\"article:modified_time\" content=\"2022-06-24T19:28:29+00:00\" \/>\n<meta name=\"twitter:card\" content=\"summary_large_image\" \/>\n<meta name=\"twitter:label1\" content=\"Est. tempo de leitura\" \/>\n\t<meta name=\"twitter:data1\" content=\"4 minutos\" \/>\n<script type=\"application\/ld+json\" class=\"yoast-schema-graph\">{\"@context\":\"https:\\\/\\\/schema.org\",\"@graph\":[{\"@type\":\"WebPage\",\"@id\":\"https:\\\/\\\/projetosddwb.com.br\\\/digiagesiteantigo\\\/parceiros\\\/\",\"url\":\"https:\\\/\\\/projetosddwb.com.br\\\/digiagesiteantigo\\\/parceiros\\\/\",\"name\":\"Parceiros &#187; Digiage\",\"isPartOf\":{\"@id\":\"https:\\\/\\\/projetosddwb.com.br\\\/digiagesiteantigo\\\/#website\"},\"datePublished\":\"2022-05-31T03:35:10+00:00\",\"dateModified\":\"2022-06-24T19:28:29+00:00\",\"description\":\"Somos parceiros da WSO2, Databricks, Starbust, Microsoft, AWS e Dell.\",\"breadcrumb\":{\"@id\":\"https:\\\/\\\/projetosddwb.com.br\\\/digiagesiteantigo\\\/parceiros\\\/#breadcrumb\"},\"inLanguage\":\"pt-BR\",\"potentialAction\":[{\"@type\":\"ReadAction\",\"target\":[\"https:\\\/\\\/projetosddwb.com.br\\\/digiagesiteantigo\\\/parceiros\\\/\"]}]},{\"@type\":\"BreadcrumbList\",\"@id\":\"https:\\\/\\\/projetosddwb.com.br\\\/digiagesiteantigo\\\/parceiros\\\/#breadcrumb\",\"itemListElement\":[{\"@type\":\"ListItem\",\"position\":1,\"name\":\"In\u00edcio\",\"item\":\"https:\\\/\\\/projetosddwb.com.br\\\/digiagesiteantigo\\\/\"},{\"@type\":\"ListItem\",\"position\":2,\"name\":\"Parceiros\"}]},{\"@type\":\"WebSite\",\"@id\":\"https:\\\/\\\/projetosddwb.com.br\\\/digiagesiteantigo\\\/#website\",\"url\":\"https:\\\/\\\/projetosddwb.com.br\\\/digiagesiteantigo\\\/\",\"name\":\"Digiage\",\"description\":\"API Management &amp; Analytics\",\"potentialAction\":[{\"@type\":\"SearchAction\",\"target\":{\"@type\":\"EntryPoint\",\"urlTemplate\":\"https:\\\/\\\/projetosddwb.com.br\\\/digiagesiteantigo\\\/?s={search_term_string}\"},\"query-input\":{\"@type\":\"PropertyValueSpecification\",\"valueRequired\":true,\"valueName\":\"search_term_string\"}}],\"inLanguage\":\"pt-BR\"}]}<\/script>\n<!-- \/ Yoast SEO plugin. -->","yoast_head_json":{"title":"Parceiros &#187; Digiage","description":"Somos parceiros da WSO2, Databricks, Starbust, Microsoft, AWS e Dell.","robots":{"index":"index","follow":"follow","max-snippet":"max-snippet:-1","max-image-preview":"max-image-preview:large","max-video-preview":"max-video-preview:-1"},"canonical":"https:\/\/projetosddwb.com.br\/digiagesiteantigo\/parceiros\/","og_locale":"pt_BR","og_type":"article","og_title":"Parceiros &#187; Digiage","og_description":"Somos parceiros da WSO2, Databricks, Starbust, Microsoft, AWS e Dell.","og_url":"https:\/\/projetosddwb.com.br\/digiagesiteantigo\/parceiros\/","og_site_name":"Digiage","article_modified_time":"2022-06-24T19:28:29+00:00","twitter_card":"summary_large_image","twitter_misc":{"Est. tempo de leitura":"4 minutos"},"schema":{"@context":"https:\/\/schema.org","@graph":[{"@type":"WebPage","@id":"https:\/\/projetosddwb.com.br\/digiagesiteantigo\/parceiros\/","url":"https:\/\/projetosddwb.com.br\/digiagesiteantigo\/parceiros\/","name":"Parceiros &#187; Digiage","isPartOf":{"@id":"https:\/\/projetosddwb.com.br\/digiagesiteantigo\/#website"},"datePublished":"2022-05-31T03:35:10+00:00","dateModified":"2022-06-24T19:28:29+00:00","description":"Somos parceiros da WSO2, Databricks, Starbust, Microsoft, AWS e Dell.","breadcrumb":{"@id":"https:\/\/projetosddwb.com.br\/digiagesiteantigo\/parceiros\/#breadcrumb"},"inLanguage":"pt-BR","potentialAction":[{"@type":"ReadAction","target":["https:\/\/projetosddwb.com.br\/digiagesiteantigo\/parceiros\/"]}]},{"@type":"BreadcrumbList","@id":"https:\/\/projetosddwb.com.br\/digiagesiteantigo\/parceiros\/#breadcrumb","itemListElement":[{"@type":"ListItem","position":1,"name":"In\u00edcio","item":"https:\/\/projetosddwb.com.br\/digiagesiteantigo\/"},{"@type":"ListItem","position":2,"name":"Parceiros"}]},{"@type":"WebSite","@id":"https:\/\/projetosddwb.com.br\/digiagesiteantigo\/#website","url":"https:\/\/projetosddwb.com.br\/digiagesiteantigo\/","name":"Digiage","description":"API Management &amp; Analytics","potentialAction":[{"@type":"SearchAction","target":{"@type":"EntryPoint","urlTemplate":"https:\/\/projetosddwb.com.br\/digiagesiteantigo\/?s={search_term_string}"},"query-input":{"@type":"PropertyValueSpecification","valueRequired":true,"valueName":"search_term_string"}}],"inLanguage":"pt-BR"}]}},"_hostinger_reach_plugin_has_subscription_block":false,"_hostinger_reach_plugin_is_elementor":false,"jetpack_sharing_enabled":true,"_links":{"self":[{"href":"https:\/\/projetosddwb.com.br\/digiagesiteantigo\/wp-json\/wp\/v2\/pages\/13642","targetHints":{"allow":["GET"]}}],"collection":[{"href":"https:\/\/projetosddwb.com.br\/digiagesiteantigo\/wp-json\/wp\/v2\/pages"}],"about":[{"href":"https:\/\/projetosddwb.com.br\/digiagesiteantigo\/wp-json\/wp\/v2\/types\/page"}],"author":[{"embeddable":true,"href":"https:\/\/projetosddwb.com.br\/digiagesiteantigo\/wp-json\/wp\/v2\/users\/2"}],"replies":[{"embeddable":true,"href":"https:\/\/projetosddwb.com.br\/digiagesiteantigo\/wp-json\/wp\/v2\/comments?post=13642"}],"version-history":[{"count":58,"href":"https:\/\/projetosddwb.com.br\/digiagesiteantigo\/wp-json\/wp\/v2\/pages\/13642\/revisions"}],"predecessor-version":[{"id":14684,"href":"https:\/\/projetosddwb.com.br\/digiagesiteantigo\/wp-json\/wp\/v2\/pages\/13642\/revisions\/14684"}],"wp:attachment":[{"href":"https:\/\/projetosddwb.com.br\/digiagesiteantigo\/wp-json\/wp\/v2\/media?parent=13642"}],"curies":[{"name":"wp","href":"https:\/\/api.w.org\/{rel}","templated":true}]}}