{"id":14488,"date":"2022-06-09T12:17:20","date_gmt":"2022-06-09T15:17:20","guid":{"rendered":"http:\/\/23.23.29.48\/?page_id=14488"},"modified":"2022-06-24T16:27:50","modified_gmt":"2022-06-24T19:27:50","slug":"socios","status":"publish","type":"page","link":"https:\/\/projetosddwb.com.br\/digiagesiteantigo\/es-es\/socios\/","title":{"rendered":"Socios"},"content":{"rendered":"<p>[vc_section][vc_row][vc_column]\r\n\t<div class=\"prelude-spacer clearfix\" data-desktop=\"97\" data-mobi=\"60\" data-smobi=\"60\"><\/div>[vc_row_inner][vc_column_inner width=&#8221;7\/12&#8243;][vc_column_text]<\/p>\n<h3 style=\"max-width: 850px; font-weight: 600; margin-bottom: 0;\"><span style=\"font-weight: 300;\">Uno de los <\/span>mayores socios de WSO2<span style=\"font-weight: 300;\"> en Am\u00e9rica Latina.<\/span><\/h3>\n<p>[\/vc_column_text]\r\n\t<div class=\"prelude-spacer clearfix\" data-desktop=\"30\" data-mobi=\"30\" data-smobi=\"30\"><\/div>[vc_column_text]<\/p>\n<div>\n<p>Desde nuestros inicios en 2015, siempre hemos estado con WSO2. Hoy nos posicionamos como uno de los mayores socios de Am\u00e9rica Latina y ya implementamos proyectos con excelencia para empresas l\u00edderes en Brasil y en el mundo, como Honda, Whirpool y Bradesco.<\/p>\n<p>En 2018 fuimos elegidos socio del a\u00f1o y en 2021 socio con m\u00e1s certificaciones. Nuestra experiencia en WSO2 nos permite enfrentar cualquier desaf\u00edo.<\/p>\n<\/div>\n<p>[\/vc_column_text]\r\n\t<div class=\"prelude-spacer clearfix\" data-desktop=\"30\" data-mobi=\"30\" data-smobi=\"30\"><\/div><div style=\"\"><a class=\"prelude-links  link-style-1 accent\" href=\"https:\/\/wso2.com\/\" >\r\n\t\t\t<span class=\"text\" style=\"\">Descubre WSO2<\/span>\r\n\t\t<\/a><\/div>[\/vc_column_inner][vc_column_inner width=&#8221;1\/12&#8243;][\/vc_column_inner][vc_column_inner width=&#8221;4\/12&#8243;]\r\n\t<div class=\"prelude-spacer clearfix\" data-desktop=\"0\" data-mobi=\"0\" data-smobi=\"30\"><\/div><div class=\"prelude-simple-image  \" data-reveal=\"true\" data-reveal-options='{\"direction\":\"lr\",\"bgcolor\":\"#dddddd\"}' >\r\n\t\t\t\t<figure style=\"\"><img decoding=\"async\" alt=\"image\" src=\"https:\/\/projetosddwb.com.br\/digiagesiteantigo\/wp-content\/uploads\/2022\/05\/wso2-logo-2.png\" \/> <\/figure>\r\n\t\t\t<\/div>[\/vc_column_inner][\/vc_row_inner]<div class=\"prelude-divider divider-center divider-solid\" style=\"margin-top:100px;margin-bottom:100px;\"><\/div><div class=\"clearfix\"><\/div>[vc_row_inner][vc_column_inner width=&#8221;7\/12&#8243;][vc_column_text]<\/p>\n<h3 style=\"max-width: 850px; font-weight: 600; margin-bottom: 0;\"><span style=\"font-weight: 300;\">Creamos potentes an\u00e1lisis con <\/span>Databricks.<\/h3>\n<p>[\/vc_column_text]\r\n\t<div class=\"prelude-spacer clearfix\" data-desktop=\"30\" data-mobi=\"30\" data-smobi=\"30\"><\/div>[vc_column_text]Databricks combina los mejores elementos de Data Lakes y Data Warehouse para brindar confiabilidad, gobernanza, rendimiento, flexibilidad y soporte de aprendizaje autom\u00e1tico.[\/vc_column_text]\r\n\t<div class=\"prelude-spacer clearfix\" data-desktop=\"30\" data-mobi=\"30\" data-smobi=\"30\"><\/div><div style=\"\"><a class=\"prelude-links  link-style-1 accent\" href=\"https:\/\/databricks.com\/\" >\r\n\t\t\t<span class=\"text\" style=\"\">Descubre Databricks<\/span>\r\n\t\t<\/a><\/div>[\/vc_column_inner][vc_column_inner width=&#8221;1\/12&#8243;][\/vc_column_inner][vc_column_inner width=&#8221;4\/12&#8243;]\r\n\t<div class=\"prelude-spacer clearfix\" data-desktop=\"0\" data-mobi=\"0\" data-smobi=\"30\"><\/div><div class=\"prelude-simple-image  \" data-reveal=\"true\" data-reveal-options='{\"direction\":\"lr\",\"bgcolor\":\"#dddddd\"}' >\r\n\t\t\t\t<figure style=\"\"><img decoding=\"async\" alt=\"image\" src=\"https:\/\/projetosddwb.com.br\/digiagesiteantigo\/wp-content\/uploads\/2022\/05\/databricks-logo.png\" \/> <\/figure>\r\n\t\t\t<\/div>[\/vc_column_inner][\/vc_row_inner]<div class=\"prelude-divider divider-center divider-solid\" style=\"margin-top:100px;margin-bottom:100px;\"><\/div><div class=\"clearfix\"><\/div>[vc_row_inner][vc_column_inner width=&#8221;7\/12&#8243;][vc_column_text]<\/p>\n<h3 style=\"max-width: 850px; font-weight: 600; margin-bottom: 0;\"><span style=\"font-weight: 300;\">Aceleramos su tiempo de <\/span>insight con Starburst.<\/h3>\n<p>[\/vc_column_text]\r\n\t<div class=\"prelude-spacer clearfix\" data-desktop=\"30\" data-mobi=\"30\" data-smobi=\"30\"><\/div>[vc_column_text]<strong>Hoy somos el \u00fanico socio oficial de Starburst en Am\u00e9rica Latina.<\/strong> Esta es una soluci\u00f3n que crea un \u00fanico punto de acceso a sus m\u00faltiples fuentes de datos, como Data Warehouse, Database o Data Lake, por ejemplo. A trav\u00e9s de consultas SQL y el poder de procesamiento paralelo, puede ejecutar consultas anal\u00edticas sobre los datos de su empresa, sin importar d\u00f3nde residan y sin necesidad de moverlos o copiarlos.<\/p>\n<p>Como resultado, hay una reducci\u00f3n dr\u00e1stica en el costo del almacenamiento, adem\u00e1s de una verdadera federaci\u00f3n y virtualizaci\u00f3n de datos. Como socios oficiales de Starburst, implementamos la soluci\u00f3n de extremo a extremo adaptada a su negocio, desde la instalaci\u00f3n hasta el soporte, brindando la agilidad y la reducci\u00f3n de costos que necesita.[\/vc_column_text]\r\n\t<div class=\"prelude-spacer clearfix\" data-desktop=\"30\" data-mobi=\"30\" data-smobi=\"30\"><\/div><div style=\"\"><a class=\"prelude-links  link-style-1 accent\" href=\"https:\/\/www.starburst.io\/\" >\r\n\t\t\t<span class=\"text\" style=\"\">Descubre Starburst<\/span>\r\n\t\t<\/a><\/div>[\/vc_column_inner][vc_column_inner width=&#8221;1\/12&#8243;][\/vc_column_inner][vc_column_inner width=&#8221;4\/12&#8243;]\r\n\t<div class=\"prelude-spacer clearfix\" data-desktop=\"0\" data-mobi=\"0\" data-smobi=\"30\"><\/div><div class=\"prelude-simple-image  \" data-reveal=\"true\" data-reveal-options='{\"direction\":\"lr\",\"bgcolor\":\"#dddddd\"}' >\r\n\t\t\t\t<figure style=\"\"><img decoding=\"async\" alt=\"image\" src=\"https:\/\/projetosddwb.com.br\/digiagesiteantigo\/wp-content\/uploads\/2022\/05\/starburst-logo.png\" \/> <\/figure>\r\n\t\t\t<\/div>[\/vc_column_inner][\/vc_row_inner]<div class=\"prelude-divider divider-center divider-solid\" style=\"margin-top:100px;margin-bottom:100px;\"><\/div><div class=\"clearfix\"><\/div>[vc_row_inner][vc_column_inner width=&#8221;7\/12&#8243;][vc_column_text]<\/p>\n<h3 style=\"max-width: 850px; font-weight: 600; margin-bottom: 0;\"><span style=\"font-weight: 300;\">Somos expertos en <\/span>reducir costes en la nube de Azure.<\/h3>\n<p>[\/vc_column_text]\r\n\t<div class=\"prelude-spacer clearfix\" data-desktop=\"30\" data-mobi=\"30\" data-smobi=\"30\"><\/div>[vc_column_text]<\/p>\n<div>Actualmente nivel Microsoft Partner Gold en Data Analytics. Somos expertos en soluciones Azure para Analytics y reducci\u00f3n de costos de infraestructura en Azure. Apoyamos su viaje a la nube mediante la migraci\u00f3n de su entorno local.<\/div>\n<p>[\/vc_column_text]\r\n\t<div class=\"prelude-spacer clearfix\" data-desktop=\"30\" data-mobi=\"30\" data-smobi=\"30\"><\/div><div style=\"\"><a class=\"prelude-links  link-style-1 accent\" href=\"https:\/\/azure.microsoft.com\/pt-br\/\" >\r\n\t\t\t<span class=\"text\" style=\"\">Descubre Microsoft Azure<\/span>\r\n\t\t<\/a><\/div>[\/vc_column_inner][vc_column_inner width=&#8221;1\/12&#8243;][\/vc_column_inner][vc_column_inner width=&#8221;4\/12&#8243;]\r\n\t<div class=\"prelude-spacer clearfix\" data-desktop=\"0\" data-mobi=\"0\" data-smobi=\"30\"><\/div><div class=\"prelude-simple-image  \" data-reveal=\"true\" data-reveal-options='{\"direction\":\"lr\",\"bgcolor\":\"#dddddd\"}' >\r\n\t\t\t\t<figure style=\"\"><img decoding=\"async\" alt=\"image\" src=\"https:\/\/projetosddwb.com.br\/digiagesiteantigo\/wp-content\/uploads\/2022\/05\/microsoft-logo.png\" \/> <\/figure>\r\n\t\t\t<\/div>[\/vc_column_inner][\/vc_row_inner]<div class=\"prelude-divider divider-center divider-solid\" style=\"margin-top:100px;margin-bottom:100px;\"><\/div><div class=\"clearfix\"><\/div>[vc_row_inner][vc_column_inner width=&#8221;7\/12&#8243;][vc_column_text]<\/p>\n<h3 style=\"max-width: 850px; font-weight: 600; margin-bottom: 0;\"><span style=\"font-weight: 300;\">Vamos m\u00e1s all\u00e1 con la <\/span>nube de AWS.<\/h3>\n<p>[\/vc_column_text]\r\n\t<div class=\"prelude-spacer clearfix\" data-desktop=\"30\" data-mobi=\"30\" data-smobi=\"30\"><\/div>[vc_column_text]AWS es la plataforma en la nube m\u00e1s utilizada del mundo, ofreciendo alrededor de 200 productos para los m\u00e1s diversos prop\u00f3sitos. Est\u00e1 dise\u00f1ado para ser uno de los entornos inform\u00e1ticos en la nube m\u00e1s flexibles y seguros de la actualidad.<\/p>\n<p>Somos socios de AWS desde 2021 y actualmente estamos en el nivel Silver. Nuestra experiencia se centra en an\u00e1lisis e integraciones.[\/vc_column_text]\r\n\t<div class=\"prelude-spacer clearfix\" data-desktop=\"30\" data-mobi=\"30\" data-smobi=\"30\"><\/div><div style=\"\"><a class=\"prelude-links  link-style-1 accent\" href=\"https:\/\/aws.amazon.com\/pt\/\" >\r\n\t\t\t<span class=\"text\" style=\"\">Descubre AWS<\/span>\r\n\t\t<\/a><\/div>[\/vc_column_inner][vc_column_inner width=&#8221;1\/12&#8243;][\/vc_column_inner][vc_column_inner width=&#8221;4\/12&#8243;]\r\n\t<div class=\"prelude-spacer clearfix\" data-desktop=\"0\" data-mobi=\"0\" data-smobi=\"30\"><\/div><div class=\"prelude-simple-image  \" data-reveal=\"true\" data-reveal-options='{\"direction\":\"lr\",\"bgcolor\":\"#dddddd\"}' >\r\n\t\t\t\t<figure style=\"\"><img decoding=\"async\" alt=\"image\" src=\"https:\/\/projetosddwb.com.br\/digiagesiteantigo\/wp-content\/uploads\/2022\/05\/aws-logo.png\" \/> <\/figure>\r\n\t\t\t<\/div>[\/vc_column_inner][\/vc_row_inner]<div class=\"prelude-divider divider-center divider-solid\" style=\"margin-top:100px;margin-bottom:100px;\"><\/div><div class=\"clearfix\"><\/div>[vc_row_inner][vc_column_inner width=&#8221;7\/12&#8243;][vc_column_text]<\/p>\n<h3 style=\"max-width: 850px; font-weight: 600; margin-bottom: 0;\"><span style=\"font-weight: 300;\">Una asociaci\u00f3n de larga data con <\/span>Dell Technologies.<\/h3>\n<p>[\/vc_column_text]\r\n\t<div class=\"prelude-spacer clearfix\" data-desktop=\"30\" data-mobi=\"30\" data-smobi=\"30\"><\/div>[vc_column_text]<\/p>\n<div>Dell fue uno de nuestros primeros socios. Centr\u00e1ndonos en Agile Squads for Data &amp; Analytics, ya hemos atendido a grandes empresas a trav\u00e9s de Dell, como Claro, Tim, Vivo y Santander.<\/div>\n<p>[\/vc_column_text]\r\n\t<div class=\"prelude-spacer clearfix\" data-desktop=\"30\" data-mobi=\"30\" data-smobi=\"30\"><\/div><div style=\"\"><a class=\"prelude-links  link-style-1 accent\" href=\"https:\/\/www.dell.com\/\" >\r\n\t\t\t<span class=\"text\" style=\"\">Descubre Dell<\/span>\r\n\t\t<\/a><\/div>[\/vc_column_inner][vc_column_inner width=&#8221;1\/12&#8243;][\/vc_column_inner][vc_column_inner width=&#8221;4\/12&#8243;]\r\n\t<div class=\"prelude-spacer clearfix\" data-desktop=\"0\" data-mobi=\"0\" data-smobi=\"30\"><\/div><div class=\"prelude-simple-image  \" data-reveal=\"true\" data-reveal-options='{\"direction\":\"lr\",\"bgcolor\":\"#dddddd\"}' >\r\n\t\t\t\t<figure style=\"\"><img decoding=\"async\" alt=\"image\" src=\"https:\/\/projetosddwb.com.br\/digiagesiteantigo\/wp-content\/uploads\/2022\/05\/dell-logo.png\" \/> <\/figure>\r\n\t\t\t<\/div>[\/vc_column_inner][\/vc_row_inner]\r\n\t<div class=\"prelude-spacer clearfix\" data-desktop=\"100\" data-mobi=\"100\" data-smobi=\"100\"><\/div>[\/vc_column][\/vc_row][\/vc_section][vc_row full_width=&#8221;stretch_row&#8221; css=&#8221;.vc_custom_1656098867455{background: #0d0d10 url(https:\/\/projetosddwb.com.br\/digiagesiteantigo\/wp-content\/uploads\/2022\/05\/digiage-textura-03.png?id=13657) !important;background-position: center !important;background-repeat: no-repeat !important;background-size: cover !important;}&#8221;][vc_column]\r\n\t<div class=\"prelude-spacer clearfix\" data-desktop=\"135\" data-mobi=\"60\" data-smobi=\"60\"><\/div>[vc_row_inner][vc_column_inner width=&#8221;7\/12&#8243;][vc_column_text]<\/p>\n<h2 class=\"text-white\" style=\"max-width: 600px; font-weight: 600; margin-bottom: 20px;\"><span style=\"font-weight: 300;\">Hablemos de los <\/span>problemas m\u00e1s complejos.<\/h2>\n<p>[\/vc_column_text][\/vc_column_inner][vc_column_inner width=&#8221;5\/12&#8243;]\r\n\t<div class=\"prelude-spacer clearfix\" data-desktop=\"90\" data-mobi=\"30\" data-smobi=\"30\"><\/div><div class=\"prelude-align-box text-left\"><div class=\"button-wrap icon-right\" style=\"\" ><a href=\"\/es-es\/contacto\" target=\"_self\" class=\"prelude-button btn-925655419 medium no_icon custom custom\" style=\"border-radius:3px;\"  data-background=\"#33bcee\" data-text=\"#ffffff\" data-text-hover=\"#39374d\" data-background-hover=\"#ffffff\">\r\n\t\t<span style=\"\">H\u00e1blanos <\/span>\r\n\t<\/a><\/div><\/div>[\/vc_column_inner][\/vc_row_inner]\r\n\t<div class=\"prelude-spacer clearfix\" data-desktop=\"140\" data-mobi=\"80\" data-smobi=\"80\"><\/div>[\/vc_column][\/vc_row]<\/p>\n","protected":false},"excerpt":{"rendered":"<p>[vc_section][vc_row][vc_column][vc_row_inner][vc_column_inner width=&#8221;7\/12&#8243;][vc_column_text] Uno de los mayores socios de WSO2 en Am\u00e9rica Latina. [\/vc_column_text][vc_column_text] Desde nuestros inicios en 2015, siempre hemos estado con WSO2. Hoy nos posicionamos como uno de los mayores socios de Am\u00e9rica Latina y ya implementamos proyectos con excelencia para empresas l\u00edderes en Brasil y en el mundo,<\/p>\n","protected":false},"author":2,"featured_media":0,"parent":14425,"menu_order":0,"comment_status":"closed","ping_status":"closed","template":"","meta":{"footnotes":""},"class_list":["post-14488","page","type-page","status-publish","hentry"],"yoast_head":"<!-- This site is optimized with the Yoast SEO plugin v27.4 - https:\/\/yoast.com\/product\/yoast-seo-wordpress\/ -->\n<title>Socios &#187; Digiage<\/title>\n<meta name=\"robots\" content=\"index, follow, max-snippet:-1, max-image-preview:large, max-video-preview:-1\" \/>\n<link rel=\"canonical\" href=\"https:\/\/projetosddwb.com.br\/digiagesiteantigo\/es-es\/socios\/\" \/>\n<meta property=\"og:locale\" content=\"pt_BR\" \/>\n<meta property=\"og:type\" content=\"article\" \/>\n<meta property=\"og:title\" content=\"Socios &#187; Digiage\" \/>\n<meta property=\"og:description\" content=\"[vc_section][vc_row][vc_column][vc_row_inner][vc_column_inner width=&#8221;7\/12&#8243;][vc_column_text] Uno de los mayores socios de WSO2 en Am\u00e9rica Latina. [\/vc_column_text][vc_column_text] Desde nuestros inicios en 2015, siempre hemos estado con WSO2. Hoy nos posicionamos como uno de los mayores socios de Am\u00e9rica Latina y ya implementamos proyectos con excelencia para empresas l\u00edderes en Brasil y en el mundo,\" \/>\n<meta property=\"og:url\" content=\"https:\/\/projetosddwb.com.br\/digiagesiteantigo\/es-es\/socios\/\" \/>\n<meta property=\"og:site_name\" content=\"Digiage\" \/>\n<meta property=\"article:modified_time\" content=\"2022-06-24T19:27:50+00:00\" \/>\n<meta name=\"twitter:card\" content=\"summary_large_image\" \/>\n<meta name=\"twitter:label1\" content=\"Est. tempo de leitura\" \/>\n\t<meta name=\"twitter:data1\" content=\"4 minutos\" \/>\n<script type=\"application\/ld+json\" class=\"yoast-schema-graph\">{\"@context\":\"https:\\\/\\\/schema.org\",\"@graph\":[{\"@type\":\"WebPage\",\"@id\":\"https:\\\/\\\/projetosddwb.com.br\\\/digiagesiteantigo\\\/es-es\\\/socios\\\/\",\"url\":\"https:\\\/\\\/projetosddwb.com.br\\\/digiagesiteantigo\\\/es-es\\\/socios\\\/\",\"name\":\"Socios &#187; Digiage\",\"isPartOf\":{\"@id\":\"https:\\\/\\\/projetosddwb.com.br\\\/digiagesiteantigo\\\/#website\"},\"datePublished\":\"2022-06-09T15:17:20+00:00\",\"dateModified\":\"2022-06-24T19:27:50+00:00\",\"breadcrumb\":{\"@id\":\"https:\\\/\\\/projetosddwb.com.br\\\/digiagesiteantigo\\\/es-es\\\/socios\\\/#breadcrumb\"},\"inLanguage\":\"pt-BR\",\"potentialAction\":[{\"@type\":\"ReadAction\",\"target\":[\"https:\\\/\\\/projetosddwb.com.br\\\/digiagesiteantigo\\\/es-es\\\/socios\\\/\"]}]},{\"@type\":\"BreadcrumbList\",\"@id\":\"https:\\\/\\\/projetosddwb.com.br\\\/digiagesiteantigo\\\/es-es\\\/socios\\\/#breadcrumb\",\"itemListElement\":[{\"@type\":\"ListItem\",\"position\":1,\"name\":\"In\u00edcio\",\"item\":\"https:\\\/\\\/projetosddwb.com.br\\\/digiagesiteantigo\\\/\"},{\"@type\":\"ListItem\",\"position\":2,\"name\":\"P\u00e1gina de inicio &#8211; Espa\u00f1ol\",\"item\":\"https:\\\/\\\/projetosddwb.com.br\\\/digiagesiteantigo\\\/es-es\\\/\"},{\"@type\":\"ListItem\",\"position\":3,\"name\":\"Socios\"}]},{\"@type\":\"WebSite\",\"@id\":\"https:\\\/\\\/projetosddwb.com.br\\\/digiagesiteantigo\\\/#website\",\"url\":\"https:\\\/\\\/projetosddwb.com.br\\\/digiagesiteantigo\\\/\",\"name\":\"Digiage\",\"description\":\"API Management &amp; Analytics\",\"potentialAction\":[{\"@type\":\"SearchAction\",\"target\":{\"@type\":\"EntryPoint\",\"urlTemplate\":\"https:\\\/\\\/projetosddwb.com.br\\\/digiagesiteantigo\\\/?s={search_term_string}\"},\"query-input\":{\"@type\":\"PropertyValueSpecification\",\"valueRequired\":true,\"valueName\":\"search_term_string\"}}],\"inLanguage\":\"pt-BR\"}]}<\/script>\n<!-- \/ Yoast SEO plugin. -->","yoast_head_json":{"title":"Socios &#187; Digiage","robots":{"index":"index","follow":"follow","max-snippet":"max-snippet:-1","max-image-preview":"max-image-preview:large","max-video-preview":"max-video-preview:-1"},"canonical":"https:\/\/projetosddwb.com.br\/digiagesiteantigo\/es-es\/socios\/","og_locale":"pt_BR","og_type":"article","og_title":"Socios &#187; Digiage","og_description":"[vc_section][vc_row][vc_column][vc_row_inner][vc_column_inner width=&#8221;7\/12&#8243;][vc_column_text] Uno de los mayores socios de WSO2 en Am\u00e9rica Latina. [\/vc_column_text][vc_column_text] Desde nuestros inicios en 2015, siempre hemos estado con WSO2. Hoy nos posicionamos como uno de los mayores socios de Am\u00e9rica Latina y ya implementamos proyectos con excelencia para empresas l\u00edderes en Brasil y en el mundo,","og_url":"https:\/\/projetosddwb.com.br\/digiagesiteantigo\/es-es\/socios\/","og_site_name":"Digiage","article_modified_time":"2022-06-24T19:27:50+00:00","twitter_card":"summary_large_image","twitter_misc":{"Est. tempo de leitura":"4 minutos"},"schema":{"@context":"https:\/\/schema.org","@graph":[{"@type":"WebPage","@id":"https:\/\/projetosddwb.com.br\/digiagesiteantigo\/es-es\/socios\/","url":"https:\/\/projetosddwb.com.br\/digiagesiteantigo\/es-es\/socios\/","name":"Socios &#187; Digiage","isPartOf":{"@id":"https:\/\/projetosddwb.com.br\/digiagesiteantigo\/#website"},"datePublished":"2022-06-09T15:17:20+00:00","dateModified":"2022-06-24T19:27:50+00:00","breadcrumb":{"@id":"https:\/\/projetosddwb.com.br\/digiagesiteantigo\/es-es\/socios\/#breadcrumb"},"inLanguage":"pt-BR","potentialAction":[{"@type":"ReadAction","target":["https:\/\/projetosddwb.com.br\/digiagesiteantigo\/es-es\/socios\/"]}]},{"@type":"BreadcrumbList","@id":"https:\/\/projetosddwb.com.br\/digiagesiteantigo\/es-es\/socios\/#breadcrumb","itemListElement":[{"@type":"ListItem","position":1,"name":"In\u00edcio","item":"https:\/\/projetosddwb.com.br\/digiagesiteantigo\/"},{"@type":"ListItem","position":2,"name":"P\u00e1gina de inicio &#8211; Espa\u00f1ol","item":"https:\/\/projetosddwb.com.br\/digiagesiteantigo\/es-es\/"},{"@type":"ListItem","position":3,"name":"Socios"}]},{"@type":"WebSite","@id":"https:\/\/projetosddwb.com.br\/digiagesiteantigo\/#website","url":"https:\/\/projetosddwb.com.br\/digiagesiteantigo\/","name":"Digiage","description":"API Management &amp; Analytics","potentialAction":[{"@type":"SearchAction","target":{"@type":"EntryPoint","urlTemplate":"https:\/\/projetosddwb.com.br\/digiagesiteantigo\/?s={search_term_string}"},"query-input":{"@type":"PropertyValueSpecification","valueRequired":true,"valueName":"search_term_string"}}],"inLanguage":"pt-BR"}]}},"_hostinger_reach_plugin_has_subscription_block":false,"_hostinger_reach_plugin_is_elementor":false,"jetpack_sharing_enabled":true,"_links":{"self":[{"href":"https:\/\/projetosddwb.com.br\/digiagesiteantigo\/wp-json\/wp\/v2\/pages\/14488","targetHints":{"allow":["GET"]}}],"collection":[{"href":"https:\/\/projetosddwb.com.br\/digiagesiteantigo\/wp-json\/wp\/v2\/pages"}],"about":[{"href":"https:\/\/projetosddwb.com.br\/digiagesiteantigo\/wp-json\/wp\/v2\/types\/page"}],"author":[{"embeddable":true,"href":"https:\/\/projetosddwb.com.br\/digiagesiteantigo\/wp-json\/wp\/v2\/users\/2"}],"replies":[{"embeddable":true,"href":"https:\/\/projetosddwb.com.br\/digiagesiteantigo\/wp-json\/wp\/v2\/comments?post=14488"}],"version-history":[{"count":8,"href":"https:\/\/projetosddwb.com.br\/digiagesiteantigo\/wp-json\/wp\/v2\/pages\/14488\/revisions"}],"predecessor-version":[{"id":14683,"href":"https:\/\/projetosddwb.com.br\/digiagesiteantigo\/wp-json\/wp\/v2\/pages\/14488\/revisions\/14683"}],"up":[{"embeddable":true,"href":"https:\/\/projetosddwb.com.br\/digiagesiteantigo\/wp-json\/wp\/v2\/pages\/14425"}],"wp:attachment":[{"href":"https:\/\/projetosddwb.com.br\/digiagesiteantigo\/wp-json\/wp\/v2\/media?parent=14488"}],"curies":[{"name":"wp","href":"https:\/\/api.w.org\/{rel}","templated":true}]}}