{"id":1441,"date":"2025-02-03T23:11:10","date_gmt":"2025-02-04T02:11:10","guid":{"rendered":"https:\/\/projetosddwb.com.br\/hsol\/?page_id=1441"},"modified":"2025-02-21T00:32:50","modified_gmt":"2025-02-21T03:32:50","slug":"universidade-biolab-genericos-qualificacao-continua-para-profissionais-da-saude","status":"publish","type":"page","link":"https:\/\/projetosddwb.com.br\/hsol\/universidade-biolab-genericos-qualificacao-continua-para-profissionais-da-saude\/","title":{"rendered":"Universidade Biolab Gen\u00e9ricos \u2013 Qualifica\u00e7\u00e3o cont\u00ednua para profissionais da sa\u00fade"},"content":{"rendered":"\t\t<div data-elementor-type=\"wp-page\" data-elementor-id=\"1441\" class=\"elementor elementor-1441\" data-elementor-post-type=\"page\">\n\t\t\t\t<div class=\"elementor-element elementor-element-2ba03e9 e-flex e-con-boxed e-con e-parent\" data-id=\"2ba03e9\" data-element_type=\"container\">\n\t\t\t\t\t<div class=\"e-con-inner\">\n\t\t\t\t<div class=\"elementor-element elementor-element-1f4cb0b elementor-arrows-position-outside elementor-pagination-position-outside elementor-widget elementor-widget-image-carousel\" data-id=\"1f4cb0b\" data-element_type=\"widget\" data-settings=\"{&quot;slides_to_show&quot;:&quot;1&quot;,&quot;navigation&quot;:&quot;both&quot;,&quot;autoplay&quot;:&quot;yes&quot;,&quot;pause_on_hover&quot;:&quot;yes&quot;,&quot;pause_on_interaction&quot;:&quot;yes&quot;,&quot;autoplay_speed&quot;:5000,&quot;infinite&quot;:&quot;yes&quot;,&quot;effect&quot;:&quot;slide&quot;,&quot;speed&quot;:500}\" data-widget_type=\"image-carousel.default\">\n\t\t\t\t<div class=\"elementor-widget-container\">\n\t\t\t\t\t\t\t<div class=\"elementor-image-carousel-wrapper swiper\" role=\"region\" aria-roledescription=\"carousel\" aria-label=\"Carrossel de imagens\" dir=\"ltr\">\n\t\t\t<div class=\"elementor-image-carousel swiper-wrapper\" aria-live=\"off\">\n\t\t\t\t\t\t\t\t<div class=\"swiper-slide\" role=\"group\" aria-roledescription=\"slide\" aria-label=\"1 de 3\"><figure class=\"swiper-slide-inner\"><img decoding=\"async\" class=\"swiper-slide-image\" src=\"https:\/\/projetosddwb.com.br\/hsol\/wp-content\/uploads\/2025\/02\/Biolad_1.png\" alt=\"Biolad_1\" \/><\/figure><\/div><div class=\"swiper-slide\" role=\"group\" aria-roledescription=\"slide\" aria-label=\"2 de 3\"><figure class=\"swiper-slide-inner\"><img decoding=\"async\" class=\"swiper-slide-image\" src=\"https:\/\/projetosddwb.com.br\/hsol\/wp-content\/uploads\/2025\/02\/Biolad_2.png\" alt=\"Biolad_2\" \/><\/figure><\/div><div class=\"swiper-slide\" role=\"group\" aria-roledescription=\"slide\" aria-label=\"3 de 3\"><figure class=\"swiper-slide-inner\"><img decoding=\"async\" class=\"swiper-slide-image\" src=\"https:\/\/projetosddwb.com.br\/hsol\/wp-content\/uploads\/2025\/02\/Biolad_3.png\" alt=\"Biolad_3\" \/><\/figure><\/div>\t\t\t<\/div>\n\t\t\t\t\t\t\t\t\t\t\t\t<div class=\"elementor-swiper-button elementor-swiper-button-prev\" role=\"button\" tabindex=\"0\">\n\t\t\t\t\t\t<svg aria-hidden=\"true\" class=\"e-font-icon-svg e-eicon-chevron-left\" viewBox=\"0 0 1000 1000\" xmlns=\"http:\/\/www.w3.org\/2000\/svg\"><path d=\"M646 125C629 125 613 133 604 142L308 442C296 454 292 471 292 487 292 504 296 521 308 533L604 854C617 867 629 875 646 875 663 875 679 871 692 858 704 846 713 829 713 812 713 796 708 779 692 767L438 487 692 225C700 217 708 204 708 187 708 171 704 154 692 142 675 129 663 125 646 125Z\"><\/path><\/svg>\t\t\t\t\t<\/div>\n\t\t\t\t\t<div class=\"elementor-swiper-button elementor-swiper-button-next\" role=\"button\" tabindex=\"0\">\n\t\t\t\t\t\t<svg aria-hidden=\"true\" class=\"e-font-icon-svg e-eicon-chevron-right\" viewBox=\"0 0 1000 1000\" xmlns=\"http:\/\/www.w3.org\/2000\/svg\"><path d=\"M696 533C708 521 713 504 713 487 713 471 708 454 696 446L400 146C388 133 375 125 354 125 338 125 325 129 313 142 300 154 292 171 292 187 292 204 296 221 308 233L563 492 304 771C292 783 288 800 288 817 288 833 296 850 308 863 321 871 338 875 354 875 371 875 388 867 400 854L696 533Z\"><\/path><\/svg>\t\t\t\t\t<\/div>\n\t\t\t\t\n\t\t\t\t\t\t\t\t\t<div class=\"swiper-pagination\"><\/div>\n\t\t\t\t\t\t\t\t\t<\/div>\n\t\t\t\t\t\t<\/div>\n\t\t\t\t<\/div>\n\t\t\t\t\t<\/div>\n\t\t\t\t<\/div>\n\t\t<div class=\"elementor-element elementor-element-1fbfd30 e-flex e-con-boxed e-con e-parent\" data-id=\"1fbfd30\" data-element_type=\"container\" data-settings=\"{&quot;background_background&quot;:&quot;classic&quot;}\">\n\t\t\t\t\t<div class=\"e-con-inner\">\n\t\t\t\t<div class=\"elementor-element elementor-element-9b12b77 elementor-widget elementor-widget-heading\" data-id=\"9b12b77\" data-element_type=\"widget\" data-widget_type=\"heading.default\">\n\t\t\t\t<div class=\"elementor-widget-container\">\n\t\t\t\t\t<h3 class=\"elementor-heading-title elementor-size-default\">Universidade Biolab Gen\u00e9ricos \u2013 Qualifica\u00e7\u00e3o cont\u00ednua para profissionais da sa\u00fade<\/h3>\t\t\t\t<\/div>\n\t\t\t\t<\/div>\n\t\t\t\t\t<\/div>\n\t\t\t\t<\/div>\n\t\t<div class=\"elementor-element elementor-element-388b75f e-flex e-con-boxed e-con e-parent\" data-id=\"388b75f\" data-element_type=\"container\">\n\t\t\t\t\t<div class=\"e-con-inner\">\n\t\t<div class=\"elementor-element elementor-element-98ea703 e-con-full e-flex e-con e-child\" data-id=\"98ea703\" data-element_type=\"container\">\n\t\t\t\t<div class=\"elementor-element elementor-element-c8d7341 elementor-widget elementor-widget-text-editor\" data-id=\"c8d7341\" data-element_type=\"widget\" data-widget_type=\"text-editor.default\">\n\t\t\t\t<div class=\"elementor-widget-container\">\n\t\t\t\t\t\t\t\t\t<p><span style=\"font-weight: 400;\">A Universidade Biolab Gen\u00e9ricos \u00e9 a plataforma educacional dedicada \u00e0 capacita\u00e7\u00e3o de colaboradores da Biolab. Com um ambiente digital intuitivo e interativo, o portal mant\u00e9m os profissionais sempre atualizados sobre produtos, pol\u00edticas corporativas e informa\u00e7\u00f5es t\u00e9cnicas essenciais para o seu dia a dia.<\/span><\/p><p><span style=\"font-weight: 400;\">Por meio de treinamentos estruturados e conte\u00fados de alta qualidade, a plataforma fortalece a especializa\u00e7\u00e3o dos colaboradores e contribui para a excel\u00eancia e efici\u00eancia no setor farmac\u00eautico.<\/span><\/p><p><span style=\"font-weight: 400;\">\ud83d\udd17<\/span> <b>Acesso p\u00fablico<\/b><span style=\"font-weight: 400;\">: <a href=\"https:\/\/universidadebiolabgx.com.br\" target=\"_blank\" rel=\"noopener\">https:\/\/universidadebiolabgx.com.br<\/a><\/span><\/p>\t\t\t\t\t\t\t\t<\/div>\n\t\t\t\t<\/div>\n\t\t\t\t<div class=\"elementor-element elementor-element-97db666 elementor-mobile-align-center elementor-widget elementor-widget-button\" data-id=\"97db666\" data-element_type=\"widget\" data-widget_type=\"button.default\">\n\t\t\t\t<div class=\"elementor-widget-container\">\n\t\t\t\t\t\t\t\t\t<div class=\"elementor-button-wrapper\">\n\t\t\t\t\t<a class=\"elementor-button elementor-button-link elementor-size-sm\" href=\"https:\/\/projetosddwb.com.br\/hsol\/educacao-corporativa\/#cases\">\n\t\t\t\t\t\t<span class=\"elementor-button-content-wrapper\">\n\t\t\t\t\t\t<span class=\"elementor-button-icon\">\n\t\t\t\t<svg aria-hidden=\"true\" class=\"e-font-icon-svg e-fas-chevron-left\" viewBox=\"0 0 320 512\" xmlns=\"http:\/\/www.w3.org\/2000\/svg\"><path d=\"M34.52 239.03L228.87 44.69c9.37-9.37 24.57-9.37 33.94 0l22.67 22.67c9.36 9.36 9.37 24.52.04 33.9L131.49 256l154.02 154.75c9.34 9.38 9.32 24.54-.04 33.9l-22.67 22.67c-9.37 9.37-24.57 9.37-33.94 0L34.52 272.97c-9.37-9.37-9.37-24.57 0-33.94z\"><\/path><\/svg>\t\t\t<\/span>\n\t\t\t\t\t\t\t\t\t<span class=\"elementor-button-text\">Voltar<\/span>\n\t\t\t\t\t<\/span>\n\t\t\t\t\t<\/a>\n\t\t\t\t<\/div>\n\t\t\t\t\t\t\t\t<\/div>\n\t\t\t\t<\/div>\n\t\t\t\t<\/div>\n\t\t\t\t\t<\/div>\n\t\t\t\t<\/div>\n\t\t\t\t<\/div>\n\t\t","protected":false},"excerpt":{"rendered":"<p>A Universidade Biolab Gen\u00e9ricos \u00e9 a plataforma educacional dedicada \u00e0 capacita\u00e7\u00e3o de colaboradores da Biolab. Com um ambiente digital intuitivo e interativo, o portal mant\u00e9m os profissionais sempre atualizados sobre produtos, pol\u00edticas corporativas e informa\u00e7\u00f5es t\u00e9cnicas essenciais para o seu dia a dia. Por meio de treinamentos estruturados e conte\u00fados de alta qualidade, a plataforma [&hellip;]<\/p>\n","protected":false},"author":1,"featured_media":0,"parent":0,"menu_order":0,"comment_status":"closed","ping_status":"closed","template":"","meta":{"_acf_changed":false,"footnotes":""},"class_list":["post-1441","page","type-page","status-publish","hentry"],"acf":[],"yoast_head":"<!-- This site is optimized with the Yoast SEO plugin v24.6 - https:\/\/yoast.com\/wordpress\/plugins\/seo\/ -->\n<title>Universidade Biolab Gen\u00e9ricos \u2013 Qualifica\u00e7\u00e3o cont\u00ednua para profissionais da sa\u00fade - HSol<\/title>\n<meta name=\"robots\" content=\"index, follow, max-snippet:-1, max-image-preview:large, max-video-preview:-1\" \/>\n<link rel=\"canonical\" href=\"https:\/\/projetosddwb.com.br\/hsol\/universidade-biolab-genericos-qualificacao-continua-para-profissionais-da-saude\/\" \/>\n<meta property=\"og:locale\" content=\"pt_BR\" \/>\n<meta property=\"og:type\" content=\"article\" \/>\n<meta property=\"og:title\" content=\"Universidade Biolab Gen\u00e9ricos \u2013 Qualifica\u00e7\u00e3o cont\u00ednua para profissionais da sa\u00fade - HSol\" \/>\n<meta property=\"og:description\" content=\"A Universidade Biolab Gen\u00e9ricos \u00e9 a plataforma educacional dedicada \u00e0 capacita\u00e7\u00e3o de colaboradores da Biolab. Com um ambiente digital intuitivo e interativo, o portal mant\u00e9m os profissionais sempre atualizados sobre produtos, pol\u00edticas corporativas e informa\u00e7\u00f5es t\u00e9cnicas essenciais para o seu dia a dia. Por meio de treinamentos estruturados e conte\u00fados de alta qualidade, a plataforma [&hellip;]\" \/>\n<meta property=\"og:url\" content=\"https:\/\/projetosddwb.com.br\/hsol\/universidade-biolab-genericos-qualificacao-continua-para-profissionais-da-saude\/\" \/>\n<meta property=\"og:site_name\" content=\"HSol\" \/>\n<meta property=\"article:modified_time\" content=\"2025-02-21T03:32:50+00:00\" \/>\n<meta property=\"og:image\" content=\"https:\/\/projetosddwb.com.br\/hsol\/wp-content\/uploads\/2025\/02\/Biolad_1.png\" \/>\n<meta name=\"twitter:card\" content=\"summary_large_image\" \/>\n<meta name=\"twitter:label1\" content=\"Est. tempo de leitura\" \/>\n\t<meta name=\"twitter:data1\" content=\"2 minutos\" \/>\n<script type=\"application\/ld+json\" class=\"yoast-schema-graph\">{\"@context\":\"https:\/\/schema.org\",\"@graph\":[{\"@type\":\"WebPage\",\"@id\":\"https:\/\/projetosddwb.com.br\/hsol\/universidade-biolab-genericos-qualificacao-continua-para-profissionais-da-saude\/\",\"url\":\"https:\/\/projetosddwb.com.br\/hsol\/universidade-biolab-genericos-qualificacao-continua-para-profissionais-da-saude\/\",\"name\":\"Universidade Biolab Gen\u00e9ricos \u2013 Qualifica\u00e7\u00e3o cont\u00ednua para profissionais da sa\u00fade - HSol\",\"isPartOf\":{\"@id\":\"https:\/\/projetosddwb.com.br\/hsol\/#website\"},\"primaryImageOfPage\":{\"@id\":\"https:\/\/projetosddwb.com.br\/hsol\/universidade-biolab-genericos-qualificacao-continua-para-profissionais-da-saude\/#primaryimage\"},\"image\":{\"@id\":\"https:\/\/projetosddwb.com.br\/hsol\/universidade-biolab-genericos-qualificacao-continua-para-profissionais-da-saude\/#primaryimage\"},\"thumbnailUrl\":\"https:\/\/projetosddwb.com.br\/hsol\/wp-content\/uploads\/2025\/02\/Biolad_1.png\",\"datePublished\":\"2025-02-04T02:11:10+00:00\",\"dateModified\":\"2025-02-21T03:32:50+00:00\",\"breadcrumb\":{\"@id\":\"https:\/\/projetosddwb.com.br\/hsol\/universidade-biolab-genericos-qualificacao-continua-para-profissionais-da-saude\/#breadcrumb\"},\"inLanguage\":\"pt-BR\",\"potentialAction\":[{\"@type\":\"ReadAction\",\"target\":[\"https:\/\/projetosddwb.com.br\/hsol\/universidade-biolab-genericos-qualificacao-continua-para-profissionais-da-saude\/\"]}]},{\"@type\":\"ImageObject\",\"inLanguage\":\"pt-BR\",\"@id\":\"https:\/\/projetosddwb.com.br\/hsol\/universidade-biolab-genericos-qualificacao-continua-para-profissionais-da-saude\/#primaryimage\",\"url\":\"https:\/\/projetosddwb.com.br\/hsol\/wp-content\/uploads\/2025\/02\/Biolad_1.png\",\"contentUrl\":\"https:\/\/projetosddwb.com.br\/hsol\/wp-content\/uploads\/2025\/02\/Biolad_1.png\",\"width\":1137,\"height\":707},{\"@type\":\"BreadcrumbList\",\"@id\":\"https:\/\/projetosddwb.com.br\/hsol\/universidade-biolab-genericos-qualificacao-continua-para-profissionais-da-saude\/#breadcrumb\",\"itemListElement\":[{\"@type\":\"ListItem\",\"position\":1,\"name\":\"Home\",\"item\":\"https:\/\/projetosddwb.com.br\/hsol\/\"},{\"@type\":\"ListItem\",\"position\":2,\"name\":\"Universidade Biolab Gen\u00e9ricos \u2013 Qualifica\u00e7\u00e3o cont\u00ednua para profissionais da sa\u00fade\"}]},{\"@type\":\"WebSite\",\"@id\":\"https:\/\/projetosddwb.com.br\/hsol\/#website\",\"url\":\"https:\/\/projetosddwb.com.br\/hsol\/\",\"name\":\"HSol\",\"description\":\"\",\"publisher\":{\"@id\":\"https:\/\/projetosddwb.com.br\/hsol\/#organization\"},\"potentialAction\":[{\"@type\":\"SearchAction\",\"target\":{\"@type\":\"EntryPoint\",\"urlTemplate\":\"https:\/\/projetosddwb.com.br\/hsol\/?s={search_term_string}\"},\"query-input\":{\"@type\":\"PropertyValueSpecification\",\"valueRequired\":true,\"valueName\":\"search_term_string\"}}],\"inLanguage\":\"pt-BR\"},{\"@type\":\"Organization\",\"@id\":\"https:\/\/projetosddwb.com.br\/hsol\/#organization\",\"name\":\"HSol\",\"url\":\"https:\/\/projetosddwb.com.br\/hsol\/\",\"logo\":{\"@type\":\"ImageObject\",\"inLanguage\":\"pt-BR\",\"@id\":\"https:\/\/projetosddwb.com.br\/hsol\/#\/schema\/logo\/image\/\",\"url\":\"https:\/\/projetosddwb.com.br\/hsol\/wp-content\/uploads\/2024\/12\/hsol-2.png\",\"contentUrl\":\"https:\/\/projetosddwb.com.br\/hsol\/wp-content\/uploads\/2024\/12\/hsol-2.png\",\"width\":132,\"height\":104,\"caption\":\"HSol\"},\"image\":{\"@id\":\"https:\/\/projetosddwb.com.br\/hsol\/#\/schema\/logo\/image\/\"}}]}<\/script>\n<!-- \/ Yoast SEO plugin. -->","yoast_head_json":{"title":"Universidade Biolab Gen\u00e9ricos \u2013 Qualifica\u00e7\u00e3o cont\u00ednua para profissionais da sa\u00fade - HSol","robots":{"index":"index","follow":"follow","max-snippet":"max-snippet:-1","max-image-preview":"max-image-preview:large","max-video-preview":"max-video-preview:-1"},"canonical":"https:\/\/projetosddwb.com.br\/hsol\/universidade-biolab-genericos-qualificacao-continua-para-profissionais-da-saude\/","og_locale":"pt_BR","og_type":"article","og_title":"Universidade Biolab Gen\u00e9ricos \u2013 Qualifica\u00e7\u00e3o cont\u00ednua para profissionais da sa\u00fade - HSol","og_description":"A Universidade Biolab Gen\u00e9ricos \u00e9 a plataforma educacional dedicada \u00e0 capacita\u00e7\u00e3o de colaboradores da Biolab. Com um ambiente digital intuitivo e interativo, o portal mant\u00e9m os profissionais sempre atualizados sobre produtos, pol\u00edticas corporativas e informa\u00e7\u00f5es t\u00e9cnicas essenciais para o seu dia a dia. Por meio de treinamentos estruturados e conte\u00fados de alta qualidade, a plataforma [&hellip;]","og_url":"https:\/\/projetosddwb.com.br\/hsol\/universidade-biolab-genericos-qualificacao-continua-para-profissionais-da-saude\/","og_site_name":"HSol","article_modified_time":"2025-02-21T03:32:50+00:00","og_image":[{"url":"https:\/\/projetosddwb.com.br\/hsol\/wp-content\/uploads\/2025\/02\/Biolad_1.png","type":"","width":"","height":""}],"twitter_card":"summary_large_image","twitter_misc":{"Est. tempo de leitura":"2 minutos"},"schema":{"@context":"https:\/\/schema.org","@graph":[{"@type":"WebPage","@id":"https:\/\/projetosddwb.com.br\/hsol\/universidade-biolab-genericos-qualificacao-continua-para-profissionais-da-saude\/","url":"https:\/\/projetosddwb.com.br\/hsol\/universidade-biolab-genericos-qualificacao-continua-para-profissionais-da-saude\/","name":"Universidade Biolab Gen\u00e9ricos \u2013 Qualifica\u00e7\u00e3o cont\u00ednua para profissionais da sa\u00fade - HSol","isPartOf":{"@id":"https:\/\/projetosddwb.com.br\/hsol\/#website"},"primaryImageOfPage":{"@id":"https:\/\/projetosddwb.com.br\/hsol\/universidade-biolab-genericos-qualificacao-continua-para-profissionais-da-saude\/#primaryimage"},"image":{"@id":"https:\/\/projetosddwb.com.br\/hsol\/universidade-biolab-genericos-qualificacao-continua-para-profissionais-da-saude\/#primaryimage"},"thumbnailUrl":"https:\/\/projetosddwb.com.br\/hsol\/wp-content\/uploads\/2025\/02\/Biolad_1.png","datePublished":"2025-02-04T02:11:10+00:00","dateModified":"2025-02-21T03:32:50+00:00","breadcrumb":{"@id":"https:\/\/projetosddwb.com.br\/hsol\/universidade-biolab-genericos-qualificacao-continua-para-profissionais-da-saude\/#breadcrumb"},"inLanguage":"pt-BR","potentialAction":[{"@type":"ReadAction","target":["https:\/\/projetosddwb.com.br\/hsol\/universidade-biolab-genericos-qualificacao-continua-para-profissionais-da-saude\/"]}]},{"@type":"ImageObject","inLanguage":"pt-BR","@id":"https:\/\/projetosddwb.com.br\/hsol\/universidade-biolab-genericos-qualificacao-continua-para-profissionais-da-saude\/#primaryimage","url":"https:\/\/projetosddwb.com.br\/hsol\/wp-content\/uploads\/2025\/02\/Biolad_1.png","contentUrl":"https:\/\/projetosddwb.com.br\/hsol\/wp-content\/uploads\/2025\/02\/Biolad_1.png","width":1137,"height":707},{"@type":"BreadcrumbList","@id":"https:\/\/projetosddwb.com.br\/hsol\/universidade-biolab-genericos-qualificacao-continua-para-profissionais-da-saude\/#breadcrumb","itemListElement":[{"@type":"ListItem","position":1,"name":"Home","item":"https:\/\/projetosddwb.com.br\/hsol\/"},{"@type":"ListItem","position":2,"name":"Universidade Biolab Gen\u00e9ricos \u2013 Qualifica\u00e7\u00e3o cont\u00ednua para profissionais da sa\u00fade"}]},{"@type":"WebSite","@id":"https:\/\/projetosddwb.com.br\/hsol\/#website","url":"https:\/\/projetosddwb.com.br\/hsol\/","name":"HSol","description":"","publisher":{"@id":"https:\/\/projetosddwb.com.br\/hsol\/#organization"},"potentialAction":[{"@type":"SearchAction","target":{"@type":"EntryPoint","urlTemplate":"https:\/\/projetosddwb.com.br\/hsol\/?s={search_term_string}"},"query-input":{"@type":"PropertyValueSpecification","valueRequired":true,"valueName":"search_term_string"}}],"inLanguage":"pt-BR"},{"@type":"Organization","@id":"https:\/\/projetosddwb.com.br\/hsol\/#organization","name":"HSol","url":"https:\/\/projetosddwb.com.br\/hsol\/","logo":{"@type":"ImageObject","inLanguage":"pt-BR","@id":"https:\/\/projetosddwb.com.br\/hsol\/#\/schema\/logo\/image\/","url":"https:\/\/projetosddwb.com.br\/hsol\/wp-content\/uploads\/2024\/12\/hsol-2.png","contentUrl":"https:\/\/projetosddwb.com.br\/hsol\/wp-content\/uploads\/2024\/12\/hsol-2.png","width":132,"height":104,"caption":"HSol"},"image":{"@id":"https:\/\/projetosddwb.com.br\/hsol\/#\/schema\/logo\/image\/"}}]}},"_links":{"self":[{"href":"https:\/\/projetosddwb.com.br\/hsol\/wp-json\/wp\/v2\/pages\/1441","targetHints":{"allow":["GET"]}}],"collection":[{"href":"https:\/\/projetosddwb.com.br\/hsol\/wp-json\/wp\/v2\/pages"}],"about":[{"href":"https:\/\/projetosddwb.com.br\/hsol\/wp-json\/wp\/v2\/types\/page"}],"author":[{"embeddable":true,"href":"https:\/\/projetosddwb.com.br\/hsol\/wp-json\/wp\/v2\/users\/1"}],"replies":[{"embeddable":true,"href":"https:\/\/projetosddwb.com.br\/hsol\/wp-json\/wp\/v2\/comments?post=1441"}],"version-history":[{"count":34,"href":"https:\/\/projetosddwb.com.br\/hsol\/wp-json\/wp\/v2\/pages\/1441\/revisions"}],"predecessor-version":[{"id":2443,"href":"https:\/\/projetosddwb.com.br\/hsol\/wp-json\/wp\/v2\/pages\/1441\/revisions\/2443"}],"wp:attachment":[{"href":"https:\/\/projetosddwb.com.br\/hsol\/wp-json\/wp\/v2\/media?parent=1441"}],"curies":[{"name":"wp","href":"https:\/\/api.w.org\/{rel}","templated":true}]}}