{"id":1908,"date":"2025-02-17T21:38:06","date_gmt":"2025-02-18T00:38:06","guid":{"rendered":"https:\/\/projetosddwb.com.br\/hsol\/?page_id=1908"},"modified":"2025-02-21T00:14:05","modified_gmt":"2025-02-21T03:14:05","slug":"politica-de-privacidade","status":"publish","type":"page","link":"https:\/\/projetosddwb.com.br\/hsol\/politica-de-privacidade\/","title":{"rendered":"Pol\u00edtica de Privacidade"},"content":{"rendered":"\t\t<div data-elementor-type=\"wp-page\" data-elementor-id=\"1908\" class=\"elementor elementor-1908\" data-elementor-post-type=\"page\">\n\t\t\t\t<div class=\"elementor-element elementor-element-4b9d501 e-flex e-con-boxed e-con e-parent\" data-id=\"4b9d501\" data-element_type=\"container\">\n\t\t\t\t\t<div class=\"e-con-inner\">\n\t\t\t\t<div class=\"elementor-element elementor-element-a9076b5 elementor-widget elementor-widget-heading\" data-id=\"a9076b5\" data-element_type=\"widget\" data-widget_type=\"heading.default\">\n\t\t\t\t<div class=\"elementor-widget-container\">\n\t\t\t\t\t<h2 class=\"elementor-heading-title elementor-size-default\">POL\u00cdTICA DE PRIVACIDADE\n\n\n<\/h2>\t\t\t\t<\/div>\n\t\t\t\t<\/div>\n\t\t\t\t<div class=\"elementor-element elementor-element-2b475f3 elementor-widget elementor-widget-text-editor\" data-id=\"2b475f3\" data-element_type=\"widget\" data-widget_type=\"text-editor.default\">\n\t\t\t\t<div class=\"elementor-widget-container\">\n\t\t\t\t\t\t\t\t\t<p><span style=\"font-weight: 400;\">Aqui na <\/span><b>HSOL INCENTIVE PERFORMANCE S\/A <\/b><span style=\"font-weight: 400;\">a prote\u00e7\u00e3o com seus dados pessoais e sua privacidade \u00e9 a nossa prioridade. Por isso, apenas os utilizamos de forma consciente.\u00a0<\/span><\/p><p><span style=\"font-weight: 400;\">Para esclarecer a forma de como os dados pessoais s\u00e3o tratados e captados, apresentamos nossa pol\u00edtica de privacidade. Por\u00e9m, antes de tudo, vale relembrar: o que s\u00e3o dados pessoais?\u00a0<\/span><\/p><p><span style=\"font-weight: 400;\">&#8211; Dado pessoal \u00e9 toda informa\u00e7\u00e3o relacionada a pessoa natural identificada ou identific\u00e1vel. Ou seja, s\u00e3o informa\u00e7\u00f5es que identificam uma pessoa, como seu nome, RG, CPF, endere\u00e7o, telefone, etc.\u00a0\u00a0<\/span><\/p><p><span style=\"font-weight: 400;\">Esta pol\u00edtica de privacidade se aplica a todos que de alguma forma interagirem conosco, utilizando nossos servi\u00e7os, acessando nosso site, consumindo materiais informativos.\u00a0<\/span><\/p><p><span style=\"font-weight: 400;\">Sendo assim, antes de navegar em nosso website \u00e9 recomend\u00e1vel que leia nossa pol\u00edtica e analise as condi\u00e7\u00f5es que ser\u00e3o descritas a seguir:\u00a0<\/span><\/p><p>\u00a0<\/p><p><b>1- OBJETIVO DA PRESENTE POL\u00cdTICA DE PRIVACIDADE<\/b><\/p><p><span style=\"font-weight: 400;\">A HSOL est\u00e1 comprometido com a conscientiza\u00e7\u00e3o dos usu\u00e1rios de seu site, representantes, parceiros de neg\u00f3cio, s\u00f3cios ou quaisquer outros indiv\u00edduos relacionados aos clientes pessoas jur\u00eddicas da HSOL (\u201cTitular dos Dados\u201d, \u201cTitular\u201d ou \u201cvoc\u00ea\u201d), em rela\u00e7\u00e3o aos dados pessoais tratados por n\u00f3s.<\/span><\/p><p><span style=\"font-weight: 400;\">Com o compromisso de respeitar a sua privacidade e prezar pela transpar\u00eancia, a HSOL criou essa pol\u00edtica de privacidade (\u201cPol\u00edtica de Privacidade\u201d) para proporcionar a voc\u00ea um claro entendimento sobre como n\u00f3s tratamos os seus dados pessoais. Para mais informa\u00e7\u00f5es acerca do tratamento de dados pessoais, entre em contato com a Encarregada atrav\u00e9s do e-mail\u00a0<\/span><a href=\"mailto:privacidade@hsolmkt.com.br\"><span style=\"font-weight: 400;\">privacidade@hsolmkt.com.br<\/span><\/a><span style=\"font-weight: 400;\">.\u00a0<\/span><\/p><p>\u00a0<\/p><p><b>2- QUAIS DADOS PESSOAIS SER\u00c3O TRATADOS?<\/b><\/p><p><span style=\"font-weight: 400;\">Nos limites permitidos pela legisla\u00e7\u00e3o aplic\u00e1vel e conforme o seu relacionamento conosco, trataremos os dados pessoais descritos abaixo:<\/span><\/p><p><b>Dados de identifica\u00e7\u00e3o, qualifica\u00e7\u00e3o e contato:<\/b><span style=\"font-weight: 400;\">\u00a0nome completo; endere\u00e7o; data de nascimento; nacionalidade; dados de documento(s) de identifica\u00e7\u00e3o (tais como RG, CPF, CNH, conforme aplic\u00e1vel), endere\u00e7o de e-mail; n\u00famero do telefone.<\/span><\/p><p><span style=\"font-weight: 400;\">N\u00f3s podemos coletar essas informa\u00e7\u00f5es de diversas formas: diretamente com o Titular dos Dados, podem ser obtidos com algu\u00e9m relacionado ao Titular dos Dados (por exemplo, a empresa que voc\u00ea faz parte) ou podem ser acessados a partir de fontes publicamente acess\u00edveis.<\/span><\/p><p>\u00a0<\/p><p><b>3- PARA QUAIS FINALIDADES TRATAMOS SEUS DADOS PESSOAIS?\u00a0<\/b><\/p><p><span style=\"font-weight: 400;\">De modo geral, tratamos os seus dados pessoais para atendimento ao cliente e presta\u00e7\u00e3o de servi\u00e7os.<\/span><\/p><p><span style=\"font-weight: 400;\">N\u00f3s tamb\u00e9m poderemos tratar os seus dados pessoais para fins de formaliza\u00e7\u00e3o do contrato com a HSOL, faturamento e cobran\u00e7a caso voc\u00ea seja representante de um cliente pessoa jur\u00eddica.<\/span><\/p><p><span style=\"font-weight: 400;\">Al\u00e9m disso, poderemos tratar os seus dados pessoais para manter a nossa rela\u00e7\u00e3o com voc\u00ea por meio do(a):<\/span><\/p><ul><li style=\"font-weight: 400;\" aria-level=\"1\"><span style=\"font-weight: 400;\">Envio de comunica\u00e7\u00f5es institucionais, memorandos ou boletins com temas de seu interesse e convite para eventos;<\/span><\/li><li style=\"font-weight: 400;\" aria-level=\"1\"><span style=\"font-weight: 400;\">Organiza\u00e7\u00e3o de eventos, incluindo a gest\u00e3o dos inscritos, envio de save the date, lembretes e agradecimentos.\u00a0<\/span><\/li><li style=\"font-weight: 400;\" aria-level=\"1\"><span style=\"font-weight: 400;\">Realiza\u00e7\u00e3o de pesquisa de satisfa\u00e7\u00e3o e feedback sobre os nossos servi\u00e7os e iniciativas.<\/span><\/li><\/ul><p>\u00a0<\/p><p><b>4- COM QUEM COMPARTILHAMOS SEUS DADOS PESSOAIS?\u00a0<\/b><\/p><p><span style=\"font-weight: 400;\">A HSOL poder\u00e1 compartilhar os seus dados pessoais com:<\/span><\/p><ul><li style=\"font-weight: 400;\" aria-level=\"1\"><span style=\"font-weight: 400;\">Provedores de softwares, servi\u00e7os de hospedagem em nuvem e outras tecnologias da informa\u00e7\u00e3o para fins de gest\u00e3o do seu relacionamento com nossa empresa, cadastro, documenta\u00e7\u00e3o e demais provid\u00eancias.\u00a0<\/span><\/li><\/ul><p>\u00a0<\/p><p><b>5- POR QUANTO TEMPO VAMOS RETER SEUS DADOS PESSOAIS?\u00a0<\/b><\/p><p><span style=\"font-weight: 400;\">Armazenamos e mantemos suas informa\u00e7\u00f5es:\u00a0<\/span><\/p><ul><li style=\"font-weight: 400;\" aria-level=\"1\"><span style=\"font-weight: 400;\">pelo tempo exigido por lei;\u00a0<\/span><\/li><li style=\"font-weight: 400;\" aria-level=\"1\"><span style=\"font-weight: 400;\">at\u00e9 o t\u00e9rmino do tratamento dos dados pessoais;\u00a0<\/span><\/li><li style=\"font-weight: 400;\" aria-level=\"1\"><span style=\"font-weight: 400;\">pelo tempo necess\u00e1rio a preservar o leg\u00edtimo interesse da HSOL conforme o caso;\u00a0<\/span><\/li><li style=\"font-weight: 400;\" aria-level=\"1\"><span style=\"font-weight: 400;\">pelo tempo necess\u00e1rio para resguardar o exerc\u00edcio regular de direitos da HSOL em processo judicial, administrativo ou arbitral. Assim, trataremos seus dados, por exemplo, durante os prazos prescricionais aplic\u00e1veis ou enquanto necess\u00e1rio para cumprimento de obriga\u00e7\u00e3o legal ou regulat\u00f3ria.<\/span><\/li><\/ul><p><span style=\"font-weight: 400;\">O t\u00e9rmino do tratamento de dados pessoais ocorrer\u00e1 nos seguintes casos:<\/span><\/p><ul><li style=\"font-weight: 400;\" aria-level=\"1\"><span style=\"font-weight: 400;\">Quando a finalidade pela qual os dados pessoais do Titular dos Dados foram coletados for alcan\u00e7ada e\/ou os dados pessoais coletados deixarem de ser necess\u00e1rios ou pertinentes ao alcance de tal finalidade;<\/span><\/li><li style=\"font-weight: 400;\" aria-level=\"1\"><span style=\"font-weight: 400;\">Quando o Titular dos Dados estiverem em seu direito de solicitar o t\u00e9rmino do tratamento e a exclus\u00e3o de seus dados pessoais e o fizer; e<\/span><\/li><li style=\"font-weight: 400;\" aria-level=\"1\"><span style=\"font-weight: 400;\">Quando houver uma determina\u00e7\u00e3o legal.\u00a0<\/span><\/li><\/ul><p>\u00a0<\/p><p><b>6- QUAIS S\u00c3O OS SEUS DIREITOS EM RELA\u00c7\u00c3O AOS SEUS DADOS PESSOAIS?\u00a0<\/b><\/p><p><span style=\"font-weight: 400;\">Voc\u00ea possui os seguintes direitos quanto aos seus dados:\u00a0<\/span><\/p><ul><li style=\"font-weight: 400;\" aria-level=\"1\"><span style=\"font-weight: 400;\">confirma\u00e7\u00e3o de tratamento;\u00a0<\/span><\/li><li style=\"font-weight: 400;\" aria-level=\"1\"><span style=\"font-weight: 400;\">acesso;\u00a0<\/span><\/li><li style=\"font-weight: 400;\" aria-level=\"1\"><span style=\"font-weight: 400;\">corre\u00e7\u00e3o de dados incompletos, inexatos ou desatualizados;\u00a0<\/span><\/li><li style=\"font-weight: 400;\" aria-level=\"1\"><span style=\"font-weight: 400;\">anonimiza\u00e7\u00e3o, bloqueio ou elimina\u00e7\u00e3o;\u00a0<\/span><\/li><li style=\"font-weight: 400;\" aria-level=\"1\"><span style=\"font-weight: 400;\">portabilidade;\u00a0<\/span><\/li><li style=\"font-weight: 400;\" aria-level=\"1\"><span style=\"font-weight: 400;\">elimina\u00e7\u00e3o;\u00a0<\/span><\/li><li style=\"font-weight: 400;\" aria-level=\"1\"><span style=\"font-weight: 400;\">\u00a0informa\u00e7\u00f5es sobre compartilhamento;\u00a0<\/span><\/li><li style=\"font-weight: 400;\" aria-level=\"1\"><span style=\"font-weight: 400;\">informa\u00e7\u00e3o sobre a possibilidade de n\u00e3o fornecer consentimento e sobre as consequ\u00eancias da negativa;\u00a0<\/span><\/li><li style=\"font-weight: 400;\" aria-level=\"1\"><span style=\"font-weight: 400;\">\u00a0revoga\u00e7\u00e3o do seu consentimento, caso tenhamos solicitado isso de voc\u00ea; e\u00a0<\/span><\/li><li style=\"font-weight: 400;\" aria-level=\"1\"><span style=\"font-weight: 400;\">direito de peti\u00e7\u00e3o \u00e0 Ag\u00eancia Nacional de Prote\u00e7\u00e3o de Dados (ANPD).<\/span><\/li><\/ul><p>\u00a0<\/p><p><span style=\"font-weight: 400;\">H\u00e1 circunst\u00e2ncias que podem restringir o exerc\u00edcio de alguns direitos revistos em lei, como, por exemplo, quando o fornecimento das informa\u00e7\u00f5es puder revelar algum segredo de neg\u00f3cio da HSOL, em raz\u00e3o de cumprimento de alguma obriga\u00e7\u00e3o legal\/regulat\u00f3ria, ou para permitir a defesa da HSOL em algum processo judicial ou administrativo.<\/span><\/p><p><span style=\"font-weight: 400;\">Voc\u00ea poder\u00e1 exercer tais direitos entrando em contato com a Encarregada atrav\u00e9s do nosso\u00a0e-mail: <\/span><a href=\"mailto:privacidade@hsolmkt.com.br\"><span style=\"font-weight: 400;\">privacidade@hsolmkt.com.br<\/span><\/a> <span style=\"font-weight: 400;\">\u00a0<\/span><\/p><p>\u00a0<\/p><p><b>7- PROTE\u00c7\u00c3O DE DADOS E SEGURAN\u00c7A\u00a0<\/b><\/p><p><span style=\"font-weight: 400;\">Temos um compromisso com a seguran\u00e7a dos seus dados pessoais e tomamos precau\u00e7\u00f5es razo\u00e1veis para manter essa prote\u00e7\u00e3o. A HSOL emprega sistemas de seguran\u00e7a e procedimentos t\u00e9cnicos, f\u00edsicos e gerenciais usualmente adotados pelo mercado para proteger os seus dados.<\/span><\/p><p>\u00a0<\/p><p><b>8- COLETA E USO DE COOKIES\u00a0<\/b><\/p><p>Utilizamos cookies para aprimorar sua experi\u00eancia de navega\u00e7\u00e3o, exibir an\u00fancios ou conte\u00fado personalizado e analisar nosso tr\u00e1fego.<\/p><p>\u00a0<\/p><p><b>9- ALTERA\u00c7\u00d5ES A ESTA POL\u00cdTICA DE PRIVACIDADE\u00a0<\/b><\/p><p><span style=\"font-weight: 400;\">A HSOL reserva-se o direito de alterar esta Pol\u00edtica de Privacidade a qualquer momento, mediante publica\u00e7\u00e3o da vers\u00e3o atualizada nesta p\u00e1gina.<\/span><\/p>\t\t\t\t\t\t\t\t<\/div>\n\t\t\t\t<\/div>\n\t\t\t\t\t<\/div>\n\t\t\t\t<\/div>\n\t\t\t\t<\/div>\n\t\t","protected":false},"excerpt":{"rendered":"<p>POL\u00cdTICA DE PRIVACIDADE Aqui na HSOL INCENTIVE PERFORMANCE S\/A a prote\u00e7\u00e3o com seus dados pessoais e sua privacidade \u00e9 a nossa prioridade. Por isso, apenas os utilizamos de forma consciente.\u00a0 Para esclarecer a forma de como os dados pessoais s\u00e3o tratados e captados, apresentamos nossa pol\u00edtica de privacidade. Por\u00e9m, antes de tudo, vale relembrar: o [&hellip;]<\/p>\n","protected":false},"author":1,"featured_media":0,"parent":0,"menu_order":0,"comment_status":"closed","ping_status":"closed","template":"","meta":{"_acf_changed":false,"footnotes":""},"class_list":["post-1908","page","type-page","status-publish","hentry"],"acf":[],"yoast_head":"<!-- This site is optimized with the Yoast SEO plugin v24.6 - https:\/\/yoast.com\/wordpress\/plugins\/seo\/ -->\n<title>Pol\u00edtica de Privacidade - HSol<\/title>\n<meta name=\"robots\" content=\"index, follow, max-snippet:-1, max-image-preview:large, max-video-preview:-1\" \/>\n<link rel=\"canonical\" href=\"https:\/\/projetosddwb.com.br\/hsol\/politica-de-privacidade\/\" \/>\n<meta property=\"og:locale\" content=\"pt_BR\" \/>\n<meta property=\"og:type\" content=\"article\" \/>\n<meta property=\"og:title\" content=\"Pol\u00edtica de Privacidade - HSol\" \/>\n<meta property=\"og:description\" content=\"POL\u00cdTICA DE PRIVACIDADE Aqui na HSOL INCENTIVE PERFORMANCE S\/A a prote\u00e7\u00e3o com seus dados pessoais e sua privacidade \u00e9 a nossa prioridade. Por isso, apenas os utilizamos de forma consciente.\u00a0 Para esclarecer a forma de como os dados pessoais s\u00e3o tratados e captados, apresentamos nossa pol\u00edtica de privacidade. Por\u00e9m, antes de tudo, vale relembrar: o [&hellip;]\" \/>\n<meta property=\"og:url\" content=\"https:\/\/projetosddwb.com.br\/hsol\/politica-de-privacidade\/\" \/>\n<meta property=\"og:site_name\" content=\"HSol\" \/>\n<meta property=\"article:modified_time\" content=\"2025-02-21T03:14:05+00:00\" \/>\n<meta name=\"twitter:card\" content=\"summary_large_image\" \/>\n<meta name=\"twitter:label1\" content=\"Est. tempo de leitura\" \/>\n\t<meta name=\"twitter:data1\" content=\"5 minutos\" \/>\n<script type=\"application\/ld+json\" class=\"yoast-schema-graph\">{\"@context\":\"https:\/\/schema.org\",\"@graph\":[{\"@type\":\"WebPage\",\"@id\":\"https:\/\/projetosddwb.com.br\/hsol\/politica-de-privacidade\/\",\"url\":\"https:\/\/projetosddwb.com.br\/hsol\/politica-de-privacidade\/\",\"name\":\"Pol\u00edtica de Privacidade - HSol\",\"isPartOf\":{\"@id\":\"https:\/\/projetosddwb.com.br\/hsol\/#website\"},\"datePublished\":\"2025-02-18T00:38:06+00:00\",\"dateModified\":\"2025-02-21T03:14:05+00:00\",\"breadcrumb\":{\"@id\":\"https:\/\/projetosddwb.com.br\/hsol\/politica-de-privacidade\/#breadcrumb\"},\"inLanguage\":\"pt-BR\",\"potentialAction\":[{\"@type\":\"ReadAction\",\"target\":[\"https:\/\/projetosddwb.com.br\/hsol\/politica-de-privacidade\/\"]}]},{\"@type\":\"BreadcrumbList\",\"@id\":\"https:\/\/projetosddwb.com.br\/hsol\/politica-de-privacidade\/#breadcrumb\",\"itemListElement\":[{\"@type\":\"ListItem\",\"position\":1,\"name\":\"Home\",\"item\":\"https:\/\/projetosddwb.com.br\/hsol\/\"},{\"@type\":\"ListItem\",\"position\":2,\"name\":\"Pol\u00edtica de Privacidade\"}]},{\"@type\":\"WebSite\",\"@id\":\"https:\/\/projetosddwb.com.br\/hsol\/#website\",\"url\":\"https:\/\/projetosddwb.com.br\/hsol\/\",\"name\":\"HSol\",\"description\":\"\",\"publisher\":{\"@id\":\"https:\/\/projetosddwb.com.br\/hsol\/#organization\"},\"potentialAction\":[{\"@type\":\"SearchAction\",\"target\":{\"@type\":\"EntryPoint\",\"urlTemplate\":\"https:\/\/projetosddwb.com.br\/hsol\/?s={search_term_string}\"},\"query-input\":{\"@type\":\"PropertyValueSpecification\",\"valueRequired\":true,\"valueName\":\"search_term_string\"}}],\"inLanguage\":\"pt-BR\"},{\"@type\":\"Organization\",\"@id\":\"https:\/\/projetosddwb.com.br\/hsol\/#organization\",\"name\":\"HSol\",\"url\":\"https:\/\/projetosddwb.com.br\/hsol\/\",\"logo\":{\"@type\":\"ImageObject\",\"inLanguage\":\"pt-BR\",\"@id\":\"https:\/\/projetosddwb.com.br\/hsol\/#\/schema\/logo\/image\/\",\"url\":\"https:\/\/projetosddwb.com.br\/hsol\/wp-content\/uploads\/2024\/12\/hsol-2.png\",\"contentUrl\":\"https:\/\/projetosddwb.com.br\/hsol\/wp-content\/uploads\/2024\/12\/hsol-2.png\",\"width\":132,\"height\":104,\"caption\":\"HSol\"},\"image\":{\"@id\":\"https:\/\/projetosddwb.com.br\/hsol\/#\/schema\/logo\/image\/\"}}]}<\/script>\n<!-- \/ Yoast SEO plugin. -->","yoast_head_json":{"title":"Pol\u00edtica de Privacidade - HSol","robots":{"index":"index","follow":"follow","max-snippet":"max-snippet:-1","max-image-preview":"max-image-preview:large","max-video-preview":"max-video-preview:-1"},"canonical":"https:\/\/projetosddwb.com.br\/hsol\/politica-de-privacidade\/","og_locale":"pt_BR","og_type":"article","og_title":"Pol\u00edtica de Privacidade - HSol","og_description":"POL\u00cdTICA DE PRIVACIDADE Aqui na HSOL INCENTIVE PERFORMANCE S\/A a prote\u00e7\u00e3o com seus dados pessoais e sua privacidade \u00e9 a nossa prioridade. Por isso, apenas os utilizamos de forma consciente.\u00a0 Para esclarecer a forma de como os dados pessoais s\u00e3o tratados e captados, apresentamos nossa pol\u00edtica de privacidade. Por\u00e9m, antes de tudo, vale relembrar: o [&hellip;]","og_url":"https:\/\/projetosddwb.com.br\/hsol\/politica-de-privacidade\/","og_site_name":"HSol","article_modified_time":"2025-02-21T03:14:05+00:00","twitter_card":"summary_large_image","twitter_misc":{"Est. tempo de leitura":"5 minutos"},"schema":{"@context":"https:\/\/schema.org","@graph":[{"@type":"WebPage","@id":"https:\/\/projetosddwb.com.br\/hsol\/politica-de-privacidade\/","url":"https:\/\/projetosddwb.com.br\/hsol\/politica-de-privacidade\/","name":"Pol\u00edtica de Privacidade - HSol","isPartOf":{"@id":"https:\/\/projetosddwb.com.br\/hsol\/#website"},"datePublished":"2025-02-18T00:38:06+00:00","dateModified":"2025-02-21T03:14:05+00:00","breadcrumb":{"@id":"https:\/\/projetosddwb.com.br\/hsol\/politica-de-privacidade\/#breadcrumb"},"inLanguage":"pt-BR","potentialAction":[{"@type":"ReadAction","target":["https:\/\/projetosddwb.com.br\/hsol\/politica-de-privacidade\/"]}]},{"@type":"BreadcrumbList","@id":"https:\/\/projetosddwb.com.br\/hsol\/politica-de-privacidade\/#breadcrumb","itemListElement":[{"@type":"ListItem","position":1,"name":"Home","item":"https:\/\/projetosddwb.com.br\/hsol\/"},{"@type":"ListItem","position":2,"name":"Pol\u00edtica de Privacidade"}]},{"@type":"WebSite","@id":"https:\/\/projetosddwb.com.br\/hsol\/#website","url":"https:\/\/projetosddwb.com.br\/hsol\/","name":"HSol","description":"","publisher":{"@id":"https:\/\/projetosddwb.com.br\/hsol\/#organization"},"potentialAction":[{"@type":"SearchAction","target":{"@type":"EntryPoint","urlTemplate":"https:\/\/projetosddwb.com.br\/hsol\/?s={search_term_string}"},"query-input":{"@type":"PropertyValueSpecification","valueRequired":true,"valueName":"search_term_string"}}],"inLanguage":"pt-BR"},{"@type":"Organization","@id":"https:\/\/projetosddwb.com.br\/hsol\/#organization","name":"HSol","url":"https:\/\/projetosddwb.com.br\/hsol\/","logo":{"@type":"ImageObject","inLanguage":"pt-BR","@id":"https:\/\/projetosddwb.com.br\/hsol\/#\/schema\/logo\/image\/","url":"https:\/\/projetosddwb.com.br\/hsol\/wp-content\/uploads\/2024\/12\/hsol-2.png","contentUrl":"https:\/\/projetosddwb.com.br\/hsol\/wp-content\/uploads\/2024\/12\/hsol-2.png","width":132,"height":104,"caption":"HSol"},"image":{"@id":"https:\/\/projetosddwb.com.br\/hsol\/#\/schema\/logo\/image\/"}}]}},"_links":{"self":[{"href":"https:\/\/projetosddwb.com.br\/hsol\/wp-json\/wp\/v2\/pages\/1908","targetHints":{"allow":["GET"]}}],"collection":[{"href":"https:\/\/projetosddwb.com.br\/hsol\/wp-json\/wp\/v2\/pages"}],"about":[{"href":"https:\/\/projetosddwb.com.br\/hsol\/wp-json\/wp\/v2\/types\/page"}],"author":[{"embeddable":true,"href":"https:\/\/projetosddwb.com.br\/hsol\/wp-json\/wp\/v2\/users\/1"}],"replies":[{"embeddable":true,"href":"https:\/\/projetosddwb.com.br\/hsol\/wp-json\/wp\/v2\/comments?post=1908"}],"version-history":[{"count":13,"href":"https:\/\/projetosddwb.com.br\/hsol\/wp-json\/wp\/v2\/pages\/1908\/revisions"}],"predecessor-version":[{"id":2407,"href":"https:\/\/projetosddwb.com.br\/hsol\/wp-json\/wp\/v2\/pages\/1908\/revisions\/2407"}],"wp:attachment":[{"href":"https:\/\/projetosddwb.com.br\/hsol\/wp-json\/wp\/v2\/media?parent=1908"}],"curies":[{"name":"wp","href":"https:\/\/api.w.org\/{rel}","templated":true}]}}