{"id":696,"date":"2025-01-21T08:55:35","date_gmt":"2025-01-21T11:55:35","guid":{"rendered":"https:\/\/projetosddwb.com.br\/hsol\/?page_id=696"},"modified":"2025-02-21T00:33:35","modified_gmt":"2025-02-21T03:33:35","slug":"campanha-de-incentivo-feras-avert","status":"publish","type":"page","link":"https:\/\/projetosddwb.com.br\/hsol\/campanha-de-incentivo-feras-avert\/","title":{"rendered":"Campanha de Incentivo \u2013 FERAS AVERT"},"content":{"rendered":"\t\t<div data-elementor-type=\"wp-page\" data-elementor-id=\"696\" class=\"elementor elementor-696\" data-elementor-post-type=\"page\">\n\t\t\t\t<div class=\"elementor-element elementor-element-379001e e-con-full e-flex e-con e-parent\" data-id=\"379001e\" data-element_type=\"container\">\n\t\t\t\t<div class=\"elementor-element elementor-element-3fd94ca elementor-hidden-tablet elementor-hidden-mobile elementor-pagination-position-outside elementor-widget elementor-widget-image-carousel\" data-id=\"3fd94ca\" data-element_type=\"widget\" data-settings=\"{&quot;slides_to_show&quot;:&quot;1&quot;,&quot;navigation&quot;:&quot;dots&quot;,&quot;autoplay&quot;:&quot;yes&quot;,&quot;pause_on_hover&quot;:&quot;yes&quot;,&quot;pause_on_interaction&quot;:&quot;yes&quot;,&quot;autoplay_speed&quot;:5000,&quot;infinite&quot;:&quot;yes&quot;,&quot;effect&quot;:&quot;slide&quot;,&quot;speed&quot;:500}\" data-widget_type=\"image-carousel.default\">\n\t\t\t\t<div class=\"elementor-widget-container\">\n\t\t\t\t\t\t\t<div class=\"elementor-image-carousel-wrapper swiper\" role=\"region\" aria-roledescription=\"carousel\" aria-label=\"Carrossel de imagens\" dir=\"ltr\">\n\t\t\t<div class=\"elementor-image-carousel swiper-wrapper\" aria-live=\"off\">\n\t\t\t\t\t\t\t\t<div class=\"swiper-slide\" role=\"group\" aria-roledescription=\"slide\" aria-label=\"1 de 5\"><figure class=\"swiper-slide-inner\"><img decoding=\"async\" class=\"swiper-slide-image\" src=\"https:\/\/projetosddwb.com.br\/hsol\/wp-content\/uploads\/2025\/02\/Banner_Rotativo_avert01.jpg\" alt=\"Banner_Rotativo_avert01\" \/><\/figure><\/div><div class=\"swiper-slide\" role=\"group\" aria-roledescription=\"slide\" aria-label=\"2 de 5\"><figure class=\"swiper-slide-inner\"><img decoding=\"async\" class=\"swiper-slide-image\" src=\"https:\/\/projetosddwb.com.br\/hsol\/wp-content\/uploads\/2025\/02\/Banner_Rotativo_avert02.jpg\" alt=\"Banner_Rotativo_avert02\" \/><\/figure><\/div><div class=\"swiper-slide\" role=\"group\" aria-roledescription=\"slide\" aria-label=\"3 de 5\"><figure class=\"swiper-slide-inner\"><img decoding=\"async\" class=\"swiper-slide-image\" src=\"https:\/\/projetosddwb.com.br\/hsol\/wp-content\/uploads\/2025\/02\/Banner_Rotativo_avert03.jpg\" alt=\"Banner_Rotativo_avert03\" \/><\/figure><\/div><div class=\"swiper-slide\" role=\"group\" aria-roledescription=\"slide\" aria-label=\"4 de 5\"><figure class=\"swiper-slide-inner\"><img decoding=\"async\" class=\"swiper-slide-image\" src=\"https:\/\/projetosddwb.com.br\/hsol\/wp-content\/uploads\/2025\/02\/Banner_Rotativo_avert04.jpg\" alt=\"Banner_Rotativo_avert04\" \/><\/figure><\/div><div class=\"swiper-slide\" role=\"group\" aria-roledescription=\"slide\" aria-label=\"5 de 5\"><figure class=\"swiper-slide-inner\"><img decoding=\"async\" class=\"swiper-slide-image\" src=\"https:\/\/projetosddwb.com.br\/hsol\/wp-content\/uploads\/2025\/02\/Banner_Rotativo_avert05.jpg\" alt=\"Banner_Rotativo_avert05\" \/><\/figure><\/div>\t\t\t<\/div>\n\t\t\t\t\t\t\t\n\t\t\t\t\t\t\t\t\t<div class=\"swiper-pagination\"><\/div>\n\t\t\t\t\t\t\t\t\t<\/div>\n\t\t\t\t\t\t<\/div>\n\t\t\t\t<\/div>\n\t\t\t\t<div class=\"elementor-element elementor-element-5ca8df7 elementor-hidden-desktop elementor-pagination-position-outside elementor-widget elementor-widget-image-carousel\" data-id=\"5ca8df7\" data-element_type=\"widget\" data-settings=\"{&quot;slides_to_show&quot;:&quot;1&quot;,&quot;navigation&quot;:&quot;dots&quot;,&quot;autoplay&quot;:&quot;yes&quot;,&quot;pause_on_hover&quot;:&quot;yes&quot;,&quot;pause_on_interaction&quot;:&quot;yes&quot;,&quot;autoplay_speed&quot;:5000,&quot;infinite&quot;:&quot;yes&quot;,&quot;effect&quot;:&quot;slide&quot;,&quot;speed&quot;:500}\" data-widget_type=\"image-carousel.default\">\n\t\t\t\t<div class=\"elementor-widget-container\">\n\t\t\t\t\t\t\t<div class=\"elementor-image-carousel-wrapper swiper\" role=\"region\" aria-roledescription=\"carousel\" aria-label=\"Carrossel de imagens\" dir=\"ltr\">\n\t\t\t<div class=\"elementor-image-carousel swiper-wrapper\" aria-live=\"off\">\n\t\t\t\t\t\t\t\t<div class=\"swiper-slide\" role=\"group\" aria-roledescription=\"slide\" aria-label=\"1 de 4\"><figure class=\"swiper-slide-inner\"><img decoding=\"async\" class=\"swiper-slide-image\" src=\"https:\/\/projetosddwb.com.br\/hsol\/wp-content\/uploads\/2025\/02\/Banner_Rotativo_avert_MOB-01.jpg\" alt=\"Banner_Rotativo_avert_MOB-01\" \/><\/figure><\/div><div class=\"swiper-slide\" role=\"group\" aria-roledescription=\"slide\" aria-label=\"2 de 4\"><figure class=\"swiper-slide-inner\"><img decoding=\"async\" class=\"swiper-slide-image\" src=\"https:\/\/projetosddwb.com.br\/hsol\/wp-content\/uploads\/2025\/02\/Banner_Rotativo_avert_MOB-02.jpg\" alt=\"Banner_Rotativo_avert_MOB-02\" \/><\/figure><\/div><div class=\"swiper-slide\" role=\"group\" aria-roledescription=\"slide\" aria-label=\"3 de 4\"><figure class=\"swiper-slide-inner\"><img decoding=\"async\" class=\"swiper-slide-image\" src=\"https:\/\/projetosddwb.com.br\/hsol\/wp-content\/uploads\/2025\/02\/Banner_Rotativo_avert_MOB-03.jpg\" alt=\"Banner_Rotativo_avert_MOB-03\" \/><\/figure><\/div><div class=\"swiper-slide\" role=\"group\" aria-roledescription=\"slide\" aria-label=\"4 de 4\"><figure class=\"swiper-slide-inner\"><img decoding=\"async\" class=\"swiper-slide-image\" src=\"https:\/\/projetosddwb.com.br\/hsol\/wp-content\/uploads\/2025\/02\/Banner_Rotativo_avert_MOB-4.jpg\" alt=\"Banner_Rotativo_avert_MOB-4\" \/><\/figure><\/div>\t\t\t<\/div>\n\t\t\t\t\t\t\t\n\t\t\t\t\t\t\t\t\t<div class=\"swiper-pagination\"><\/div>\n\t\t\t\t\t\t\t\t\t<\/div>\n\t\t\t\t\t\t<\/div>\n\t\t\t\t<\/div>\n\t\t\t\t<\/div>\n\t\t<div class=\"elementor-element elementor-element-a8f07d7 e-flex e-con-boxed e-con e-parent\" data-id=\"a8f07d7\" data-element_type=\"container\" data-settings=\"{&quot;background_background&quot;:&quot;classic&quot;}\">\n\t\t\t\t\t<div class=\"e-con-inner\">\n\t\t\t\t<div class=\"elementor-element elementor-element-406d637 elementor-widget elementor-widget-heading\" data-id=\"406d637\" data-element_type=\"widget\" data-widget_type=\"heading.default\">\n\t\t\t\t<div class=\"elementor-widget-container\">\n\t\t\t\t\t<h3 class=\"elementor-heading-title elementor-size-default\">Campanha de Incentivo \u2013 FERAS AVERT\n<\/h3>\t\t\t\t<\/div>\n\t\t\t\t<\/div>\n\t\t\t\t\t<\/div>\n\t\t\t\t<\/div>\n\t\t<div class=\"elementor-element elementor-element-a436501 e-flex e-con-boxed e-con e-parent\" data-id=\"a436501\" data-element_type=\"container\">\n\t\t\t\t\t<div class=\"e-con-inner\">\n\t\t<div class=\"elementor-element elementor-element-5a05bbe e-con-full e-flex e-con e-child\" data-id=\"5a05bbe\" data-element_type=\"container\">\n\t\t\t\t<div class=\"elementor-element elementor-element-25efa47 elementor-widget elementor-widget-text-editor\" data-id=\"25efa47\" data-element_type=\"widget\" data-widget_type=\"text-editor.default\">\n\t\t\t\t<div class=\"elementor-widget-container\">\n\t\t\t\t\t\t\t\t\t<p><b>Objetivo<\/b><b><br \/><\/b><span style=\"font-weight: 400;\">Reconhecer e premiar a for\u00e7a de vendas e o canal de distribui\u00e7\u00e3o, promovendo um desempenho mais competitivo, alinhado ao conceito de \u201cferas\u201d nos neg\u00f3cios.<\/span><\/p><p><b>Estrutura da Campanha<\/b><\/p><p><b>Participantes<\/b><span style=\"font-weight: 400;\">: mais de 400 pessoas.<\/span><\/p><p><b>Premia\u00e7\u00f5es<\/b><span style=\"font-weight: 400;\">: trimestrais via portal Hot Shop Online e pr\u00eamio final em uma viagem com tudo incluso.<\/span><\/p><p><b>Comunica\u00e7\u00e3o exclusiva<\/b><span style=\"font-weight: 400;\">: e-mail, WhatsApp e site customizado.<\/span><\/p><p><b>Engajamento<\/b><span style=\"font-weight: 400;\"><span style=\"font-weight: 400;\">: ativa\u00e7\u00f5es com quizzes, games e aceleradores para acumular pontos extras.<\/span><\/span><\/p>\t\t\t\t\t\t\t\t<\/div>\n\t\t\t\t<\/div>\n\t\t\t\t<div class=\"elementor-element elementor-element-04dec3e elementor-widget elementor-widget-text-editor\" data-id=\"04dec3e\" data-element_type=\"widget\" data-widget_type=\"text-editor.default\">\n\t\t\t\t<div class=\"elementor-widget-container\">\n\t\t\t\t\t\t\t\t\t<p><b>Destaques<\/b><\/p><p><span style=\"font-weight: 400;\">Premia\u00e7\u00f5es trimestrais: mais de 60 vencedores por trimestre.<\/span><\/p><p><span style=\"font-weight: 400;\">Viagem final: cruzeiro nacional com acompanhante, reconhecendo mais de 40 participantes.<\/span><\/p><p><span style=\"font-weight: 400;\">A tem\u00e1tica destacou o esp\u00edrito feroz e competitivo da for\u00e7a de vendas, celebrando os melhores resultados em um ambiente din\u00e2mico e motivador.<\/span><\/p>\t\t\t\t\t\t\t\t<\/div>\n\t\t\t\t<\/div>\n\t\t\t\t<div class=\"elementor-element elementor-element-3e8393f elementor-mobile-align-center elementor-widget elementor-widget-button\" data-id=\"3e8393f\" data-element_type=\"widget\" data-widget_type=\"button.default\">\n\t\t\t\t<div class=\"elementor-widget-container\">\n\t\t\t\t\t\t\t\t\t<div class=\"elementor-button-wrapper\">\n\t\t\t\t\t<a class=\"elementor-button elementor-button-link elementor-size-sm\" href=\"https:\/\/projetosddwb.com.br\/hsol\/live-marketing\/#cases\">\n\t\t\t\t\t\t<span class=\"elementor-button-content-wrapper\">\n\t\t\t\t\t\t<span class=\"elementor-button-icon\">\n\t\t\t\t<svg aria-hidden=\"true\" class=\"e-font-icon-svg e-fas-chevron-left\" viewBox=\"0 0 320 512\" xmlns=\"http:\/\/www.w3.org\/2000\/svg\"><path d=\"M34.52 239.03L228.87 44.69c9.37-9.37 24.57-9.37 33.94 0l22.67 22.67c9.36 9.36 9.37 24.52.04 33.9L131.49 256l154.02 154.75c9.34 9.38 9.32 24.54-.04 33.9l-22.67 22.67c-9.37 9.37-24.57 9.37-33.94 0L34.52 272.97c-9.37-9.37-9.37-24.57 0-33.94z\"><\/path><\/svg>\t\t\t<\/span>\n\t\t\t\t\t\t\t\t\t<span class=\"elementor-button-text\">Voltar<\/span>\n\t\t\t\t\t<\/span>\n\t\t\t\t\t<\/a>\n\t\t\t\t<\/div>\n\t\t\t\t\t\t\t\t<\/div>\n\t\t\t\t<\/div>\n\t\t\t\t<\/div>\n\t\t\t\t\t<\/div>\n\t\t\t\t<\/div>\n\t\t\t\t<\/div>\n\t\t","protected":false},"excerpt":{"rendered":"<p>Campanha de Incentivo \u2013 FERAS AVERT ObjetivoReconhecer e premiar a for\u00e7a de vendas e o canal de distribui\u00e7\u00e3o, promovendo um desempenho mais competitivo, alinhado ao conceito de \u201cferas\u201d nos neg\u00f3cios. Estrutura da Campanha Participantes: mais de 400 pessoas. Premia\u00e7\u00f5es: trimestrais via portal Hot Shop Online e pr\u00eamio final em uma viagem com tudo incluso. Comunica\u00e7\u00e3o [&hellip;]<\/p>\n","protected":false},"author":1,"featured_media":0,"parent":0,"menu_order":0,"comment_status":"closed","ping_status":"closed","template":"","meta":{"_acf_changed":false,"footnotes":""},"class_list":["post-696","page","type-page","status-publish","hentry"],"acf":[],"yoast_head":"<!-- This site is optimized with the Yoast SEO plugin v24.6 - https:\/\/yoast.com\/wordpress\/plugins\/seo\/ -->\n<title>Campanha de Incentivo \u2013 FERAS AVERT - HSol<\/title>\n<meta name=\"robots\" content=\"index, follow, max-snippet:-1, max-image-preview:large, max-video-preview:-1\" \/>\n<link rel=\"canonical\" href=\"https:\/\/projetosddwb.com.br\/hsol\/campanha-de-incentivo-feras-avert\/\" \/>\n<meta property=\"og:locale\" content=\"pt_BR\" \/>\n<meta property=\"og:type\" content=\"article\" \/>\n<meta property=\"og:title\" content=\"Campanha de Incentivo \u2013 FERAS AVERT - HSol\" \/>\n<meta property=\"og:description\" content=\"Campanha de Incentivo \u2013 FERAS AVERT ObjetivoReconhecer e premiar a for\u00e7a de vendas e o canal de distribui\u00e7\u00e3o, promovendo um desempenho mais competitivo, alinhado ao conceito de \u201cferas\u201d nos neg\u00f3cios. Estrutura da Campanha Participantes: mais de 400 pessoas. Premia\u00e7\u00f5es: trimestrais via portal Hot Shop Online e pr\u00eamio final em uma viagem com tudo incluso. Comunica\u00e7\u00e3o [&hellip;]\" \/>\n<meta property=\"og:url\" content=\"https:\/\/projetosddwb.com.br\/hsol\/campanha-de-incentivo-feras-avert\/\" \/>\n<meta property=\"og:site_name\" content=\"HSol\" \/>\n<meta property=\"article:modified_time\" content=\"2025-02-21T03:33:35+00:00\" \/>\n<meta property=\"og:image\" content=\"https:\/\/projetosddwb.com.br\/hsol\/wp-content\/uploads\/2025\/02\/Banner_Rotativo_avert01.jpg\" \/>\n<meta name=\"twitter:card\" content=\"summary_large_image\" \/>\n<meta name=\"twitter:label1\" content=\"Est. tempo de leitura\" \/>\n\t<meta name=\"twitter:data1\" content=\"4 minutos\" \/>\n<script type=\"application\/ld+json\" class=\"yoast-schema-graph\">{\"@context\":\"https:\/\/schema.org\",\"@graph\":[{\"@type\":\"WebPage\",\"@id\":\"https:\/\/projetosddwb.com.br\/hsol\/campanha-de-incentivo-feras-avert\/\",\"url\":\"https:\/\/projetosddwb.com.br\/hsol\/campanha-de-incentivo-feras-avert\/\",\"name\":\"Campanha de Incentivo \u2013 FERAS AVERT - HSol\",\"isPartOf\":{\"@id\":\"https:\/\/projetosddwb.com.br\/hsol\/#website\"},\"primaryImageOfPage\":{\"@id\":\"https:\/\/projetosddwb.com.br\/hsol\/campanha-de-incentivo-feras-avert\/#primaryimage\"},\"image\":{\"@id\":\"https:\/\/projetosddwb.com.br\/hsol\/campanha-de-incentivo-feras-avert\/#primaryimage\"},\"thumbnailUrl\":\"https:\/\/projetosddwb.com.br\/hsol\/wp-content\/uploads\/2025\/02\/Banner_Rotativo_avert01.jpg\",\"datePublished\":\"2025-01-21T11:55:35+00:00\",\"dateModified\":\"2025-02-21T03:33:35+00:00\",\"breadcrumb\":{\"@id\":\"https:\/\/projetosddwb.com.br\/hsol\/campanha-de-incentivo-feras-avert\/#breadcrumb\"},\"inLanguage\":\"pt-BR\",\"potentialAction\":[{\"@type\":\"ReadAction\",\"target\":[\"https:\/\/projetosddwb.com.br\/hsol\/campanha-de-incentivo-feras-avert\/\"]}]},{\"@type\":\"ImageObject\",\"inLanguage\":\"pt-BR\",\"@id\":\"https:\/\/projetosddwb.com.br\/hsol\/campanha-de-incentivo-feras-avert\/#primaryimage\",\"url\":\"https:\/\/projetosddwb.com.br\/hsol\/wp-content\/uploads\/2025\/02\/Banner_Rotativo_avert01.jpg\",\"contentUrl\":\"https:\/\/projetosddwb.com.br\/hsol\/wp-content\/uploads\/2025\/02\/Banner_Rotativo_avert01.jpg\",\"width\":1920,\"height\":550},{\"@type\":\"BreadcrumbList\",\"@id\":\"https:\/\/projetosddwb.com.br\/hsol\/campanha-de-incentivo-feras-avert\/#breadcrumb\",\"itemListElement\":[{\"@type\":\"ListItem\",\"position\":1,\"name\":\"Home\",\"item\":\"https:\/\/projetosddwb.com.br\/hsol\/\"},{\"@type\":\"ListItem\",\"position\":2,\"name\":\"Campanha de Incentivo \u2013 FERAS AVERT\"}]},{\"@type\":\"WebSite\",\"@id\":\"https:\/\/projetosddwb.com.br\/hsol\/#website\",\"url\":\"https:\/\/projetosddwb.com.br\/hsol\/\",\"name\":\"HSol\",\"description\":\"\",\"publisher\":{\"@id\":\"https:\/\/projetosddwb.com.br\/hsol\/#organization\"},\"potentialAction\":[{\"@type\":\"SearchAction\",\"target\":{\"@type\":\"EntryPoint\",\"urlTemplate\":\"https:\/\/projetosddwb.com.br\/hsol\/?s={search_term_string}\"},\"query-input\":{\"@type\":\"PropertyValueSpecification\",\"valueRequired\":true,\"valueName\":\"search_term_string\"}}],\"inLanguage\":\"pt-BR\"},{\"@type\":\"Organization\",\"@id\":\"https:\/\/projetosddwb.com.br\/hsol\/#organization\",\"name\":\"HSol\",\"url\":\"https:\/\/projetosddwb.com.br\/hsol\/\",\"logo\":{\"@type\":\"ImageObject\",\"inLanguage\":\"pt-BR\",\"@id\":\"https:\/\/projetosddwb.com.br\/hsol\/#\/schema\/logo\/image\/\",\"url\":\"https:\/\/projetosddwb.com.br\/hsol\/wp-content\/uploads\/2024\/12\/hsol-2.png\",\"contentUrl\":\"https:\/\/projetosddwb.com.br\/hsol\/wp-content\/uploads\/2024\/12\/hsol-2.png\",\"width\":132,\"height\":104,\"caption\":\"HSol\"},\"image\":{\"@id\":\"https:\/\/projetosddwb.com.br\/hsol\/#\/schema\/logo\/image\/\"}}]}<\/script>\n<!-- \/ Yoast SEO plugin. -->","yoast_head_json":{"title":"Campanha de Incentivo \u2013 FERAS AVERT - HSol","robots":{"index":"index","follow":"follow","max-snippet":"max-snippet:-1","max-image-preview":"max-image-preview:large","max-video-preview":"max-video-preview:-1"},"canonical":"https:\/\/projetosddwb.com.br\/hsol\/campanha-de-incentivo-feras-avert\/","og_locale":"pt_BR","og_type":"article","og_title":"Campanha de Incentivo \u2013 FERAS AVERT - HSol","og_description":"Campanha de Incentivo \u2013 FERAS AVERT ObjetivoReconhecer e premiar a for\u00e7a de vendas e o canal de distribui\u00e7\u00e3o, promovendo um desempenho mais competitivo, alinhado ao conceito de \u201cferas\u201d nos neg\u00f3cios. Estrutura da Campanha Participantes: mais de 400 pessoas. Premia\u00e7\u00f5es: trimestrais via portal Hot Shop Online e pr\u00eamio final em uma viagem com tudo incluso. Comunica\u00e7\u00e3o [&hellip;]","og_url":"https:\/\/projetosddwb.com.br\/hsol\/campanha-de-incentivo-feras-avert\/","og_site_name":"HSol","article_modified_time":"2025-02-21T03:33:35+00:00","og_image":[{"url":"https:\/\/projetosddwb.com.br\/hsol\/wp-content\/uploads\/2025\/02\/Banner_Rotativo_avert01.jpg","type":"","width":"","height":""}],"twitter_card":"summary_large_image","twitter_misc":{"Est. tempo de leitura":"4 minutos"},"schema":{"@context":"https:\/\/schema.org","@graph":[{"@type":"WebPage","@id":"https:\/\/projetosddwb.com.br\/hsol\/campanha-de-incentivo-feras-avert\/","url":"https:\/\/projetosddwb.com.br\/hsol\/campanha-de-incentivo-feras-avert\/","name":"Campanha de Incentivo \u2013 FERAS AVERT - HSol","isPartOf":{"@id":"https:\/\/projetosddwb.com.br\/hsol\/#website"},"primaryImageOfPage":{"@id":"https:\/\/projetosddwb.com.br\/hsol\/campanha-de-incentivo-feras-avert\/#primaryimage"},"image":{"@id":"https:\/\/projetosddwb.com.br\/hsol\/campanha-de-incentivo-feras-avert\/#primaryimage"},"thumbnailUrl":"https:\/\/projetosddwb.com.br\/hsol\/wp-content\/uploads\/2025\/02\/Banner_Rotativo_avert01.jpg","datePublished":"2025-01-21T11:55:35+00:00","dateModified":"2025-02-21T03:33:35+00:00","breadcrumb":{"@id":"https:\/\/projetosddwb.com.br\/hsol\/campanha-de-incentivo-feras-avert\/#breadcrumb"},"inLanguage":"pt-BR","potentialAction":[{"@type":"ReadAction","target":["https:\/\/projetosddwb.com.br\/hsol\/campanha-de-incentivo-feras-avert\/"]}]},{"@type":"ImageObject","inLanguage":"pt-BR","@id":"https:\/\/projetosddwb.com.br\/hsol\/campanha-de-incentivo-feras-avert\/#primaryimage","url":"https:\/\/projetosddwb.com.br\/hsol\/wp-content\/uploads\/2025\/02\/Banner_Rotativo_avert01.jpg","contentUrl":"https:\/\/projetosddwb.com.br\/hsol\/wp-content\/uploads\/2025\/02\/Banner_Rotativo_avert01.jpg","width":1920,"height":550},{"@type":"BreadcrumbList","@id":"https:\/\/projetosddwb.com.br\/hsol\/campanha-de-incentivo-feras-avert\/#breadcrumb","itemListElement":[{"@type":"ListItem","position":1,"name":"Home","item":"https:\/\/projetosddwb.com.br\/hsol\/"},{"@type":"ListItem","position":2,"name":"Campanha de Incentivo \u2013 FERAS AVERT"}]},{"@type":"WebSite","@id":"https:\/\/projetosddwb.com.br\/hsol\/#website","url":"https:\/\/projetosddwb.com.br\/hsol\/","name":"HSol","description":"","publisher":{"@id":"https:\/\/projetosddwb.com.br\/hsol\/#organization"},"potentialAction":[{"@type":"SearchAction","target":{"@type":"EntryPoint","urlTemplate":"https:\/\/projetosddwb.com.br\/hsol\/?s={search_term_string}"},"query-input":{"@type":"PropertyValueSpecification","valueRequired":true,"valueName":"search_term_string"}}],"inLanguage":"pt-BR"},{"@type":"Organization","@id":"https:\/\/projetosddwb.com.br\/hsol\/#organization","name":"HSol","url":"https:\/\/projetosddwb.com.br\/hsol\/","logo":{"@type":"ImageObject","inLanguage":"pt-BR","@id":"https:\/\/projetosddwb.com.br\/hsol\/#\/schema\/logo\/image\/","url":"https:\/\/projetosddwb.com.br\/hsol\/wp-content\/uploads\/2024\/12\/hsol-2.png","contentUrl":"https:\/\/projetosddwb.com.br\/hsol\/wp-content\/uploads\/2024\/12\/hsol-2.png","width":132,"height":104,"caption":"HSol"},"image":{"@id":"https:\/\/projetosddwb.com.br\/hsol\/#\/schema\/logo\/image\/"}}]}},"_links":{"self":[{"href":"https:\/\/projetosddwb.com.br\/hsol\/wp-json\/wp\/v2\/pages\/696","targetHints":{"allow":["GET"]}}],"collection":[{"href":"https:\/\/projetosddwb.com.br\/hsol\/wp-json\/wp\/v2\/pages"}],"about":[{"href":"https:\/\/projetosddwb.com.br\/hsol\/wp-json\/wp\/v2\/types\/page"}],"author":[{"embeddable":true,"href":"https:\/\/projetosddwb.com.br\/hsol\/wp-json\/wp\/v2\/users\/1"}],"replies":[{"embeddable":true,"href":"https:\/\/projetosddwb.com.br\/hsol\/wp-json\/wp\/v2\/comments?post=696"}],"version-history":[{"count":37,"href":"https:\/\/projetosddwb.com.br\/hsol\/wp-json\/wp\/v2\/pages\/696\/revisions"}],"predecessor-version":[{"id":2473,"href":"https:\/\/projetosddwb.com.br\/hsol\/wp-json\/wp\/v2\/pages\/696\/revisions\/2473"}],"wp:attachment":[{"href":"https:\/\/projetosddwb.com.br\/hsol\/wp-json\/wp\/v2\/media?parent=696"}],"curies":[{"name":"wp","href":"https:\/\/api.w.org\/{rel}","templated":true}]}}