{"id":697,"date":"2025-01-21T08:55:49","date_gmt":"2025-01-21T11:55:49","guid":{"rendered":"https:\/\/projetosddwb.com.br\/hsol\/?page_id=697"},"modified":"2025-02-21T00:33:31","modified_gmt":"2025-02-21T03:33:31","slug":"campanha-de-incentivo-muito-mais-animal","status":"publish","type":"page","link":"https:\/\/projetosddwb.com.br\/hsol\/campanha-de-incentivo-muito-mais-animal\/","title":{"rendered":"Campanha de Incentivo \u2013 MUITO MAIS ANIMAL"},"content":{"rendered":"\t\t<div data-elementor-type=\"wp-page\" data-elementor-id=\"697\" class=\"elementor elementor-697\" data-elementor-post-type=\"page\">\n\t\t\t\t<div class=\"elementor-element elementor-element-6acc141 e-con-full e-flex e-con e-parent\" data-id=\"6acc141\" data-element_type=\"container\">\n\t\t\t\t<div class=\"elementor-element elementor-element-f3fe6d5 elementor-hidden-tablet elementor-hidden-mobile elementor-pagination-position-outside elementor-widget elementor-widget-image-carousel\" data-id=\"f3fe6d5\" data-element_type=\"widget\" data-settings=\"{&quot;slides_to_show&quot;:&quot;1&quot;,&quot;navigation&quot;:&quot;dots&quot;,&quot;autoplay&quot;:&quot;yes&quot;,&quot;pause_on_hover&quot;:&quot;yes&quot;,&quot;pause_on_interaction&quot;:&quot;yes&quot;,&quot;autoplay_speed&quot;:5000,&quot;infinite&quot;:&quot;yes&quot;,&quot;effect&quot;:&quot;slide&quot;,&quot;speed&quot;:500}\" data-widget_type=\"image-carousel.default\">\n\t\t\t\t<div class=\"elementor-widget-container\">\n\t\t\t\t\t\t\t<div class=\"elementor-image-carousel-wrapper swiper\" role=\"region\" aria-roledescription=\"carousel\" aria-label=\"Carrossel de imagens\" dir=\"ltr\">\n\t\t\t<div class=\"elementor-image-carousel swiper-wrapper\" aria-live=\"off\">\n\t\t\t\t\t\t\t\t<div class=\"swiper-slide\" role=\"group\" aria-roledescription=\"slide\" aria-label=\"1 de 4\"><figure class=\"swiper-slide-inner\"><img decoding=\"async\" class=\"swiper-slide-image\" src=\"https:\/\/projetosddwb.com.br\/hsol\/wp-content\/uploads\/2025\/02\/Banner_rotativo_Mais_animal01.png\" alt=\"Banner_rotativo_Mais_animal01\" \/><\/figure><\/div><div class=\"swiper-slide\" role=\"group\" aria-roledescription=\"slide\" aria-label=\"2 de 4\"><figure class=\"swiper-slide-inner\"><img decoding=\"async\" class=\"swiper-slide-image\" src=\"https:\/\/projetosddwb.com.br\/hsol\/wp-content\/uploads\/2025\/02\/Banner_rotativo_Mais_animal02.png\" alt=\"Banner_rotativo_Mais_animal02\" \/><\/figure><\/div><div class=\"swiper-slide\" role=\"group\" aria-roledescription=\"slide\" aria-label=\"3 de 4\"><figure class=\"swiper-slide-inner\"><img decoding=\"async\" class=\"swiper-slide-image\" src=\"https:\/\/projetosddwb.com.br\/hsol\/wp-content\/uploads\/2025\/02\/Banner_rotativo_Mais_animal03.png\" alt=\"Banner_rotativo_Mais_animal03\" \/><\/figure><\/div><div class=\"swiper-slide\" role=\"group\" aria-roledescription=\"slide\" aria-label=\"4 de 4\"><figure class=\"swiper-slide-inner\"><img decoding=\"async\" class=\"swiper-slide-image\" src=\"https:\/\/projetosddwb.com.br\/hsol\/wp-content\/uploads\/2025\/02\/Banner_rotativo_Mais_animal04.png\" alt=\"Banner_rotativo_Mais_animal04\" \/><\/figure><\/div>\t\t\t<\/div>\n\t\t\t\t\t\t\t\n\t\t\t\t\t\t\t\t\t<div class=\"swiper-pagination\"><\/div>\n\t\t\t\t\t\t\t\t\t<\/div>\n\t\t\t\t\t\t<\/div>\n\t\t\t\t<\/div>\n\t\t\t\t<div class=\"elementor-element elementor-element-077cbd3 elementor-hidden-desktop elementor-pagination-position-outside elementor-widget elementor-widget-image-carousel\" data-id=\"077cbd3\" data-element_type=\"widget\" data-settings=\"{&quot;slides_to_show&quot;:&quot;1&quot;,&quot;navigation&quot;:&quot;dots&quot;,&quot;autoplay&quot;:&quot;yes&quot;,&quot;pause_on_hover&quot;:&quot;yes&quot;,&quot;pause_on_interaction&quot;:&quot;yes&quot;,&quot;autoplay_speed&quot;:5000,&quot;infinite&quot;:&quot;yes&quot;,&quot;effect&quot;:&quot;slide&quot;,&quot;speed&quot;:500}\" data-widget_type=\"image-carousel.default\">\n\t\t\t\t<div class=\"elementor-widget-container\">\n\t\t\t\t\t\t\t<div class=\"elementor-image-carousel-wrapper swiper\" role=\"region\" aria-roledescription=\"carousel\" aria-label=\"Carrossel de imagens\" dir=\"ltr\">\n\t\t\t<div class=\"elementor-image-carousel swiper-wrapper\" aria-live=\"off\">\n\t\t\t\t\t\t\t\t<div class=\"swiper-slide\" role=\"group\" aria-roledescription=\"slide\" aria-label=\"1 de 4\"><figure class=\"swiper-slide-inner\"><img decoding=\"async\" class=\"swiper-slide-image\" src=\"https:\/\/projetosddwb.com.br\/hsol\/wp-content\/uploads\/2025\/02\/Banner_Rotativo_Mais_animal_MOB-01.jpg\" alt=\"Banner_Rotativo_Mais_animal_MOB-01\" \/><\/figure><\/div><div class=\"swiper-slide\" role=\"group\" aria-roledescription=\"slide\" aria-label=\"2 de 4\"><figure class=\"swiper-slide-inner\"><img decoding=\"async\" class=\"swiper-slide-image\" src=\"https:\/\/projetosddwb.com.br\/hsol\/wp-content\/uploads\/2025\/02\/Banner_Rotativo_Mais_animal_MOB-02.jpg\" alt=\"Banner_Rotativo_Mais_animal_MOB-02\" \/><\/figure><\/div><div class=\"swiper-slide\" role=\"group\" aria-roledescription=\"slide\" aria-label=\"3 de 4\"><figure class=\"swiper-slide-inner\"><img decoding=\"async\" class=\"swiper-slide-image\" src=\"https:\/\/projetosddwb.com.br\/hsol\/wp-content\/uploads\/2025\/02\/Banner_Rotativo_Mais_animal_MOB-03.jpg\" alt=\"Banner_Rotativo_Mais_animal_MOB-03\" \/><\/figure><\/div><div class=\"swiper-slide\" role=\"group\" aria-roledescription=\"slide\" aria-label=\"4 de 4\"><figure class=\"swiper-slide-inner\"><img decoding=\"async\" class=\"swiper-slide-image\" src=\"https:\/\/projetosddwb.com.br\/hsol\/wp-content\/uploads\/2025\/02\/Banner_Rotativo_Mais_animal_MOB-04.jpg\" alt=\"Banner_Rotativo_Mais_animal_MOB-04\" \/><\/figure><\/div>\t\t\t<\/div>\n\t\t\t\t\t\t\t\n\t\t\t\t\t\t\t\t\t<div class=\"swiper-pagination\"><\/div>\n\t\t\t\t\t\t\t\t\t<\/div>\n\t\t\t\t\t\t<\/div>\n\t\t\t\t<\/div>\n\t\t\t\t<\/div>\n\t\t<div class=\"elementor-element elementor-element-7e1f535 e-flex e-con-boxed e-con e-parent\" data-id=\"7e1f535\" data-element_type=\"container\" data-settings=\"{&quot;background_background&quot;:&quot;classic&quot;}\">\n\t\t\t\t\t<div class=\"e-con-inner\">\n\t\t\t\t<div class=\"elementor-element elementor-element-3ff8cc4 elementor-widget elementor-widget-heading\" data-id=\"3ff8cc4\" data-element_type=\"widget\" data-widget_type=\"heading.default\">\n\t\t\t\t<div class=\"elementor-widget-container\">\n\t\t\t\t\t<h3 class=\"elementor-heading-title elementor-size-default\">Campanha de Incentivo \u2013 MUITO MAIS ANIMAL<\/h3>\t\t\t\t<\/div>\n\t\t\t\t<\/div>\n\t\t\t\t\t<\/div>\n\t\t\t\t<\/div>\n\t\t<div class=\"elementor-element elementor-element-07f64f6 e-flex e-con-boxed e-con e-parent\" data-id=\"07f64f6\" data-element_type=\"container\">\n\t\t\t\t\t<div class=\"e-con-inner\">\n\t\t<div class=\"elementor-element elementor-element-a0085f2 e-con-full e-flex e-con e-child\" data-id=\"a0085f2\" data-element_type=\"container\">\n\t\t\t\t<div class=\"elementor-element elementor-element-0608af0 elementor-widget elementor-widget-text-editor\" data-id=\"0608af0\" data-element_type=\"widget\" data-widget_type=\"text-editor.default\">\n\t\t\t\t<div class=\"elementor-widget-container\">\n\t\t\t\t\t\t\t\t\t<p><b>Objetivo<\/b><b><br \/><\/b><span style=\"font-weight: 400;\">Conectar e engajar a for\u00e7a de vendas, destacando os &#8220;BIG FIVE&#8221; como tema, refor\u00e7ando o conceito de for\u00e7a, estrat\u00e9gia e supera\u00e7\u00e3o.<\/span><\/p><p><b>Estrutura da Campanha<\/b><\/p><p><b>Participantes<\/b><span style=\"font-weight: 400;\">: mais de 400 pessoas.<\/span><\/p><p><b>Premia\u00e7\u00f5es<\/b><span style=\"font-weight: 400;\">: trimestrais no portal Hot Shop Online e viagem final com tudo incluso.<\/span><\/p><p><b>Comunica\u00e7\u00e3o exclusiva<\/b><span style=\"font-weight: 400;\">: e-mail, WhatsApp e site customizado.<\/span><\/p><p><b>Engajamento<\/b><span style=\"font-weight: 400;\"><span style=\"font-weight: 400;\">: din\u00e2micas interativas como quizzes, games e aceleradores de pontos.<\/span><\/span><\/p>\t\t\t\t\t\t\t\t<\/div>\n\t\t\t\t<\/div>\n\t\t\t\t<div class=\"elementor-element elementor-element-fdf309d elementor-widget elementor-widget-text-editor\" data-id=\"fdf309d\" data-element_type=\"widget\" data-widget_type=\"text-editor.default\">\n\t\t\t\t<div class=\"elementor-widget-container\">\n\t\t\t\t\t\t\t\t\t<p><b>Destaques<\/b><\/p><p><span style=\"font-weight: 400;\">Premia\u00e7\u00f5es trimestrais: Mais de 60 vencedores.<\/span><\/p><p><span style=\"font-weight: 400;\">Viagem final: Punta Cana, premiando mais de 50 participantes com acompanhantes.<\/span><\/p><p><span style=\"font-weight: 400;\">Essa campanha elevou a experi\u00eancia com ativa\u00e7\u00f5es criativas e um conceito marcante, entregando resultados excepcionais.<\/span><\/p>\t\t\t\t\t\t\t\t<\/div>\n\t\t\t\t<\/div>\n\t\t\t\t<div class=\"elementor-element elementor-element-d0b9b9f elementor-mobile-align-center elementor-widget elementor-widget-button\" data-id=\"d0b9b9f\" data-element_type=\"widget\" data-widget_type=\"button.default\">\n\t\t\t\t<div class=\"elementor-widget-container\">\n\t\t\t\t\t\t\t\t\t<div class=\"elementor-button-wrapper\">\n\t\t\t\t\t<a class=\"elementor-button elementor-button-link elementor-size-sm\" href=\"https:\/\/projetosddwb.com.br\/hsol\/live-marketing\/#cases\">\n\t\t\t\t\t\t<span class=\"elementor-button-content-wrapper\">\n\t\t\t\t\t\t<span class=\"elementor-button-icon\">\n\t\t\t\t<svg aria-hidden=\"true\" class=\"e-font-icon-svg e-fas-chevron-left\" viewBox=\"0 0 320 512\" xmlns=\"http:\/\/www.w3.org\/2000\/svg\"><path d=\"M34.52 239.03L228.87 44.69c9.37-9.37 24.57-9.37 33.94 0l22.67 22.67c9.36 9.36 9.37 24.52.04 33.9L131.49 256l154.02 154.75c9.34 9.38 9.32 24.54-.04 33.9l-22.67 22.67c-9.37 9.37-24.57 9.37-33.94 0L34.52 272.97c-9.37-9.37-9.37-24.57 0-33.94z\"><\/path><\/svg>\t\t\t<\/span>\n\t\t\t\t\t\t\t\t\t<span class=\"elementor-button-text\">Voltar<\/span>\n\t\t\t\t\t<\/span>\n\t\t\t\t\t<\/a>\n\t\t\t\t<\/div>\n\t\t\t\t\t\t\t\t<\/div>\n\t\t\t\t<\/div>\n\t\t\t\t<\/div>\n\t\t\t\t\t<\/div>\n\t\t\t\t<\/div>\n\t\t\t\t<\/div>\n\t\t","protected":false},"excerpt":{"rendered":"<p>ObjetivoConectar e engajar a for\u00e7a de vendas, destacando os &#8220;BIG FIVE&#8221; como tema, refor\u00e7ando o conceito de for\u00e7a, estrat\u00e9gia e supera\u00e7\u00e3o. Estrutura da Campanha Participantes: mais de 400 pessoas. Premia\u00e7\u00f5es: trimestrais no portal Hot Shop Online e viagem final com tudo incluso. Comunica\u00e7\u00e3o exclusiva: e-mail, WhatsApp e site customizado. Engajamento: din\u00e2micas interativas como quizzes, games [&hellip;]<\/p>\n","protected":false},"author":1,"featured_media":0,"parent":0,"menu_order":0,"comment_status":"closed","ping_status":"closed","template":"","meta":{"_acf_changed":false,"footnotes":""},"class_list":["post-697","page","type-page","status-publish","hentry"],"acf":[],"yoast_head":"<!-- This site is optimized with the Yoast SEO plugin v24.6 - https:\/\/yoast.com\/wordpress\/plugins\/seo\/ -->\n<title>Campanha de Incentivo \u2013 MUITO MAIS ANIMAL - HSol<\/title>\n<meta name=\"robots\" content=\"index, follow, max-snippet:-1, max-image-preview:large, max-video-preview:-1\" \/>\n<link rel=\"canonical\" href=\"https:\/\/projetosddwb.com.br\/hsol\/campanha-de-incentivo-muito-mais-animal\/\" \/>\n<meta property=\"og:locale\" content=\"pt_BR\" \/>\n<meta property=\"og:type\" content=\"article\" \/>\n<meta property=\"og:title\" content=\"Campanha de Incentivo \u2013 MUITO MAIS ANIMAL - HSol\" \/>\n<meta property=\"og:description\" content=\"ObjetivoConectar e engajar a for\u00e7a de vendas, destacando os &#8220;BIG FIVE&#8221; como tema, refor\u00e7ando o conceito de for\u00e7a, estrat\u00e9gia e supera\u00e7\u00e3o. Estrutura da Campanha Participantes: mais de 400 pessoas. Premia\u00e7\u00f5es: trimestrais no portal Hot Shop Online e viagem final com tudo incluso. Comunica\u00e7\u00e3o exclusiva: e-mail, WhatsApp e site customizado. Engajamento: din\u00e2micas interativas como quizzes, games [&hellip;]\" \/>\n<meta property=\"og:url\" content=\"https:\/\/projetosddwb.com.br\/hsol\/campanha-de-incentivo-muito-mais-animal\/\" \/>\n<meta property=\"og:site_name\" content=\"HSol\" \/>\n<meta property=\"article:modified_time\" content=\"2025-02-21T03:33:31+00:00\" \/>\n<meta property=\"og:image\" content=\"https:\/\/projetosddwb.com.br\/hsol\/wp-content\/uploads\/2025\/02\/Banner_rotativo_Mais_animal01.png\" \/>\n<meta name=\"twitter:card\" content=\"summary_large_image\" \/>\n<meta name=\"twitter:label1\" content=\"Est. tempo de leitura\" \/>\n\t<meta name=\"twitter:data1\" content=\"3 minutos\" \/>\n<script type=\"application\/ld+json\" class=\"yoast-schema-graph\">{\"@context\":\"https:\/\/schema.org\",\"@graph\":[{\"@type\":\"WebPage\",\"@id\":\"https:\/\/projetosddwb.com.br\/hsol\/campanha-de-incentivo-muito-mais-animal\/\",\"url\":\"https:\/\/projetosddwb.com.br\/hsol\/campanha-de-incentivo-muito-mais-animal\/\",\"name\":\"Campanha de Incentivo \u2013 MUITO MAIS ANIMAL - HSol\",\"isPartOf\":{\"@id\":\"https:\/\/projetosddwb.com.br\/hsol\/#website\"},\"primaryImageOfPage\":{\"@id\":\"https:\/\/projetosddwb.com.br\/hsol\/campanha-de-incentivo-muito-mais-animal\/#primaryimage\"},\"image\":{\"@id\":\"https:\/\/projetosddwb.com.br\/hsol\/campanha-de-incentivo-muito-mais-animal\/#primaryimage\"},\"thumbnailUrl\":\"https:\/\/projetosddwb.com.br\/hsol\/wp-content\/uploads\/2025\/02\/Banner_rotativo_Mais_animal01.png\",\"datePublished\":\"2025-01-21T11:55:49+00:00\",\"dateModified\":\"2025-02-21T03:33:31+00:00\",\"breadcrumb\":{\"@id\":\"https:\/\/projetosddwb.com.br\/hsol\/campanha-de-incentivo-muito-mais-animal\/#breadcrumb\"},\"inLanguage\":\"pt-BR\",\"potentialAction\":[{\"@type\":\"ReadAction\",\"target\":[\"https:\/\/projetosddwb.com.br\/hsol\/campanha-de-incentivo-muito-mais-animal\/\"]}]},{\"@type\":\"ImageObject\",\"inLanguage\":\"pt-BR\",\"@id\":\"https:\/\/projetosddwb.com.br\/hsol\/campanha-de-incentivo-muito-mais-animal\/#primaryimage\",\"url\":\"https:\/\/projetosddwb.com.br\/hsol\/wp-content\/uploads\/2025\/02\/Banner_rotativo_Mais_animal01.png\",\"contentUrl\":\"https:\/\/projetosddwb.com.br\/hsol\/wp-content\/uploads\/2025\/02\/Banner_rotativo_Mais_animal01.png\",\"width\":1920,\"height\":550},{\"@type\":\"BreadcrumbList\",\"@id\":\"https:\/\/projetosddwb.com.br\/hsol\/campanha-de-incentivo-muito-mais-animal\/#breadcrumb\",\"itemListElement\":[{\"@type\":\"ListItem\",\"position\":1,\"name\":\"Home\",\"item\":\"https:\/\/projetosddwb.com.br\/hsol\/\"},{\"@type\":\"ListItem\",\"position\":2,\"name\":\"Campanha de Incentivo \u2013 MUITO MAIS ANIMAL\"}]},{\"@type\":\"WebSite\",\"@id\":\"https:\/\/projetosddwb.com.br\/hsol\/#website\",\"url\":\"https:\/\/projetosddwb.com.br\/hsol\/\",\"name\":\"HSol\",\"description\":\"\",\"publisher\":{\"@id\":\"https:\/\/projetosddwb.com.br\/hsol\/#organization\"},\"potentialAction\":[{\"@type\":\"SearchAction\",\"target\":{\"@type\":\"EntryPoint\",\"urlTemplate\":\"https:\/\/projetosddwb.com.br\/hsol\/?s={search_term_string}\"},\"query-input\":{\"@type\":\"PropertyValueSpecification\",\"valueRequired\":true,\"valueName\":\"search_term_string\"}}],\"inLanguage\":\"pt-BR\"},{\"@type\":\"Organization\",\"@id\":\"https:\/\/projetosddwb.com.br\/hsol\/#organization\",\"name\":\"HSol\",\"url\":\"https:\/\/projetosddwb.com.br\/hsol\/\",\"logo\":{\"@type\":\"ImageObject\",\"inLanguage\":\"pt-BR\",\"@id\":\"https:\/\/projetosddwb.com.br\/hsol\/#\/schema\/logo\/image\/\",\"url\":\"https:\/\/projetosddwb.com.br\/hsol\/wp-content\/uploads\/2024\/12\/hsol-2.png\",\"contentUrl\":\"https:\/\/projetosddwb.com.br\/hsol\/wp-content\/uploads\/2024\/12\/hsol-2.png\",\"width\":132,\"height\":104,\"caption\":\"HSol\"},\"image\":{\"@id\":\"https:\/\/projetosddwb.com.br\/hsol\/#\/schema\/logo\/image\/\"}}]}<\/script>\n<!-- \/ Yoast SEO plugin. -->","yoast_head_json":{"title":"Campanha de Incentivo \u2013 MUITO MAIS ANIMAL - HSol","robots":{"index":"index","follow":"follow","max-snippet":"max-snippet:-1","max-image-preview":"max-image-preview:large","max-video-preview":"max-video-preview:-1"},"canonical":"https:\/\/projetosddwb.com.br\/hsol\/campanha-de-incentivo-muito-mais-animal\/","og_locale":"pt_BR","og_type":"article","og_title":"Campanha de Incentivo \u2013 MUITO MAIS ANIMAL - HSol","og_description":"ObjetivoConectar e engajar a for\u00e7a de vendas, destacando os &#8220;BIG FIVE&#8221; como tema, refor\u00e7ando o conceito de for\u00e7a, estrat\u00e9gia e supera\u00e7\u00e3o. Estrutura da Campanha Participantes: mais de 400 pessoas. Premia\u00e7\u00f5es: trimestrais no portal Hot Shop Online e viagem final com tudo incluso. Comunica\u00e7\u00e3o exclusiva: e-mail, WhatsApp e site customizado. Engajamento: din\u00e2micas interativas como quizzes, games [&hellip;]","og_url":"https:\/\/projetosddwb.com.br\/hsol\/campanha-de-incentivo-muito-mais-animal\/","og_site_name":"HSol","article_modified_time":"2025-02-21T03:33:31+00:00","og_image":[{"url":"https:\/\/projetosddwb.com.br\/hsol\/wp-content\/uploads\/2025\/02\/Banner_rotativo_Mais_animal01.png","type":"","width":"","height":""}],"twitter_card":"summary_large_image","twitter_misc":{"Est. tempo de leitura":"3 minutos"},"schema":{"@context":"https:\/\/schema.org","@graph":[{"@type":"WebPage","@id":"https:\/\/projetosddwb.com.br\/hsol\/campanha-de-incentivo-muito-mais-animal\/","url":"https:\/\/projetosddwb.com.br\/hsol\/campanha-de-incentivo-muito-mais-animal\/","name":"Campanha de Incentivo \u2013 MUITO MAIS ANIMAL - HSol","isPartOf":{"@id":"https:\/\/projetosddwb.com.br\/hsol\/#website"},"primaryImageOfPage":{"@id":"https:\/\/projetosddwb.com.br\/hsol\/campanha-de-incentivo-muito-mais-animal\/#primaryimage"},"image":{"@id":"https:\/\/projetosddwb.com.br\/hsol\/campanha-de-incentivo-muito-mais-animal\/#primaryimage"},"thumbnailUrl":"https:\/\/projetosddwb.com.br\/hsol\/wp-content\/uploads\/2025\/02\/Banner_rotativo_Mais_animal01.png","datePublished":"2025-01-21T11:55:49+00:00","dateModified":"2025-02-21T03:33:31+00:00","breadcrumb":{"@id":"https:\/\/projetosddwb.com.br\/hsol\/campanha-de-incentivo-muito-mais-animal\/#breadcrumb"},"inLanguage":"pt-BR","potentialAction":[{"@type":"ReadAction","target":["https:\/\/projetosddwb.com.br\/hsol\/campanha-de-incentivo-muito-mais-animal\/"]}]},{"@type":"ImageObject","inLanguage":"pt-BR","@id":"https:\/\/projetosddwb.com.br\/hsol\/campanha-de-incentivo-muito-mais-animal\/#primaryimage","url":"https:\/\/projetosddwb.com.br\/hsol\/wp-content\/uploads\/2025\/02\/Banner_rotativo_Mais_animal01.png","contentUrl":"https:\/\/projetosddwb.com.br\/hsol\/wp-content\/uploads\/2025\/02\/Banner_rotativo_Mais_animal01.png","width":1920,"height":550},{"@type":"BreadcrumbList","@id":"https:\/\/projetosddwb.com.br\/hsol\/campanha-de-incentivo-muito-mais-animal\/#breadcrumb","itemListElement":[{"@type":"ListItem","position":1,"name":"Home","item":"https:\/\/projetosddwb.com.br\/hsol\/"},{"@type":"ListItem","position":2,"name":"Campanha de Incentivo \u2013 MUITO MAIS ANIMAL"}]},{"@type":"WebSite","@id":"https:\/\/projetosddwb.com.br\/hsol\/#website","url":"https:\/\/projetosddwb.com.br\/hsol\/","name":"HSol","description":"","publisher":{"@id":"https:\/\/projetosddwb.com.br\/hsol\/#organization"},"potentialAction":[{"@type":"SearchAction","target":{"@type":"EntryPoint","urlTemplate":"https:\/\/projetosddwb.com.br\/hsol\/?s={search_term_string}"},"query-input":{"@type":"PropertyValueSpecification","valueRequired":true,"valueName":"search_term_string"}}],"inLanguage":"pt-BR"},{"@type":"Organization","@id":"https:\/\/projetosddwb.com.br\/hsol\/#organization","name":"HSol","url":"https:\/\/projetosddwb.com.br\/hsol\/","logo":{"@type":"ImageObject","inLanguage":"pt-BR","@id":"https:\/\/projetosddwb.com.br\/hsol\/#\/schema\/logo\/image\/","url":"https:\/\/projetosddwb.com.br\/hsol\/wp-content\/uploads\/2024\/12\/hsol-2.png","contentUrl":"https:\/\/projetosddwb.com.br\/hsol\/wp-content\/uploads\/2024\/12\/hsol-2.png","width":132,"height":104,"caption":"HSol"},"image":{"@id":"https:\/\/projetosddwb.com.br\/hsol\/#\/schema\/logo\/image\/"}}]}},"_links":{"self":[{"href":"https:\/\/projetosddwb.com.br\/hsol\/wp-json\/wp\/v2\/pages\/697","targetHints":{"allow":["GET"]}}],"collection":[{"href":"https:\/\/projetosddwb.com.br\/hsol\/wp-json\/wp\/v2\/pages"}],"about":[{"href":"https:\/\/projetosddwb.com.br\/hsol\/wp-json\/wp\/v2\/types\/page"}],"author":[{"embeddable":true,"href":"https:\/\/projetosddwb.com.br\/hsol\/wp-json\/wp\/v2\/users\/1"}],"replies":[{"embeddable":true,"href":"https:\/\/projetosddwb.com.br\/hsol\/wp-json\/wp\/v2\/comments?post=697"}],"version-history":[{"count":43,"href":"https:\/\/projetosddwb.com.br\/hsol\/wp-json\/wp\/v2\/pages\/697\/revisions"}],"predecessor-version":[{"id":2470,"href":"https:\/\/projetosddwb.com.br\/hsol\/wp-json\/wp\/v2\/pages\/697\/revisions\/2470"}],"wp:attachment":[{"href":"https:\/\/projetosddwb.com.br\/hsol\/wp-json\/wp\/v2\/media?parent=697"}],"curies":[{"name":"wp","href":"https:\/\/api.w.org\/{rel}","templated":true}]}}