{"id":699,"date":"2025-01-21T08:56:08","date_gmt":"2025-01-21T11:56:08","guid":{"rendered":"https:\/\/projetosddwb.com.br\/hsol\/?page_id=699"},"modified":"2025-02-21T00:33:24","modified_gmt":"2025-02-21T03:33:24","slug":"evento-conexao-avert","status":"publish","type":"page","link":"https:\/\/projetosddwb.com.br\/hsol\/evento-conexao-avert\/","title":{"rendered":"Evento \u2013 CONEX\u00c3O AVERT"},"content":{"rendered":"\t\t<div data-elementor-type=\"wp-page\" data-elementor-id=\"699\" class=\"elementor elementor-699\" data-elementor-post-type=\"page\">\n\t\t\t\t<div class=\"elementor-element elementor-element-849e9e9 e-con-full e-flex e-con e-parent\" data-id=\"849e9e9\" data-element_type=\"container\">\n\t\t\t\t<div class=\"elementor-element elementor-element-8817b78 elementor-hidden-tablet elementor-hidden-mobile elementor-pagination-position-outside elementor-widget elementor-widget-image-carousel\" data-id=\"8817b78\" data-element_type=\"widget\" data-settings=\"{&quot;slides_to_show&quot;:&quot;1&quot;,&quot;navigation&quot;:&quot;dots&quot;,&quot;autoplay&quot;:&quot;yes&quot;,&quot;pause_on_hover&quot;:&quot;yes&quot;,&quot;pause_on_interaction&quot;:&quot;yes&quot;,&quot;autoplay_speed&quot;:5000,&quot;infinite&quot;:&quot;yes&quot;,&quot;effect&quot;:&quot;slide&quot;,&quot;speed&quot;:500}\" data-widget_type=\"image-carousel.default\">\n\t\t\t\t<div class=\"elementor-widget-container\">\n\t\t\t\t\t\t\t<div class=\"elementor-image-carousel-wrapper swiper\" role=\"region\" aria-roledescription=\"carousel\" aria-label=\"Carrossel de imagens\" dir=\"ltr\">\n\t\t\t<div class=\"elementor-image-carousel swiper-wrapper\" aria-live=\"off\">\n\t\t\t\t\t\t\t\t<div class=\"swiper-slide\" role=\"group\" aria-roledescription=\"slide\" aria-label=\"1 de 2\"><figure class=\"swiper-slide-inner\"><img decoding=\"async\" class=\"swiper-slide-image\" src=\"https:\/\/projetosddwb.com.br\/hsol\/wp-content\/uploads\/2025\/02\/Banner_Rotativo_Conexao01.jpg\" alt=\"Banner_Rotativo_Conexao01\" \/><\/figure><\/div><div class=\"swiper-slide\" role=\"group\" aria-roledescription=\"slide\" aria-label=\"2 de 2\"><figure class=\"swiper-slide-inner\"><img decoding=\"async\" class=\"swiper-slide-image\" src=\"https:\/\/projetosddwb.com.br\/hsol\/wp-content\/uploads\/2025\/02\/Banner_Rotativo_Conexao02.jpg\" alt=\"Banner_Rotativo_Conexao02\" \/><\/figure><\/div>\t\t\t<\/div>\n\t\t\t\t\t\t\t\n\t\t\t\t\t\t\t\t\t<div class=\"swiper-pagination\"><\/div>\n\t\t\t\t\t\t\t\t\t<\/div>\n\t\t\t\t\t\t<\/div>\n\t\t\t\t<\/div>\n\t\t\t\t<div class=\"elementor-element elementor-element-4f125c8 elementor-hidden-desktop elementor-pagination-position-outside elementor-widget elementor-widget-image-carousel\" data-id=\"4f125c8\" data-element_type=\"widget\" data-settings=\"{&quot;slides_to_show&quot;:&quot;1&quot;,&quot;navigation&quot;:&quot;dots&quot;,&quot;autoplay&quot;:&quot;yes&quot;,&quot;pause_on_hover&quot;:&quot;yes&quot;,&quot;pause_on_interaction&quot;:&quot;yes&quot;,&quot;autoplay_speed&quot;:5000,&quot;infinite&quot;:&quot;yes&quot;,&quot;effect&quot;:&quot;slide&quot;,&quot;speed&quot;:500}\" data-widget_type=\"image-carousel.default\">\n\t\t\t\t<div class=\"elementor-widget-container\">\n\t\t\t\t\t\t\t<div class=\"elementor-image-carousel-wrapper swiper\" role=\"region\" aria-roledescription=\"carousel\" aria-label=\"Carrossel de imagens\" dir=\"ltr\">\n\t\t\t<div class=\"elementor-image-carousel swiper-wrapper\" aria-live=\"off\">\n\t\t\t\t\t\t\t\t<div class=\"swiper-slide\" role=\"group\" aria-roledescription=\"slide\" aria-label=\"1 de 4\"><figure class=\"swiper-slide-inner\"><img decoding=\"async\" class=\"swiper-slide-image\" src=\"https:\/\/projetosddwb.com.br\/hsol\/wp-content\/uploads\/2025\/02\/Banner_Mob_Conexao01.jpg\" alt=\"Banner_Mob_Conexao01\" \/><\/figure><\/div><div class=\"swiper-slide\" role=\"group\" aria-roledescription=\"slide\" aria-label=\"2 de 4\"><figure class=\"swiper-slide-inner\"><img decoding=\"async\" class=\"swiper-slide-image\" src=\"https:\/\/projetosddwb.com.br\/hsol\/wp-content\/uploads\/2025\/02\/Banner_Mob_Conexao02.jpg\" alt=\"Banner_Mob_Conexao02\" \/><\/figure><\/div><div class=\"swiper-slide\" role=\"group\" aria-roledescription=\"slide\" aria-label=\"3 de 4\"><figure class=\"swiper-slide-inner\"><img decoding=\"async\" class=\"swiper-slide-image\" src=\"https:\/\/projetosddwb.com.br\/hsol\/wp-content\/uploads\/2025\/02\/Banner_Mob_Conexao03.jpg\" alt=\"Banner_Mob_Conexao03\" \/><\/figure><\/div><div class=\"swiper-slide\" role=\"group\" aria-roledescription=\"slide\" aria-label=\"4 de 4\"><figure class=\"swiper-slide-inner\"><img decoding=\"async\" class=\"swiper-slide-image\" src=\"https:\/\/projetosddwb.com.br\/hsol\/wp-content\/uploads\/2025\/02\/Banner_Mob_Conexao04.jpg\" alt=\"Banner_Mob_Conexao04\" \/><\/figure><\/div>\t\t\t<\/div>\n\t\t\t\t\t\t\t\n\t\t\t\t\t\t\t\t\t<div class=\"swiper-pagination\"><\/div>\n\t\t\t\t\t\t\t\t\t<\/div>\n\t\t\t\t\t\t<\/div>\n\t\t\t\t<\/div>\n\t\t\t\t<\/div>\n\t\t<div class=\"elementor-element elementor-element-59cc4a4 e-flex e-con-boxed e-con e-parent\" data-id=\"59cc4a4\" data-element_type=\"container\" data-settings=\"{&quot;background_background&quot;:&quot;classic&quot;}\">\n\t\t\t\t\t<div class=\"e-con-inner\">\n\t\t\t\t<div class=\"elementor-element elementor-element-22e048c elementor-widget elementor-widget-heading\" data-id=\"22e048c\" data-element_type=\"widget\" data-widget_type=\"heading.default\">\n\t\t\t\t<div class=\"elementor-widget-container\">\n\t\t\t\t\t<h3 class=\"elementor-heading-title elementor-size-default\">Evento \u2013 CONEX\u00c3O AVERT<\/h3>\t\t\t\t<\/div>\n\t\t\t\t<\/div>\n\t\t\t\t\t<\/div>\n\t\t\t\t<\/div>\n\t\t<div class=\"elementor-element elementor-element-7cc7709 e-flex e-con-boxed e-con e-parent\" data-id=\"7cc7709\" data-element_type=\"container\">\n\t\t\t\t\t<div class=\"e-con-inner\">\n\t\t<div class=\"elementor-element elementor-element-17e642d e-con-full e-flex e-con e-child\" data-id=\"17e642d\" data-element_type=\"container\">\n\t\t\t\t<div class=\"elementor-element elementor-element-c712a7b elementor-widget elementor-widget-text-editor\" data-id=\"c712a7b\" data-element_type=\"widget\" data-widget_type=\"text-editor.default\">\n\t\t\t\t<div class=\"elementor-widget-container\">\n\t\t\t\t\t\t\t\t\t<p><b>Objetivo<\/b><b><br \/><\/b><span style=\"font-weight: 400;\">Reunir os principais distribuidores em um evento exclusivo para apresenta\u00e7\u00e3o de produtos.<\/span><\/p><p>\u00a0<\/p><p><b>Destaques do Evento<\/b><\/p><p><span style=\"font-weight: 400;\">Local: churrascaria Premium NB Steak JK, com espa\u00e7o fechado e cenografia exclusiva.<\/span><\/p><p><span style=\"font-weight: 400;\">Estrutura: palco, painel de LED, sonoriza\u00e7\u00e3o e ambienta\u00e7\u00e3o de alto padr\u00e3o.<\/span><\/p><p><span style=\"font-weight: 400;\">Experi\u00eancia: paredes instagram\u00e1veis, card\u00e1pio exclusivo e suporte completo de staff.<\/span><\/p><p><span style=\"font-weight: 400;\"><span style=\"font-weight: 400;\">Comunica\u00e7\u00e3o: cria\u00e7\u00e3o pr\u00e9, durante e p\u00f3s-evento com opera\u00e7\u00e3o RSVP.<\/span><\/span><\/p><p><span style=\"font-weight: 400;\">Com 200 participantes, o evento entregou uma experi\u00eancia sofisticada e alinhada ao posicionamento da marca.<\/span><\/p>\t\t\t\t\t\t\t\t<\/div>\n\t\t\t\t<\/div>\n\t\t\t\t<div class=\"elementor-element elementor-element-71e644c elementor-mobile-align-center elementor-widget elementor-widget-button\" data-id=\"71e644c\" data-element_type=\"widget\" data-widget_type=\"button.default\">\n\t\t\t\t<div class=\"elementor-widget-container\">\n\t\t\t\t\t\t\t\t\t<div class=\"elementor-button-wrapper\">\n\t\t\t\t\t<a class=\"elementor-button elementor-button-link elementor-size-sm\" href=\"https:\/\/projetosddwb.com.br\/hsol\/live-marketing\/#cases\">\n\t\t\t\t\t\t<span class=\"elementor-button-content-wrapper\">\n\t\t\t\t\t\t<span class=\"elementor-button-icon\">\n\t\t\t\t<svg aria-hidden=\"true\" class=\"e-font-icon-svg e-fas-chevron-left\" viewBox=\"0 0 320 512\" xmlns=\"http:\/\/www.w3.org\/2000\/svg\"><path d=\"M34.52 239.03L228.87 44.69c9.37-9.37 24.57-9.37 33.94 0l22.67 22.67c9.36 9.36 9.37 24.52.04 33.9L131.49 256l154.02 154.75c9.34 9.38 9.32 24.54-.04 33.9l-22.67 22.67c-9.37 9.37-24.57 9.37-33.94 0L34.52 272.97c-9.37-9.37-9.37-24.57 0-33.94z\"><\/path><\/svg>\t\t\t<\/span>\n\t\t\t\t\t\t\t\t\t<span class=\"elementor-button-text\">Voltar<\/span>\n\t\t\t\t\t<\/span>\n\t\t\t\t\t<\/a>\n\t\t\t\t<\/div>\n\t\t\t\t\t\t\t\t<\/div>\n\t\t\t\t<\/div>\n\t\t\t\t<\/div>\n\t\t\t\t\t<\/div>\n\t\t\t\t<\/div>\n\t\t\t\t<\/div>\n\t\t","protected":false},"excerpt":{"rendered":"<p>ObjetivoReunir os principais distribuidores em um evento exclusivo para apresenta\u00e7\u00e3o de produtos. \u00a0 Destaques do Evento Local: churrascaria Premium NB Steak JK, com espa\u00e7o fechado e cenografia exclusiva. Estrutura: palco, painel de LED, sonoriza\u00e7\u00e3o e ambienta\u00e7\u00e3o de alto padr\u00e3o. Experi\u00eancia: paredes instagram\u00e1veis, card\u00e1pio exclusivo e suporte completo de staff. Comunica\u00e7\u00e3o: cria\u00e7\u00e3o pr\u00e9, durante e p\u00f3s-evento [&hellip;]<\/p>\n","protected":false},"author":1,"featured_media":0,"parent":0,"menu_order":0,"comment_status":"closed","ping_status":"closed","template":"","meta":{"_acf_changed":false,"footnotes":""},"class_list":["post-699","page","type-page","status-publish","hentry"],"acf":[],"yoast_head":"<!-- This site is optimized with the Yoast SEO plugin v24.6 - https:\/\/yoast.com\/wordpress\/plugins\/seo\/ -->\n<title>Evento \u2013 CONEX\u00c3O AVERT - HSol<\/title>\n<meta name=\"robots\" content=\"index, follow, max-snippet:-1, max-image-preview:large, max-video-preview:-1\" \/>\n<link rel=\"canonical\" href=\"https:\/\/projetosddwb.com.br\/hsol\/evento-conexao-avert\/\" \/>\n<meta property=\"og:locale\" content=\"pt_BR\" \/>\n<meta property=\"og:type\" content=\"article\" \/>\n<meta property=\"og:title\" content=\"Evento \u2013 CONEX\u00c3O AVERT - HSol\" \/>\n<meta property=\"og:description\" content=\"ObjetivoReunir os principais distribuidores em um evento exclusivo para apresenta\u00e7\u00e3o de produtos. \u00a0 Destaques do Evento Local: churrascaria Premium NB Steak JK, com espa\u00e7o fechado e cenografia exclusiva. Estrutura: palco, painel de LED, sonoriza\u00e7\u00e3o e ambienta\u00e7\u00e3o de alto padr\u00e3o. Experi\u00eancia: paredes instagram\u00e1veis, card\u00e1pio exclusivo e suporte completo de staff. Comunica\u00e7\u00e3o: cria\u00e7\u00e3o pr\u00e9, durante e p\u00f3s-evento [&hellip;]\" \/>\n<meta property=\"og:url\" content=\"https:\/\/projetosddwb.com.br\/hsol\/evento-conexao-avert\/\" \/>\n<meta property=\"og:site_name\" content=\"HSol\" \/>\n<meta property=\"article:modified_time\" content=\"2025-02-21T03:33:24+00:00\" \/>\n<meta property=\"og:image\" content=\"https:\/\/projetosddwb.com.br\/hsol\/wp-content\/uploads\/2025\/02\/Banner_Rotativo_Conexao01.jpg\" \/>\n<meta name=\"twitter:card\" content=\"summary_large_image\" \/>\n<meta name=\"twitter:label1\" content=\"Est. tempo de leitura\" \/>\n\t<meta name=\"twitter:data1\" content=\"3 minutos\" \/>\n<script type=\"application\/ld+json\" class=\"yoast-schema-graph\">{\"@context\":\"https:\/\/schema.org\",\"@graph\":[{\"@type\":\"WebPage\",\"@id\":\"https:\/\/projetosddwb.com.br\/hsol\/evento-conexao-avert\/\",\"url\":\"https:\/\/projetosddwb.com.br\/hsol\/evento-conexao-avert\/\",\"name\":\"Evento \u2013 CONEX\u00c3O AVERT - HSol\",\"isPartOf\":{\"@id\":\"https:\/\/projetosddwb.com.br\/hsol\/#website\"},\"primaryImageOfPage\":{\"@id\":\"https:\/\/projetosddwb.com.br\/hsol\/evento-conexao-avert\/#primaryimage\"},\"image\":{\"@id\":\"https:\/\/projetosddwb.com.br\/hsol\/evento-conexao-avert\/#primaryimage\"},\"thumbnailUrl\":\"https:\/\/projetosddwb.com.br\/hsol\/wp-content\/uploads\/2025\/02\/Banner_Rotativo_Conexao01.jpg\",\"datePublished\":\"2025-01-21T11:56:08+00:00\",\"dateModified\":\"2025-02-21T03:33:24+00:00\",\"breadcrumb\":{\"@id\":\"https:\/\/projetosddwb.com.br\/hsol\/evento-conexao-avert\/#breadcrumb\"},\"inLanguage\":\"pt-BR\",\"potentialAction\":[{\"@type\":\"ReadAction\",\"target\":[\"https:\/\/projetosddwb.com.br\/hsol\/evento-conexao-avert\/\"]}]},{\"@type\":\"ImageObject\",\"inLanguage\":\"pt-BR\",\"@id\":\"https:\/\/projetosddwb.com.br\/hsol\/evento-conexao-avert\/#primaryimage\",\"url\":\"https:\/\/projetosddwb.com.br\/hsol\/wp-content\/uploads\/2025\/02\/Banner_Rotativo_Conexao01.jpg\",\"contentUrl\":\"https:\/\/projetosddwb.com.br\/hsol\/wp-content\/uploads\/2025\/02\/Banner_Rotativo_Conexao01.jpg\",\"width\":1920,\"height\":550},{\"@type\":\"BreadcrumbList\",\"@id\":\"https:\/\/projetosddwb.com.br\/hsol\/evento-conexao-avert\/#breadcrumb\",\"itemListElement\":[{\"@type\":\"ListItem\",\"position\":1,\"name\":\"Home\",\"item\":\"https:\/\/projetosddwb.com.br\/hsol\/\"},{\"@type\":\"ListItem\",\"position\":2,\"name\":\"Evento \u2013 CONEX\u00c3O AVERT\"}]},{\"@type\":\"WebSite\",\"@id\":\"https:\/\/projetosddwb.com.br\/hsol\/#website\",\"url\":\"https:\/\/projetosddwb.com.br\/hsol\/\",\"name\":\"HSol\",\"description\":\"\",\"publisher\":{\"@id\":\"https:\/\/projetosddwb.com.br\/hsol\/#organization\"},\"potentialAction\":[{\"@type\":\"SearchAction\",\"target\":{\"@type\":\"EntryPoint\",\"urlTemplate\":\"https:\/\/projetosddwb.com.br\/hsol\/?s={search_term_string}\"},\"query-input\":{\"@type\":\"PropertyValueSpecification\",\"valueRequired\":true,\"valueName\":\"search_term_string\"}}],\"inLanguage\":\"pt-BR\"},{\"@type\":\"Organization\",\"@id\":\"https:\/\/projetosddwb.com.br\/hsol\/#organization\",\"name\":\"HSol\",\"url\":\"https:\/\/projetosddwb.com.br\/hsol\/\",\"logo\":{\"@type\":\"ImageObject\",\"inLanguage\":\"pt-BR\",\"@id\":\"https:\/\/projetosddwb.com.br\/hsol\/#\/schema\/logo\/image\/\",\"url\":\"https:\/\/projetosddwb.com.br\/hsol\/wp-content\/uploads\/2024\/12\/hsol-2.png\",\"contentUrl\":\"https:\/\/projetosddwb.com.br\/hsol\/wp-content\/uploads\/2024\/12\/hsol-2.png\",\"width\":132,\"height\":104,\"caption\":\"HSol\"},\"image\":{\"@id\":\"https:\/\/projetosddwb.com.br\/hsol\/#\/schema\/logo\/image\/\"}}]}<\/script>\n<!-- \/ Yoast SEO plugin. -->","yoast_head_json":{"title":"Evento \u2013 CONEX\u00c3O AVERT - HSol","robots":{"index":"index","follow":"follow","max-snippet":"max-snippet:-1","max-image-preview":"max-image-preview:large","max-video-preview":"max-video-preview:-1"},"canonical":"https:\/\/projetosddwb.com.br\/hsol\/evento-conexao-avert\/","og_locale":"pt_BR","og_type":"article","og_title":"Evento \u2013 CONEX\u00c3O AVERT - HSol","og_description":"ObjetivoReunir os principais distribuidores em um evento exclusivo para apresenta\u00e7\u00e3o de produtos. \u00a0 Destaques do Evento Local: churrascaria Premium NB Steak JK, com espa\u00e7o fechado e cenografia exclusiva. Estrutura: palco, painel de LED, sonoriza\u00e7\u00e3o e ambienta\u00e7\u00e3o de alto padr\u00e3o. Experi\u00eancia: paredes instagram\u00e1veis, card\u00e1pio exclusivo e suporte completo de staff. Comunica\u00e7\u00e3o: cria\u00e7\u00e3o pr\u00e9, durante e p\u00f3s-evento [&hellip;]","og_url":"https:\/\/projetosddwb.com.br\/hsol\/evento-conexao-avert\/","og_site_name":"HSol","article_modified_time":"2025-02-21T03:33:24+00:00","og_image":[{"url":"https:\/\/projetosddwb.com.br\/hsol\/wp-content\/uploads\/2025\/02\/Banner_Rotativo_Conexao01.jpg","type":"","width":"","height":""}],"twitter_card":"summary_large_image","twitter_misc":{"Est. tempo de leitura":"3 minutos"},"schema":{"@context":"https:\/\/schema.org","@graph":[{"@type":"WebPage","@id":"https:\/\/projetosddwb.com.br\/hsol\/evento-conexao-avert\/","url":"https:\/\/projetosddwb.com.br\/hsol\/evento-conexao-avert\/","name":"Evento \u2013 CONEX\u00c3O AVERT - HSol","isPartOf":{"@id":"https:\/\/projetosddwb.com.br\/hsol\/#website"},"primaryImageOfPage":{"@id":"https:\/\/projetosddwb.com.br\/hsol\/evento-conexao-avert\/#primaryimage"},"image":{"@id":"https:\/\/projetosddwb.com.br\/hsol\/evento-conexao-avert\/#primaryimage"},"thumbnailUrl":"https:\/\/projetosddwb.com.br\/hsol\/wp-content\/uploads\/2025\/02\/Banner_Rotativo_Conexao01.jpg","datePublished":"2025-01-21T11:56:08+00:00","dateModified":"2025-02-21T03:33:24+00:00","breadcrumb":{"@id":"https:\/\/projetosddwb.com.br\/hsol\/evento-conexao-avert\/#breadcrumb"},"inLanguage":"pt-BR","potentialAction":[{"@type":"ReadAction","target":["https:\/\/projetosddwb.com.br\/hsol\/evento-conexao-avert\/"]}]},{"@type":"ImageObject","inLanguage":"pt-BR","@id":"https:\/\/projetosddwb.com.br\/hsol\/evento-conexao-avert\/#primaryimage","url":"https:\/\/projetosddwb.com.br\/hsol\/wp-content\/uploads\/2025\/02\/Banner_Rotativo_Conexao01.jpg","contentUrl":"https:\/\/projetosddwb.com.br\/hsol\/wp-content\/uploads\/2025\/02\/Banner_Rotativo_Conexao01.jpg","width":1920,"height":550},{"@type":"BreadcrumbList","@id":"https:\/\/projetosddwb.com.br\/hsol\/evento-conexao-avert\/#breadcrumb","itemListElement":[{"@type":"ListItem","position":1,"name":"Home","item":"https:\/\/projetosddwb.com.br\/hsol\/"},{"@type":"ListItem","position":2,"name":"Evento \u2013 CONEX\u00c3O AVERT"}]},{"@type":"WebSite","@id":"https:\/\/projetosddwb.com.br\/hsol\/#website","url":"https:\/\/projetosddwb.com.br\/hsol\/","name":"HSol","description":"","publisher":{"@id":"https:\/\/projetosddwb.com.br\/hsol\/#organization"},"potentialAction":[{"@type":"SearchAction","target":{"@type":"EntryPoint","urlTemplate":"https:\/\/projetosddwb.com.br\/hsol\/?s={search_term_string}"},"query-input":{"@type":"PropertyValueSpecification","valueRequired":true,"valueName":"search_term_string"}}],"inLanguage":"pt-BR"},{"@type":"Organization","@id":"https:\/\/projetosddwb.com.br\/hsol\/#organization","name":"HSol","url":"https:\/\/projetosddwb.com.br\/hsol\/","logo":{"@type":"ImageObject","inLanguage":"pt-BR","@id":"https:\/\/projetosddwb.com.br\/hsol\/#\/schema\/logo\/image\/","url":"https:\/\/projetosddwb.com.br\/hsol\/wp-content\/uploads\/2024\/12\/hsol-2.png","contentUrl":"https:\/\/projetosddwb.com.br\/hsol\/wp-content\/uploads\/2024\/12\/hsol-2.png","width":132,"height":104,"caption":"HSol"},"image":{"@id":"https:\/\/projetosddwb.com.br\/hsol\/#\/schema\/logo\/image\/"}}]}},"_links":{"self":[{"href":"https:\/\/projetosddwb.com.br\/hsol\/wp-json\/wp\/v2\/pages\/699","targetHints":{"allow":["GET"]}}],"collection":[{"href":"https:\/\/projetosddwb.com.br\/hsol\/wp-json\/wp\/v2\/pages"}],"about":[{"href":"https:\/\/projetosddwb.com.br\/hsol\/wp-json\/wp\/v2\/types\/page"}],"author":[{"embeddable":true,"href":"https:\/\/projetosddwb.com.br\/hsol\/wp-json\/wp\/v2\/users\/1"}],"replies":[{"embeddable":true,"href":"https:\/\/projetosddwb.com.br\/hsol\/wp-json\/wp\/v2\/comments?post=699"}],"version-history":[{"count":52,"href":"https:\/\/projetosddwb.com.br\/hsol\/wp-json\/wp\/v2\/pages\/699\/revisions"}],"predecessor-version":[{"id":2464,"href":"https:\/\/projetosddwb.com.br\/hsol\/wp-json\/wp\/v2\/pages\/699\/revisions\/2464"}],"wp:attachment":[{"href":"https:\/\/projetosddwb.com.br\/hsol\/wp-json\/wp\/v2\/media?parent=699"}],"curies":[{"name":"wp","href":"https:\/\/api.w.org\/{rel}","templated":true}]}}