{"id":703,"date":"2025-01-21T08:56:48","date_gmt":"2025-01-21T11:56:48","guid":{"rendered":"https:\/\/projetosddwb.com.br\/hsol\/?page_id=703"},"modified":"2025-02-21T00:33:01","modified_gmt":"2025-02-21T03:33:01","slug":"feira-de-negocios-siavis-phibro","status":"publish","type":"page","link":"https:\/\/projetosddwb.com.br\/hsol\/feira-de-negocios-siavis-phibro\/","title":{"rendered":"Feira de Neg\u00f3cios \u2013 SIAVIS PHIBRO"},"content":{"rendered":"\t\t<div data-elementor-type=\"wp-page\" data-elementor-id=\"703\" class=\"elementor elementor-703\" data-elementor-post-type=\"page\">\n\t\t\t\t<div class=\"elementor-element elementor-element-db8d2b5 e-con-full e-flex e-con e-parent\" data-id=\"db8d2b5\" data-element_type=\"container\">\n\t\t\t\t<div class=\"elementor-element elementor-element-d858b41 elementor-hidden-tablet elementor-hidden-mobile elementor-pagination-position-outside elementor-widget elementor-widget-image-carousel\" data-id=\"d858b41\" data-element_type=\"widget\" data-settings=\"{&quot;slides_to_show&quot;:&quot;1&quot;,&quot;navigation&quot;:&quot;dots&quot;,&quot;autoplay&quot;:&quot;yes&quot;,&quot;pause_on_hover&quot;:&quot;yes&quot;,&quot;pause_on_interaction&quot;:&quot;yes&quot;,&quot;autoplay_speed&quot;:5000,&quot;infinite&quot;:&quot;yes&quot;,&quot;effect&quot;:&quot;slide&quot;,&quot;speed&quot;:500}\" data-widget_type=\"image-carousel.default\">\n\t\t\t\t<div class=\"elementor-widget-container\">\n\t\t\t\t\t\t\t<div class=\"elementor-image-carousel-wrapper swiper\" role=\"region\" aria-roledescription=\"carousel\" aria-label=\"Carrossel de imagens\" dir=\"ltr\">\n\t\t\t<div class=\"elementor-image-carousel swiper-wrapper\" aria-live=\"off\">\n\t\t\t\t\t\t\t\t<div class=\"swiper-slide\" role=\"group\" aria-roledescription=\"slide\" aria-label=\"1 de 5\"><figure class=\"swiper-slide-inner\"><img decoding=\"async\" class=\"swiper-slide-image\" src=\"https:\/\/projetosddwb.com.br\/hsol\/wp-content\/uploads\/2025\/02\/Banner_Rotativo_SIAVIS-01.jpg\" alt=\"Banner_Rotativo_SIAVIS-01\" \/><\/figure><\/div><div class=\"swiper-slide\" role=\"group\" aria-roledescription=\"slide\" aria-label=\"2 de 5\"><figure class=\"swiper-slide-inner\"><img decoding=\"async\" class=\"swiper-slide-image\" src=\"https:\/\/projetosddwb.com.br\/hsol\/wp-content\/uploads\/2025\/02\/Banner_Rotativo_SIAVIS-02.jpg\" alt=\"Banner_Rotativo_SIAVIS-02\" \/><\/figure><\/div><div class=\"swiper-slide\" role=\"group\" aria-roledescription=\"slide\" aria-label=\"3 de 5\"><figure class=\"swiper-slide-inner\"><img decoding=\"async\" class=\"swiper-slide-image\" src=\"https:\/\/projetosddwb.com.br\/hsol\/wp-content\/uploads\/2025\/02\/Banner_Rotativo_SIAVIS-03.jpg\" alt=\"Banner_Rotativo_SIAVIS-03\" \/><\/figure><\/div><div class=\"swiper-slide\" role=\"group\" aria-roledescription=\"slide\" aria-label=\"4 de 5\"><figure class=\"swiper-slide-inner\"><img decoding=\"async\" class=\"swiper-slide-image\" src=\"https:\/\/projetosddwb.com.br\/hsol\/wp-content\/uploads\/2025\/02\/Banner_Rotativo_SIAVIS-05.jpg\" alt=\"Banner_Rotativo_SIAVIS-05\" \/><\/figure><\/div><div class=\"swiper-slide\" role=\"group\" aria-roledescription=\"slide\" aria-label=\"5 de 5\"><figure class=\"swiper-slide-inner\"><img decoding=\"async\" class=\"swiper-slide-image\" src=\"https:\/\/projetosddwb.com.br\/hsol\/wp-content\/uploads\/2025\/02\/Banner_Rotativo_SIAVIS-06.jpg\" alt=\"Banner_Rotativo_SIAVIS-06\" \/><\/figure><\/div>\t\t\t<\/div>\n\t\t\t\t\t\t\t\n\t\t\t\t\t\t\t\t\t<div class=\"swiper-pagination\"><\/div>\n\t\t\t\t\t\t\t\t\t<\/div>\n\t\t\t\t\t\t<\/div>\n\t\t\t\t<\/div>\n\t\t\t\t<div class=\"elementor-element elementor-element-e7b9c9c elementor-hidden-desktop elementor-pagination-position-outside elementor-widget elementor-widget-image-carousel\" data-id=\"e7b9c9c\" data-element_type=\"widget\" data-settings=\"{&quot;slides_to_show&quot;:&quot;1&quot;,&quot;navigation&quot;:&quot;dots&quot;,&quot;autoplay&quot;:&quot;yes&quot;,&quot;pause_on_hover&quot;:&quot;yes&quot;,&quot;pause_on_interaction&quot;:&quot;yes&quot;,&quot;autoplay_speed&quot;:5000,&quot;infinite&quot;:&quot;yes&quot;,&quot;effect&quot;:&quot;slide&quot;,&quot;speed&quot;:500}\" data-widget_type=\"image-carousel.default\">\n\t\t\t\t<div class=\"elementor-widget-container\">\n\t\t\t\t\t\t\t<div class=\"elementor-image-carousel-wrapper swiper\" role=\"region\" aria-roledescription=\"carousel\" aria-label=\"Carrossel de imagens\" dir=\"ltr\">\n\t\t\t<div class=\"elementor-image-carousel swiper-wrapper\" aria-live=\"off\">\n\t\t\t\t\t\t\t\t<div class=\"swiper-slide\" role=\"group\" aria-roledescription=\"slide\" aria-label=\"1 de 5\"><figure class=\"swiper-slide-inner\"><img decoding=\"async\" class=\"swiper-slide-image\" src=\"https:\/\/projetosddwb.com.br\/hsol\/wp-content\/uploads\/2025\/02\/Banner_Rotativo_SIAVIS_MOB-01.jpg\" alt=\"Banner_Rotativo_SIAVIS_MOB-01\" \/><\/figure><\/div><div class=\"swiper-slide\" role=\"group\" aria-roledescription=\"slide\" aria-label=\"2 de 5\"><figure class=\"swiper-slide-inner\"><img decoding=\"async\" class=\"swiper-slide-image\" src=\"https:\/\/projetosddwb.com.br\/hsol\/wp-content\/uploads\/2025\/02\/Banner_Rotativo_SIAVIS_MOB-02.jpg\" alt=\"Banner_Rotativo_SIAVIS_MOB-02\" \/><\/figure><\/div><div class=\"swiper-slide\" role=\"group\" aria-roledescription=\"slide\" aria-label=\"3 de 5\"><figure class=\"swiper-slide-inner\"><img decoding=\"async\" class=\"swiper-slide-image\" src=\"https:\/\/projetosddwb.com.br\/hsol\/wp-content\/uploads\/2025\/02\/Banner_Rotativo_SIAVIS_MOB-03.jpg\" alt=\"Banner_Rotativo_SIAVIS_MOB--03\" \/><\/figure><\/div><div class=\"swiper-slide\" role=\"group\" aria-roledescription=\"slide\" aria-label=\"4 de 5\"><figure class=\"swiper-slide-inner\"><img decoding=\"async\" class=\"swiper-slide-image\" src=\"https:\/\/projetosddwb.com.br\/hsol\/wp-content\/uploads\/2025\/02\/Banner_Rotativo_SIAVIS_MOB-04.jpg\" alt=\"Banner_Rotativo_SIAVIS_MOB-04\" \/><\/figure><\/div><div class=\"swiper-slide\" role=\"group\" aria-roledescription=\"slide\" aria-label=\"5 de 5\"><figure class=\"swiper-slide-inner\"><img decoding=\"async\" class=\"swiper-slide-image\" src=\"https:\/\/projetosddwb.com.br\/hsol\/wp-content\/uploads\/2025\/02\/Banner_Rotativo_SIAVIS_MOB-05.jpg\" alt=\"Banner_Rotativo_SIAVIS_MOB-05\" \/><\/figure><\/div>\t\t\t<\/div>\n\t\t\t\t\t\t\t\n\t\t\t\t\t\t\t\t\t<div class=\"swiper-pagination\"><\/div>\n\t\t\t\t\t\t\t\t\t<\/div>\n\t\t\t\t\t\t<\/div>\n\t\t\t\t<\/div>\n\t\t\t\t<\/div>\n\t\t<div class=\"elementor-element elementor-element-e358b3a e-flex e-con-boxed e-con e-parent\" data-id=\"e358b3a\" data-element_type=\"container\" data-settings=\"{&quot;background_background&quot;:&quot;classic&quot;}\">\n\t\t\t\t\t<div class=\"e-con-inner\">\n\t\t\t\t<div class=\"elementor-element elementor-element-e8d8c19 elementor-widget elementor-widget-heading\" data-id=\"e8d8c19\" data-element_type=\"widget\" data-widget_type=\"heading.default\">\n\t\t\t\t<div class=\"elementor-widget-container\">\n\t\t\t\t\t<h3 class=\"elementor-heading-title elementor-size-default\">Feira de Neg\u00f3cios \u2013 SIAVIS PHIBRO<\/h3>\t\t\t\t<\/div>\n\t\t\t\t<\/div>\n\t\t\t\t\t<\/div>\n\t\t\t\t<\/div>\n\t\t<div class=\"elementor-element elementor-element-75b87bb e-flex e-con-boxed e-con e-parent\" data-id=\"75b87bb\" data-element_type=\"container\">\n\t\t\t\t\t<div class=\"e-con-inner\">\n\t\t<div class=\"elementor-element elementor-element-cb1b86e e-con-full e-flex e-con e-child\" data-id=\"cb1b86e\" data-element_type=\"container\">\n\t\t\t\t<div class=\"elementor-element elementor-element-da58d1c elementor-widget elementor-widget-text-editor\" data-id=\"da58d1c\" data-element_type=\"widget\" data-widget_type=\"text-editor.default\">\n\t\t\t\t<div class=\"elementor-widget-container\">\n\t\t\t\t\t\t\t\t\t<p><b>Objetivo<\/b><b><br \/><\/b><span style=\"font-weight: 400;\">Apresentar inova\u00e7\u00f5es no segmento de aves e su\u00ednos com destaque para produtos sustent\u00e1veis.<\/span><\/p><p><b>Destaques do Estande<\/b><\/p><p><span style=\"font-weight: 400;\">\u00c1rea: mais de 100m\u00b2, com design sustent\u00e1vel que venceu o pr\u00eamio de estande mais sustent\u00e1vel.<\/span><\/p><p><span style=\"font-weight: 400;\">Atra\u00e7\u00f5es: quiz interativo com distribui\u00e7\u00e3o de 300 pel\u00facias personalizadas.<\/span><\/p><p><span style=\"font-weight: 400;\"><span style=\"font-weight: 400;\">Resultados: mais de 1.200 cadastros realizados durante a feira.<\/span><\/span><\/p><p><span style=\"font-weight: 400;\">O projeto uniu criatividade, sustentabilidade e resultados estrat\u00e9gicos para maximizar o impacto na feira.<\/span><\/p>\t\t\t\t\t\t\t\t<\/div>\n\t\t\t\t<\/div>\n\t\t\t\t<div class=\"elementor-element elementor-element-8ed0062 elementor-mobile-align-center elementor-widget elementor-widget-button\" data-id=\"8ed0062\" data-element_type=\"widget\" data-widget_type=\"button.default\">\n\t\t\t\t<div class=\"elementor-widget-container\">\n\t\t\t\t\t\t\t\t\t<div class=\"elementor-button-wrapper\">\n\t\t\t\t\t<a class=\"elementor-button elementor-button-link elementor-size-sm\" href=\"https:\/\/projetosddwb.com.br\/hsol\/live-marketing\/#cases\">\n\t\t\t\t\t\t<span class=\"elementor-button-content-wrapper\">\n\t\t\t\t\t\t<span class=\"elementor-button-icon\">\n\t\t\t\t<svg aria-hidden=\"true\" class=\"e-font-icon-svg e-fas-chevron-left\" viewBox=\"0 0 320 512\" xmlns=\"http:\/\/www.w3.org\/2000\/svg\"><path d=\"M34.52 239.03L228.87 44.69c9.37-9.37 24.57-9.37 33.94 0l22.67 22.67c9.36 9.36 9.37 24.52.04 33.9L131.49 256l154.02 154.75c9.34 9.38 9.32 24.54-.04 33.9l-22.67 22.67c-9.37 9.37-24.57 9.37-33.94 0L34.52 272.97c-9.37-9.37-9.37-24.57 0-33.94z\"><\/path><\/svg>\t\t\t<\/span>\n\t\t\t\t\t\t\t\t\t<span class=\"elementor-button-text\">Voltar<\/span>\n\t\t\t\t\t<\/span>\n\t\t\t\t\t<\/a>\n\t\t\t\t<\/div>\n\t\t\t\t\t\t\t\t<\/div>\n\t\t\t\t<\/div>\n\t\t\t\t<\/div>\n\t\t\t\t\t<\/div>\n\t\t\t\t<\/div>\n\t\t\t\t<\/div>\n\t\t","protected":false},"excerpt":{"rendered":"<p>ObjetivoApresentar inova\u00e7\u00f5es no segmento de aves e su\u00ednos com destaque para produtos sustent\u00e1veis. Destaques do Estande \u00c1rea: mais de 100m\u00b2, com design sustent\u00e1vel que venceu o pr\u00eamio de estande mais sustent\u00e1vel. Atra\u00e7\u00f5es: quiz interativo com distribui\u00e7\u00e3o de 300 pel\u00facias personalizadas. Resultados: mais de 1.200 cadastros realizados durante a feira. O projeto uniu criatividade, sustentabilidade e [&hellip;]<\/p>\n","protected":false},"author":1,"featured_media":0,"parent":0,"menu_order":0,"comment_status":"closed","ping_status":"closed","template":"","meta":{"_acf_changed":false,"footnotes":""},"class_list":["post-703","page","type-page","status-publish","hentry"],"acf":[],"yoast_head":"<!-- This site is optimized with the Yoast SEO plugin v24.6 - https:\/\/yoast.com\/wordpress\/plugins\/seo\/ -->\n<title>Feira de Neg\u00f3cios \u2013 SIAVIS PHIBRO - HSol<\/title>\n<meta name=\"robots\" content=\"index, follow, max-snippet:-1, max-image-preview:large, max-video-preview:-1\" \/>\n<link rel=\"canonical\" href=\"https:\/\/projetosddwb.com.br\/hsol\/feira-de-negocios-siavis-phibro\/\" \/>\n<meta property=\"og:locale\" content=\"pt_BR\" \/>\n<meta property=\"og:type\" content=\"article\" \/>\n<meta property=\"og:title\" content=\"Feira de Neg\u00f3cios \u2013 SIAVIS PHIBRO - HSol\" \/>\n<meta property=\"og:description\" content=\"ObjetivoApresentar inova\u00e7\u00f5es no segmento de aves e su\u00ednos com destaque para produtos sustent\u00e1veis. Destaques do Estande \u00c1rea: mais de 100m\u00b2, com design sustent\u00e1vel que venceu o pr\u00eamio de estande mais sustent\u00e1vel. Atra\u00e7\u00f5es: quiz interativo com distribui\u00e7\u00e3o de 300 pel\u00facias personalizadas. Resultados: mais de 1.200 cadastros realizados durante a feira. O projeto uniu criatividade, sustentabilidade e [&hellip;]\" \/>\n<meta property=\"og:url\" content=\"https:\/\/projetosddwb.com.br\/hsol\/feira-de-negocios-siavis-phibro\/\" \/>\n<meta property=\"og:site_name\" content=\"HSol\" \/>\n<meta property=\"article:modified_time\" content=\"2025-02-21T03:33:01+00:00\" \/>\n<meta property=\"og:image\" content=\"https:\/\/projetosddwb.com.br\/hsol\/wp-content\/uploads\/2025\/02\/Banner_Rotativo_SIAVIS-01.jpg\" \/>\n<meta name=\"twitter:card\" content=\"summary_large_image\" \/>\n<meta name=\"twitter:label1\" content=\"Est. tempo de leitura\" \/>\n\t<meta name=\"twitter:data1\" content=\"4 minutos\" \/>\n<script type=\"application\/ld+json\" class=\"yoast-schema-graph\">{\"@context\":\"https:\/\/schema.org\",\"@graph\":[{\"@type\":\"WebPage\",\"@id\":\"https:\/\/projetosddwb.com.br\/hsol\/feira-de-negocios-siavis-phibro\/\",\"url\":\"https:\/\/projetosddwb.com.br\/hsol\/feira-de-negocios-siavis-phibro\/\",\"name\":\"Feira de Neg\u00f3cios \u2013 SIAVIS PHIBRO - HSol\",\"isPartOf\":{\"@id\":\"https:\/\/projetosddwb.com.br\/hsol\/#website\"},\"primaryImageOfPage\":{\"@id\":\"https:\/\/projetosddwb.com.br\/hsol\/feira-de-negocios-siavis-phibro\/#primaryimage\"},\"image\":{\"@id\":\"https:\/\/projetosddwb.com.br\/hsol\/feira-de-negocios-siavis-phibro\/#primaryimage\"},\"thumbnailUrl\":\"https:\/\/projetosddwb.com.br\/hsol\/wp-content\/uploads\/2025\/02\/Banner_Rotativo_SIAVIS-01.jpg\",\"datePublished\":\"2025-01-21T11:56:48+00:00\",\"dateModified\":\"2025-02-21T03:33:01+00:00\",\"breadcrumb\":{\"@id\":\"https:\/\/projetosddwb.com.br\/hsol\/feira-de-negocios-siavis-phibro\/#breadcrumb\"},\"inLanguage\":\"pt-BR\",\"potentialAction\":[{\"@type\":\"ReadAction\",\"target\":[\"https:\/\/projetosddwb.com.br\/hsol\/feira-de-negocios-siavis-phibro\/\"]}]},{\"@type\":\"ImageObject\",\"inLanguage\":\"pt-BR\",\"@id\":\"https:\/\/projetosddwb.com.br\/hsol\/feira-de-negocios-siavis-phibro\/#primaryimage\",\"url\":\"https:\/\/projetosddwb.com.br\/hsol\/wp-content\/uploads\/2025\/02\/Banner_Rotativo_SIAVIS-01.jpg\",\"contentUrl\":\"https:\/\/projetosddwb.com.br\/hsol\/wp-content\/uploads\/2025\/02\/Banner_Rotativo_SIAVIS-01.jpg\",\"width\":1920,\"height\":550},{\"@type\":\"BreadcrumbList\",\"@id\":\"https:\/\/projetosddwb.com.br\/hsol\/feira-de-negocios-siavis-phibro\/#breadcrumb\",\"itemListElement\":[{\"@type\":\"ListItem\",\"position\":1,\"name\":\"Home\",\"item\":\"https:\/\/projetosddwb.com.br\/hsol\/\"},{\"@type\":\"ListItem\",\"position\":2,\"name\":\"Feira de Neg\u00f3cios \u2013 SIAVIS PHIBRO\"}]},{\"@type\":\"WebSite\",\"@id\":\"https:\/\/projetosddwb.com.br\/hsol\/#website\",\"url\":\"https:\/\/projetosddwb.com.br\/hsol\/\",\"name\":\"HSol\",\"description\":\"\",\"publisher\":{\"@id\":\"https:\/\/projetosddwb.com.br\/hsol\/#organization\"},\"potentialAction\":[{\"@type\":\"SearchAction\",\"target\":{\"@type\":\"EntryPoint\",\"urlTemplate\":\"https:\/\/projetosddwb.com.br\/hsol\/?s={search_term_string}\"},\"query-input\":{\"@type\":\"PropertyValueSpecification\",\"valueRequired\":true,\"valueName\":\"search_term_string\"}}],\"inLanguage\":\"pt-BR\"},{\"@type\":\"Organization\",\"@id\":\"https:\/\/projetosddwb.com.br\/hsol\/#organization\",\"name\":\"HSol\",\"url\":\"https:\/\/projetosddwb.com.br\/hsol\/\",\"logo\":{\"@type\":\"ImageObject\",\"inLanguage\":\"pt-BR\",\"@id\":\"https:\/\/projetosddwb.com.br\/hsol\/#\/schema\/logo\/image\/\",\"url\":\"https:\/\/projetosddwb.com.br\/hsol\/wp-content\/uploads\/2024\/12\/hsol-2.png\",\"contentUrl\":\"https:\/\/projetosddwb.com.br\/hsol\/wp-content\/uploads\/2024\/12\/hsol-2.png\",\"width\":132,\"height\":104,\"caption\":\"HSol\"},\"image\":{\"@id\":\"https:\/\/projetosddwb.com.br\/hsol\/#\/schema\/logo\/image\/\"}}]}<\/script>\n<!-- \/ Yoast SEO plugin. -->","yoast_head_json":{"title":"Feira de Neg\u00f3cios \u2013 SIAVIS PHIBRO - HSol","robots":{"index":"index","follow":"follow","max-snippet":"max-snippet:-1","max-image-preview":"max-image-preview:large","max-video-preview":"max-video-preview:-1"},"canonical":"https:\/\/projetosddwb.com.br\/hsol\/feira-de-negocios-siavis-phibro\/","og_locale":"pt_BR","og_type":"article","og_title":"Feira de Neg\u00f3cios \u2013 SIAVIS PHIBRO - HSol","og_description":"ObjetivoApresentar inova\u00e7\u00f5es no segmento de aves e su\u00ednos com destaque para produtos sustent\u00e1veis. Destaques do Estande \u00c1rea: mais de 100m\u00b2, com design sustent\u00e1vel que venceu o pr\u00eamio de estande mais sustent\u00e1vel. Atra\u00e7\u00f5es: quiz interativo com distribui\u00e7\u00e3o de 300 pel\u00facias personalizadas. Resultados: mais de 1.200 cadastros realizados durante a feira. O projeto uniu criatividade, sustentabilidade e [&hellip;]","og_url":"https:\/\/projetosddwb.com.br\/hsol\/feira-de-negocios-siavis-phibro\/","og_site_name":"HSol","article_modified_time":"2025-02-21T03:33:01+00:00","og_image":[{"url":"https:\/\/projetosddwb.com.br\/hsol\/wp-content\/uploads\/2025\/02\/Banner_Rotativo_SIAVIS-01.jpg","type":"","width":"","height":""}],"twitter_card":"summary_large_image","twitter_misc":{"Est. tempo de leitura":"4 minutos"},"schema":{"@context":"https:\/\/schema.org","@graph":[{"@type":"WebPage","@id":"https:\/\/projetosddwb.com.br\/hsol\/feira-de-negocios-siavis-phibro\/","url":"https:\/\/projetosddwb.com.br\/hsol\/feira-de-negocios-siavis-phibro\/","name":"Feira de Neg\u00f3cios \u2013 SIAVIS PHIBRO - HSol","isPartOf":{"@id":"https:\/\/projetosddwb.com.br\/hsol\/#website"},"primaryImageOfPage":{"@id":"https:\/\/projetosddwb.com.br\/hsol\/feira-de-negocios-siavis-phibro\/#primaryimage"},"image":{"@id":"https:\/\/projetosddwb.com.br\/hsol\/feira-de-negocios-siavis-phibro\/#primaryimage"},"thumbnailUrl":"https:\/\/projetosddwb.com.br\/hsol\/wp-content\/uploads\/2025\/02\/Banner_Rotativo_SIAVIS-01.jpg","datePublished":"2025-01-21T11:56:48+00:00","dateModified":"2025-02-21T03:33:01+00:00","breadcrumb":{"@id":"https:\/\/projetosddwb.com.br\/hsol\/feira-de-negocios-siavis-phibro\/#breadcrumb"},"inLanguage":"pt-BR","potentialAction":[{"@type":"ReadAction","target":["https:\/\/projetosddwb.com.br\/hsol\/feira-de-negocios-siavis-phibro\/"]}]},{"@type":"ImageObject","inLanguage":"pt-BR","@id":"https:\/\/projetosddwb.com.br\/hsol\/feira-de-negocios-siavis-phibro\/#primaryimage","url":"https:\/\/projetosddwb.com.br\/hsol\/wp-content\/uploads\/2025\/02\/Banner_Rotativo_SIAVIS-01.jpg","contentUrl":"https:\/\/projetosddwb.com.br\/hsol\/wp-content\/uploads\/2025\/02\/Banner_Rotativo_SIAVIS-01.jpg","width":1920,"height":550},{"@type":"BreadcrumbList","@id":"https:\/\/projetosddwb.com.br\/hsol\/feira-de-negocios-siavis-phibro\/#breadcrumb","itemListElement":[{"@type":"ListItem","position":1,"name":"Home","item":"https:\/\/projetosddwb.com.br\/hsol\/"},{"@type":"ListItem","position":2,"name":"Feira de Neg\u00f3cios \u2013 SIAVIS PHIBRO"}]},{"@type":"WebSite","@id":"https:\/\/projetosddwb.com.br\/hsol\/#website","url":"https:\/\/projetosddwb.com.br\/hsol\/","name":"HSol","description":"","publisher":{"@id":"https:\/\/projetosddwb.com.br\/hsol\/#organization"},"potentialAction":[{"@type":"SearchAction","target":{"@type":"EntryPoint","urlTemplate":"https:\/\/projetosddwb.com.br\/hsol\/?s={search_term_string}"},"query-input":{"@type":"PropertyValueSpecification","valueRequired":true,"valueName":"search_term_string"}}],"inLanguage":"pt-BR"},{"@type":"Organization","@id":"https:\/\/projetosddwb.com.br\/hsol\/#organization","name":"HSol","url":"https:\/\/projetosddwb.com.br\/hsol\/","logo":{"@type":"ImageObject","inLanguage":"pt-BR","@id":"https:\/\/projetosddwb.com.br\/hsol\/#\/schema\/logo\/image\/","url":"https:\/\/projetosddwb.com.br\/hsol\/wp-content\/uploads\/2024\/12\/hsol-2.png","contentUrl":"https:\/\/projetosddwb.com.br\/hsol\/wp-content\/uploads\/2024\/12\/hsol-2.png","width":132,"height":104,"caption":"HSol"},"image":{"@id":"https:\/\/projetosddwb.com.br\/hsol\/#\/schema\/logo\/image\/"}}]}},"_links":{"self":[{"href":"https:\/\/projetosddwb.com.br\/hsol\/wp-json\/wp\/v2\/pages\/703","targetHints":{"allow":["GET"]}}],"collection":[{"href":"https:\/\/projetosddwb.com.br\/hsol\/wp-json\/wp\/v2\/pages"}],"about":[{"href":"https:\/\/projetosddwb.com.br\/hsol\/wp-json\/wp\/v2\/types\/page"}],"author":[{"embeddable":true,"href":"https:\/\/projetosddwb.com.br\/hsol\/wp-json\/wp\/v2\/users\/1"}],"replies":[{"embeddable":true,"href":"https:\/\/projetosddwb.com.br\/hsol\/wp-json\/wp\/v2\/comments?post=703"}],"version-history":[{"count":49,"href":"https:\/\/projetosddwb.com.br\/hsol\/wp-json\/wp\/v2\/pages\/703\/revisions"}],"predecessor-version":[{"id":2449,"href":"https:\/\/projetosddwb.com.br\/hsol\/wp-json\/wp\/v2\/pages\/703\/revisions\/2449"}],"wp:attachment":[{"href":"https:\/\/projetosddwb.com.br\/hsol\/wp-json\/wp\/v2\/media?parent=703"}],"curies":[{"name":"wp","href":"https:\/\/api.w.org\/{rel}","templated":true}]}}