{"id":943,"date":"2025-01-24T07:28:41","date_gmt":"2025-01-24T10:28:41","guid":{"rendered":"https:\/\/projetosddwb.com.br\/hsol\/?page_id=943"},"modified":"2025-02-21T00:32:56","modified_gmt":"2025-02-21T03:32:56","slug":"campanha-de-incentivo-ligabio","status":"publish","type":"page","link":"https:\/\/projetosddwb.com.br\/hsol\/campanha-de-incentivo-ligabio\/","title":{"rendered":"Campanha de Incentivo \u2013 LIGABIO"},"content":{"rendered":"\t\t<div data-elementor-type=\"wp-page\" data-elementor-id=\"943\" class=\"elementor elementor-943\" data-elementor-post-type=\"page\">\n\t\t\t\t<div class=\"elementor-element elementor-element-c7665a2 e-con-full e-flex e-con e-parent\" data-id=\"c7665a2\" data-element_type=\"container\">\n\t\t\t\t<div class=\"elementor-element elementor-element-f9d540a elementor-hidden-tablet elementor-hidden-mobile elementor-pagination-position-outside elementor-widget elementor-widget-image-carousel\" data-id=\"f9d540a\" data-element_type=\"widget\" data-settings=\"{&quot;slides_to_show&quot;:&quot;1&quot;,&quot;navigation&quot;:&quot;dots&quot;,&quot;autoplay&quot;:&quot;yes&quot;,&quot;pause_on_hover&quot;:&quot;yes&quot;,&quot;pause_on_interaction&quot;:&quot;yes&quot;,&quot;autoplay_speed&quot;:5000,&quot;infinite&quot;:&quot;yes&quot;,&quot;effect&quot;:&quot;slide&quot;,&quot;speed&quot;:500}\" data-widget_type=\"image-carousel.default\">\n\t\t\t\t<div class=\"elementor-widget-container\">\n\t\t\t\t\t\t\t<div class=\"elementor-image-carousel-wrapper swiper\" role=\"region\" aria-roledescription=\"carousel\" aria-label=\"Carrossel de imagens\" dir=\"ltr\">\n\t\t\t<div class=\"elementor-image-carousel swiper-wrapper\" aria-live=\"off\">\n\t\t\t\t\t\t\t\t<div class=\"swiper-slide\" role=\"group\" aria-roledescription=\"slide\" aria-label=\"1 de 5\"><figure class=\"swiper-slide-inner\"><img decoding=\"async\" class=\"swiper-slide-image\" src=\"https:\/\/projetosddwb.com.br\/hsol\/wp-content\/uploads\/2025\/02\/Banner_Rotativo_Biolab01.jpg\" alt=\"Banner_Rotativo_Biolab01\" \/><\/figure><\/div><div class=\"swiper-slide\" role=\"group\" aria-roledescription=\"slide\" aria-label=\"2 de 5\"><figure class=\"swiper-slide-inner\"><img decoding=\"async\" class=\"swiper-slide-image\" src=\"https:\/\/projetosddwb.com.br\/hsol\/wp-content\/uploads\/2025\/02\/Banner_Rotativo_Biolab-02.jpg\" alt=\"Banner_Rotativo_Biolab-02\" \/><\/figure><\/div><div class=\"swiper-slide\" role=\"group\" aria-roledescription=\"slide\" aria-label=\"3 de 5\"><figure class=\"swiper-slide-inner\"><img decoding=\"async\" class=\"swiper-slide-image\" src=\"https:\/\/projetosddwb.com.br\/hsol\/wp-content\/uploads\/2025\/02\/Banner_Rotativo_Biolab-03.jpg\" alt=\"Banner_Rotativo_Biolab-03\" \/><\/figure><\/div><div class=\"swiper-slide\" role=\"group\" aria-roledescription=\"slide\" aria-label=\"4 de 5\"><figure class=\"swiper-slide-inner\"><img decoding=\"async\" class=\"swiper-slide-image\" src=\"https:\/\/projetosddwb.com.br\/hsol\/wp-content\/uploads\/2025\/02\/Banner_Rotativo_Biolab-04.jpg\" alt=\"Banner_Rotativo_Biolab-04\" \/><\/figure><\/div><div class=\"swiper-slide\" role=\"group\" aria-roledescription=\"slide\" aria-label=\"5 de 5\"><figure class=\"swiper-slide-inner\"><img decoding=\"async\" class=\"swiper-slide-image\" src=\"https:\/\/projetosddwb.com.br\/hsol\/wp-content\/uploads\/2025\/02\/Banner_Rotativo_Biolab-05.jpg\" alt=\"Banner_Rotativo_Biolab-05\" \/><\/figure><\/div>\t\t\t<\/div>\n\t\t\t\t\t\t\t\n\t\t\t\t\t\t\t\t\t<div class=\"swiper-pagination\"><\/div>\n\t\t\t\t\t\t\t\t\t<\/div>\n\t\t\t\t\t\t<\/div>\n\t\t\t\t<\/div>\n\t\t\t\t<div class=\"elementor-element elementor-element-80aa197 elementor-hidden-desktop elementor-pagination-position-outside elementor-widget elementor-widget-image-carousel\" data-id=\"80aa197\" data-element_type=\"widget\" data-settings=\"{&quot;slides_to_show&quot;:&quot;1&quot;,&quot;navigation&quot;:&quot;dots&quot;,&quot;autoplay&quot;:&quot;yes&quot;,&quot;pause_on_hover&quot;:&quot;yes&quot;,&quot;pause_on_interaction&quot;:&quot;yes&quot;,&quot;autoplay_speed&quot;:5000,&quot;infinite&quot;:&quot;yes&quot;,&quot;effect&quot;:&quot;slide&quot;,&quot;speed&quot;:500}\" data-widget_type=\"image-carousel.default\">\n\t\t\t\t<div class=\"elementor-widget-container\">\n\t\t\t\t\t\t\t<div class=\"elementor-image-carousel-wrapper swiper\" role=\"region\" aria-roledescription=\"carousel\" aria-label=\"Carrossel de imagens\" dir=\"ltr\">\n\t\t\t<div class=\"elementor-image-carousel swiper-wrapper\" aria-live=\"off\">\n\t\t\t\t\t\t\t\t<div class=\"swiper-slide\" role=\"group\" aria-roledescription=\"slide\" aria-label=\"1 de 5\"><figure class=\"swiper-slide-inner\"><img decoding=\"async\" class=\"swiper-slide-image\" src=\"https:\/\/projetosddwb.com.br\/hsol\/wp-content\/uploads\/2025\/02\/Banner_Rotativo_Biolab_MOB-01.jpg\" alt=\"Banner_Rotativo_Biolab_MOB-01\" \/><\/figure><\/div><div class=\"swiper-slide\" role=\"group\" aria-roledescription=\"slide\" aria-label=\"2 de 5\"><figure class=\"swiper-slide-inner\"><img decoding=\"async\" class=\"swiper-slide-image\" src=\"https:\/\/projetosddwb.com.br\/hsol\/wp-content\/uploads\/2025\/02\/Banner_Rotativo_Biolab_MOB-02.jpg\" alt=\"Banner_Rotativo_Biolab_MOB-02\" \/><\/figure><\/div><div class=\"swiper-slide\" role=\"group\" aria-roledescription=\"slide\" aria-label=\"3 de 5\"><figure class=\"swiper-slide-inner\"><img decoding=\"async\" class=\"swiper-slide-image\" src=\"https:\/\/projetosddwb.com.br\/hsol\/wp-content\/uploads\/2025\/02\/Banner_Rotativo_Biolab_MOB-03.jpg\" alt=\"Banner_Rotativo_Biolab_MOB-03\" \/><\/figure><\/div><div class=\"swiper-slide\" role=\"group\" aria-roledescription=\"slide\" aria-label=\"4 de 5\"><figure class=\"swiper-slide-inner\"><img decoding=\"async\" class=\"swiper-slide-image\" src=\"https:\/\/projetosddwb.com.br\/hsol\/wp-content\/uploads\/2025\/02\/Banner_Rotativo_Biolab_MOB-04.jpg\" alt=\"Banner_Rotativo_Biolab_MOB-04\" \/><\/figure><\/div><div class=\"swiper-slide\" role=\"group\" aria-roledescription=\"slide\" aria-label=\"5 de 5\"><figure class=\"swiper-slide-inner\"><img decoding=\"async\" class=\"swiper-slide-image\" src=\"https:\/\/projetosddwb.com.br\/hsol\/wp-content\/uploads\/2025\/02\/Banner_Rotativo_Biolab_MOB-05.jpg\" alt=\"Banner_Rotativo_Biolab_MOB-05\" \/><\/figure><\/div>\t\t\t<\/div>\n\t\t\t\t\t\t\t\n\t\t\t\t\t\t\t\t\t<div class=\"swiper-pagination\"><\/div>\n\t\t\t\t\t\t\t\t\t<\/div>\n\t\t\t\t\t\t<\/div>\n\t\t\t\t<\/div>\n\t\t\t\t<\/div>\n\t\t<div class=\"elementor-element elementor-element-559ec43 e-flex e-con-boxed e-con e-parent\" data-id=\"559ec43\" data-element_type=\"container\" data-settings=\"{&quot;background_background&quot;:&quot;classic&quot;}\">\n\t\t\t\t\t<div class=\"e-con-inner\">\n\t\t\t\t<div class=\"elementor-element elementor-element-2aa5d58 elementor-widget elementor-widget-heading\" data-id=\"2aa5d58\" data-element_type=\"widget\" data-widget_type=\"heading.default\">\n\t\t\t\t<div class=\"elementor-widget-container\">\n\t\t\t\t\t<h3 class=\"elementor-heading-title elementor-size-default\">Campanha de Incentivo \u2013 LIGABIO<\/h3>\t\t\t\t<\/div>\n\t\t\t\t<\/div>\n\t\t\t\t\t<\/div>\n\t\t\t\t<\/div>\n\t\t<div class=\"elementor-element elementor-element-e879ed8 e-flex e-con-boxed e-con e-parent\" data-id=\"e879ed8\" data-element_type=\"container\">\n\t\t\t\t\t<div class=\"e-con-inner\">\n\t\t<div class=\"elementor-element elementor-element-91a9fae e-con-full e-flex e-con e-child\" data-id=\"91a9fae\" data-element_type=\"container\">\n\t\t\t\t<div class=\"elementor-element elementor-element-d2589b0 elementor-widget elementor-widget-text-editor\" data-id=\"d2589b0\" data-element_type=\"widget\" data-widget_type=\"text-editor.default\">\n\t\t\t\t<div class=\"elementor-widget-container\">\n\t\t\t\t\t\t\t\t\t<p><b>Objetivo:<\/b><b><br \/><\/b><span style=\"font-weight: 400;\">Fomentar o engajamento e o crescimento das vendas entre os distribuidores da Biolab Gen\u00e9ricos, com metas claras que promovem competitividade saud\u00e1vel e reconhecem os melhores desempenhos.<\/span><\/p><p><b>Estrutura da Campanha:<\/b><b><br \/><\/b><span style=\"font-weight: 400;\">Os distribuidores foram avaliados com base no cumprimento de metas mensais, mix de produtos e vendas de produtos foco. A pontua\u00e7\u00e3o acumulada definiu os vencedores, garantindo um processo de avalia\u00e7\u00e3o justo e motivador.<\/span><\/p><p><b>Premia\u00e7\u00f5es:<\/b><span style=\"font-weight: 400;\"> mais de R$ 100 mil em pr\u00eamios no portal de premia\u00e7\u00e3o, motos el\u00e9tricas, R$ 10 mil em Biocoins para os melhores do trimestre, 13\u00ba pedido bonificado e uma Fiorino ba\u00fa personalizada como pr\u00eamio final.<\/span><\/p>\t\t\t\t\t\t\t\t<\/div>\n\t\t\t\t<\/div>\n\t\t\t\t<div class=\"elementor-element elementor-element-0d2d9d8 elementor-widget elementor-widget-text-editor\" data-id=\"0d2d9d8\" data-element_type=\"widget\" data-widget_type=\"text-editor.default\">\n\t\t\t\t<div class=\"elementor-widget-container\">\n\t\t\t\t\t\t\t\t\t<p><b>Destaques:<\/b><\/p><p><span style=\"font-weight: 400;\">Reconhecimento cont\u00ednuo com premia\u00e7\u00f5es ao longo do ano.<\/span><\/p><p><span style=\"font-weight: 400;\">Comunica\u00e7\u00e3o clara e engajante.<\/span><\/p><p><span style=\"font-weight: 400;\">Transpar\u00eancia nos crit\u00e9rios de apura\u00e7\u00e3o e desempate.<\/span><\/p><p><span style=\"font-weight: 400;\">A campanha contou com a participa\u00e7\u00e3o ativa de grandes distribuidoras de todo o Brasil, gerando engajamento estrat\u00e9gico, maior visibilidade para os produtos e amplia\u00e7\u00e3o da performance de vendas.<\/span><\/p>\t\t\t\t\t\t\t\t<\/div>\n\t\t\t\t<\/div>\n\t\t\t\t<div class=\"elementor-element elementor-element-4dfce52 elementor-mobile-align-center elementor-widget elementor-widget-button\" data-id=\"4dfce52\" data-element_type=\"widget\" data-widget_type=\"button.default\">\n\t\t\t\t<div class=\"elementor-widget-container\">\n\t\t\t\t\t\t\t\t\t<div class=\"elementor-button-wrapper\">\n\t\t\t\t\t<a class=\"elementor-button elementor-button-link elementor-size-sm\" href=\"https:\/\/projetosddwb.com.br\/hsol\/live-marketing\/#cases\">\n\t\t\t\t\t\t<span class=\"elementor-button-content-wrapper\">\n\t\t\t\t\t\t<span class=\"elementor-button-icon\">\n\t\t\t\t<svg aria-hidden=\"true\" class=\"e-font-icon-svg e-fas-chevron-left\" viewBox=\"0 0 320 512\" xmlns=\"http:\/\/www.w3.org\/2000\/svg\"><path d=\"M34.52 239.03L228.87 44.69c9.37-9.37 24.57-9.37 33.94 0l22.67 22.67c9.36 9.36 9.37 24.52.04 33.9L131.49 256l154.02 154.75c9.34 9.38 9.32 24.54-.04 33.9l-22.67 22.67c-9.37 9.37-24.57 9.37-33.94 0L34.52 272.97c-9.37-9.37-9.37-24.57 0-33.94z\"><\/path><\/svg>\t\t\t<\/span>\n\t\t\t\t\t\t\t\t\t<span class=\"elementor-button-text\">Voltar<\/span>\n\t\t\t\t\t<\/span>\n\t\t\t\t\t<\/a>\n\t\t\t\t<\/div>\n\t\t\t\t\t\t\t\t<\/div>\n\t\t\t\t<\/div>\n\t\t\t\t<\/div>\n\t\t\t\t\t<\/div>\n\t\t\t\t<\/div>\n\t\t\t\t<\/div>\n\t\t","protected":false},"excerpt":{"rendered":"<p>Objetivo:Fomentar o engajamento e o crescimento das vendas entre os distribuidores da Biolab Gen\u00e9ricos, com metas claras que promovem competitividade saud\u00e1vel e reconhecem os melhores desempenhos. Estrutura da Campanha:Os distribuidores foram avaliados com base no cumprimento de metas mensais, mix de produtos e vendas de produtos foco. A pontua\u00e7\u00e3o acumulada definiu os vencedores, garantindo um [&hellip;]<\/p>\n","protected":false},"author":1,"featured_media":0,"parent":0,"menu_order":0,"comment_status":"closed","ping_status":"closed","template":"","meta":{"_acf_changed":false,"footnotes":""},"class_list":["post-943","page","type-page","status-publish","hentry"],"acf":[],"yoast_head":"<!-- This site is optimized with the Yoast SEO plugin v24.6 - https:\/\/yoast.com\/wordpress\/plugins\/seo\/ -->\n<title>Campanha de Incentivo \u2013 LIGABIO - HSol<\/title>\n<meta name=\"robots\" content=\"index, follow, max-snippet:-1, max-image-preview:large, max-video-preview:-1\" \/>\n<link rel=\"canonical\" href=\"https:\/\/projetosddwb.com.br\/hsol\/campanha-de-incentivo-ligabio\/\" \/>\n<meta property=\"og:locale\" content=\"pt_BR\" \/>\n<meta property=\"og:type\" content=\"article\" \/>\n<meta property=\"og:title\" content=\"Campanha de Incentivo \u2013 LIGABIO - HSol\" \/>\n<meta property=\"og:description\" content=\"Objetivo:Fomentar o engajamento e o crescimento das vendas entre os distribuidores da Biolab Gen\u00e9ricos, com metas claras que promovem competitividade saud\u00e1vel e reconhecem os melhores desempenhos. Estrutura da Campanha:Os distribuidores foram avaliados com base no cumprimento de metas mensais, mix de produtos e vendas de produtos foco. A pontua\u00e7\u00e3o acumulada definiu os vencedores, garantindo um [&hellip;]\" \/>\n<meta property=\"og:url\" content=\"https:\/\/projetosddwb.com.br\/hsol\/campanha-de-incentivo-ligabio\/\" \/>\n<meta property=\"og:site_name\" content=\"HSol\" \/>\n<meta property=\"article:modified_time\" content=\"2025-02-21T03:32:56+00:00\" \/>\n<meta property=\"og:image\" content=\"https:\/\/projetosddwb.com.br\/hsol\/wp-content\/uploads\/2025\/02\/Banner_Rotativo_Biolab01.jpg\" \/>\n<meta name=\"twitter:card\" content=\"summary_large_image\" \/>\n<meta name=\"twitter:label1\" content=\"Est. tempo de leitura\" \/>\n\t<meta name=\"twitter:data1\" content=\"4 minutos\" \/>\n<script type=\"application\/ld+json\" class=\"yoast-schema-graph\">{\"@context\":\"https:\/\/schema.org\",\"@graph\":[{\"@type\":\"WebPage\",\"@id\":\"https:\/\/projetosddwb.com.br\/hsol\/campanha-de-incentivo-ligabio\/\",\"url\":\"https:\/\/projetosddwb.com.br\/hsol\/campanha-de-incentivo-ligabio\/\",\"name\":\"Campanha de Incentivo \u2013 LIGABIO - HSol\",\"isPartOf\":{\"@id\":\"https:\/\/projetosddwb.com.br\/hsol\/#website\"},\"primaryImageOfPage\":{\"@id\":\"https:\/\/projetosddwb.com.br\/hsol\/campanha-de-incentivo-ligabio\/#primaryimage\"},\"image\":{\"@id\":\"https:\/\/projetosddwb.com.br\/hsol\/campanha-de-incentivo-ligabio\/#primaryimage\"},\"thumbnailUrl\":\"https:\/\/projetosddwb.com.br\/hsol\/wp-content\/uploads\/2025\/02\/Banner_Rotativo_Biolab01.jpg\",\"datePublished\":\"2025-01-24T10:28:41+00:00\",\"dateModified\":\"2025-02-21T03:32:56+00:00\",\"breadcrumb\":{\"@id\":\"https:\/\/projetosddwb.com.br\/hsol\/campanha-de-incentivo-ligabio\/#breadcrumb\"},\"inLanguage\":\"pt-BR\",\"potentialAction\":[{\"@type\":\"ReadAction\",\"target\":[\"https:\/\/projetosddwb.com.br\/hsol\/campanha-de-incentivo-ligabio\/\"]}]},{\"@type\":\"ImageObject\",\"inLanguage\":\"pt-BR\",\"@id\":\"https:\/\/projetosddwb.com.br\/hsol\/campanha-de-incentivo-ligabio\/#primaryimage\",\"url\":\"https:\/\/projetosddwb.com.br\/hsol\/wp-content\/uploads\/2025\/02\/Banner_Rotativo_Biolab01.jpg\",\"contentUrl\":\"https:\/\/projetosddwb.com.br\/hsol\/wp-content\/uploads\/2025\/02\/Banner_Rotativo_Biolab01.jpg\",\"width\":1920,\"height\":550},{\"@type\":\"BreadcrumbList\",\"@id\":\"https:\/\/projetosddwb.com.br\/hsol\/campanha-de-incentivo-ligabio\/#breadcrumb\",\"itemListElement\":[{\"@type\":\"ListItem\",\"position\":1,\"name\":\"Home\",\"item\":\"https:\/\/projetosddwb.com.br\/hsol\/\"},{\"@type\":\"ListItem\",\"position\":2,\"name\":\"Campanha de Incentivo \u2013 LIGABIO\"}]},{\"@type\":\"WebSite\",\"@id\":\"https:\/\/projetosddwb.com.br\/hsol\/#website\",\"url\":\"https:\/\/projetosddwb.com.br\/hsol\/\",\"name\":\"HSol\",\"description\":\"\",\"publisher\":{\"@id\":\"https:\/\/projetosddwb.com.br\/hsol\/#organization\"},\"potentialAction\":[{\"@type\":\"SearchAction\",\"target\":{\"@type\":\"EntryPoint\",\"urlTemplate\":\"https:\/\/projetosddwb.com.br\/hsol\/?s={search_term_string}\"},\"query-input\":{\"@type\":\"PropertyValueSpecification\",\"valueRequired\":true,\"valueName\":\"search_term_string\"}}],\"inLanguage\":\"pt-BR\"},{\"@type\":\"Organization\",\"@id\":\"https:\/\/projetosddwb.com.br\/hsol\/#organization\",\"name\":\"HSol\",\"url\":\"https:\/\/projetosddwb.com.br\/hsol\/\",\"logo\":{\"@type\":\"ImageObject\",\"inLanguage\":\"pt-BR\",\"@id\":\"https:\/\/projetosddwb.com.br\/hsol\/#\/schema\/logo\/image\/\",\"url\":\"https:\/\/projetosddwb.com.br\/hsol\/wp-content\/uploads\/2024\/12\/hsol-2.png\",\"contentUrl\":\"https:\/\/projetosddwb.com.br\/hsol\/wp-content\/uploads\/2024\/12\/hsol-2.png\",\"width\":132,\"height\":104,\"caption\":\"HSol\"},\"image\":{\"@id\":\"https:\/\/projetosddwb.com.br\/hsol\/#\/schema\/logo\/image\/\"}}]}<\/script>\n<!-- \/ Yoast SEO plugin. -->","yoast_head_json":{"title":"Campanha de Incentivo \u2013 LIGABIO - HSol","robots":{"index":"index","follow":"follow","max-snippet":"max-snippet:-1","max-image-preview":"max-image-preview:large","max-video-preview":"max-video-preview:-1"},"canonical":"https:\/\/projetosddwb.com.br\/hsol\/campanha-de-incentivo-ligabio\/","og_locale":"pt_BR","og_type":"article","og_title":"Campanha de Incentivo \u2013 LIGABIO - HSol","og_description":"Objetivo:Fomentar o engajamento e o crescimento das vendas entre os distribuidores da Biolab Gen\u00e9ricos, com metas claras que promovem competitividade saud\u00e1vel e reconhecem os melhores desempenhos. Estrutura da Campanha:Os distribuidores foram avaliados com base no cumprimento de metas mensais, mix de produtos e vendas de produtos foco. A pontua\u00e7\u00e3o acumulada definiu os vencedores, garantindo um [&hellip;]","og_url":"https:\/\/projetosddwb.com.br\/hsol\/campanha-de-incentivo-ligabio\/","og_site_name":"HSol","article_modified_time":"2025-02-21T03:32:56+00:00","og_image":[{"url":"https:\/\/projetosddwb.com.br\/hsol\/wp-content\/uploads\/2025\/02\/Banner_Rotativo_Biolab01.jpg","type":"","width":"","height":""}],"twitter_card":"summary_large_image","twitter_misc":{"Est. tempo de leitura":"4 minutos"},"schema":{"@context":"https:\/\/schema.org","@graph":[{"@type":"WebPage","@id":"https:\/\/projetosddwb.com.br\/hsol\/campanha-de-incentivo-ligabio\/","url":"https:\/\/projetosddwb.com.br\/hsol\/campanha-de-incentivo-ligabio\/","name":"Campanha de Incentivo \u2013 LIGABIO - HSol","isPartOf":{"@id":"https:\/\/projetosddwb.com.br\/hsol\/#website"},"primaryImageOfPage":{"@id":"https:\/\/projetosddwb.com.br\/hsol\/campanha-de-incentivo-ligabio\/#primaryimage"},"image":{"@id":"https:\/\/projetosddwb.com.br\/hsol\/campanha-de-incentivo-ligabio\/#primaryimage"},"thumbnailUrl":"https:\/\/projetosddwb.com.br\/hsol\/wp-content\/uploads\/2025\/02\/Banner_Rotativo_Biolab01.jpg","datePublished":"2025-01-24T10:28:41+00:00","dateModified":"2025-02-21T03:32:56+00:00","breadcrumb":{"@id":"https:\/\/projetosddwb.com.br\/hsol\/campanha-de-incentivo-ligabio\/#breadcrumb"},"inLanguage":"pt-BR","potentialAction":[{"@type":"ReadAction","target":["https:\/\/projetosddwb.com.br\/hsol\/campanha-de-incentivo-ligabio\/"]}]},{"@type":"ImageObject","inLanguage":"pt-BR","@id":"https:\/\/projetosddwb.com.br\/hsol\/campanha-de-incentivo-ligabio\/#primaryimage","url":"https:\/\/projetosddwb.com.br\/hsol\/wp-content\/uploads\/2025\/02\/Banner_Rotativo_Biolab01.jpg","contentUrl":"https:\/\/projetosddwb.com.br\/hsol\/wp-content\/uploads\/2025\/02\/Banner_Rotativo_Biolab01.jpg","width":1920,"height":550},{"@type":"BreadcrumbList","@id":"https:\/\/projetosddwb.com.br\/hsol\/campanha-de-incentivo-ligabio\/#breadcrumb","itemListElement":[{"@type":"ListItem","position":1,"name":"Home","item":"https:\/\/projetosddwb.com.br\/hsol\/"},{"@type":"ListItem","position":2,"name":"Campanha de Incentivo \u2013 LIGABIO"}]},{"@type":"WebSite","@id":"https:\/\/projetosddwb.com.br\/hsol\/#website","url":"https:\/\/projetosddwb.com.br\/hsol\/","name":"HSol","description":"","publisher":{"@id":"https:\/\/projetosddwb.com.br\/hsol\/#organization"},"potentialAction":[{"@type":"SearchAction","target":{"@type":"EntryPoint","urlTemplate":"https:\/\/projetosddwb.com.br\/hsol\/?s={search_term_string}"},"query-input":{"@type":"PropertyValueSpecification","valueRequired":true,"valueName":"search_term_string"}}],"inLanguage":"pt-BR"},{"@type":"Organization","@id":"https:\/\/projetosddwb.com.br\/hsol\/#organization","name":"HSol","url":"https:\/\/projetosddwb.com.br\/hsol\/","logo":{"@type":"ImageObject","inLanguage":"pt-BR","@id":"https:\/\/projetosddwb.com.br\/hsol\/#\/schema\/logo\/image\/","url":"https:\/\/projetosddwb.com.br\/hsol\/wp-content\/uploads\/2024\/12\/hsol-2.png","contentUrl":"https:\/\/projetosddwb.com.br\/hsol\/wp-content\/uploads\/2024\/12\/hsol-2.png","width":132,"height":104,"caption":"HSol"},"image":{"@id":"https:\/\/projetosddwb.com.br\/hsol\/#\/schema\/logo\/image\/"}}]}},"_links":{"self":[{"href":"https:\/\/projetosddwb.com.br\/hsol\/wp-json\/wp\/v2\/pages\/943","targetHints":{"allow":["GET"]}}],"collection":[{"href":"https:\/\/projetosddwb.com.br\/hsol\/wp-json\/wp\/v2\/pages"}],"about":[{"href":"https:\/\/projetosddwb.com.br\/hsol\/wp-json\/wp\/v2\/types\/page"}],"author":[{"embeddable":true,"href":"https:\/\/projetosddwb.com.br\/hsol\/wp-json\/wp\/v2\/users\/1"}],"replies":[{"embeddable":true,"href":"https:\/\/projetosddwb.com.br\/hsol\/wp-json\/wp\/v2\/comments?post=943"}],"version-history":[{"count":40,"href":"https:\/\/projetosddwb.com.br\/hsol\/wp-json\/wp\/v2\/pages\/943\/revisions"}],"predecessor-version":[{"id":2446,"href":"https:\/\/projetosddwb.com.br\/hsol\/wp-json\/wp\/v2\/pages\/943\/revisions\/2446"}],"wp:attachment":[{"href":"https:\/\/projetosddwb.com.br\/hsol\/wp-json\/wp\/v2\/media?parent=943"}],"curies":[{"name":"wp","href":"https:\/\/api.w.org\/{rel}","templated":true}]}}