{"id":218,"date":"2019-06-22T11:31:48","date_gmt":"2019-06-22T11:31:48","guid":{"rendered":"https:\/\/projetosddwb.com.br\/zanini2\/?page_id=218"},"modified":"2022-08-12T16:25:00","modified_gmt":"2022-08-12T16:25:00","slug":"orcamento","status":"publish","type":"page","link":"https:\/\/projetosddwb.com.br\/zanini2\/orcamento\/","title":{"rendered":"Solicite seu Or\u00e7amento"},"content":{"rendered":"\t\t<div data-elementor-type=\"wp-post\" data-elementor-id=\"218\" class=\"elementor elementor-218\">\n\t\t\t\t\t\t<section class=\"elementor-section elementor-top-section elementor-element elementor-element-c55eb4d elementor-section-height-min-height elementor-section-stretched elementor-section-boxed elementor-section-height-default elementor-section-items-middle exad-glass-effect-no jltma-glass-effect-no exad-sticky-section-no sc_fly_static\" data-id=\"c55eb4d\" data-element_type=\"section\" data-settings=\"{&quot;stretch_section&quot;:&quot;section-stretched&quot;,&quot;background_background&quot;:&quot;classic&quot;}\">\n\t\t\t\t\t\t<div class=\"elementor-container elementor-column-gap-extended\">\n\t\t\t\t\t<div class=\"elementor-column elementor-col-50 elementor-top-column elementor-element elementor-element-8e6c089 sc_inner_width_none sc_content_align_inherit sc_layouts_column_icons_position_left exad-glass-effect-no jltma-glass-effect-no exad-sticky-section-no sc_fly_static\" data-id=\"8e6c089\" data-element_type=\"column\">\n\t\t\t<div class=\"elementor-widget-wrap elementor-element-populated\">\n\t\t\t\t\t\t<div class=\"elementor-element elementor-element-5a1a61f jltma-glass-effect-no exad-sticky-section-no exad-glass-effect-no sc_fly_static elementor-widget elementor-widget-heading\" data-id=\"5a1a61f\" data-element_type=\"widget\" data-widget_type=\"heading.default\">\n\t\t\t\t<div class=\"elementor-widget-container\">\n\t\t\t\t\t<h2 class=\"elementor-heading-title elementor-size-default\">Zanini Auditoria<\/h2>\t\t\t\t<\/div>\n\t\t\t\t<\/div>\n\t\t\t\t<div class=\"elementor-element elementor-element-3f8dbf1 jltma-glass-effect-no exad-sticky-section-no exad-glass-effect-no sc_fly_static elementor-widget elementor-widget-text-editor\" data-id=\"3f8dbf1\" data-element_type=\"widget\" data-widget_type=\"text-editor.default\">\n\t\t\t\t<div class=\"elementor-widget-container\">\n\t\t\t\t\t\t\t\t\t<p><span style=\"font-weight: 400;\">N\u00e3o perca a oportunidade de desburocratizar o seu dia a dia para focar no crescimento da sua empresa.<\/span><\/p><p><span style=\"font-weight: 400;\">Preencha as informa\u00e7\u00f5es ao lado e garanta agora mesmo seu or\u00e7amento.<\/span><\/p><p><span style=\"font-weight: 400;\">Um dos nossos consultores ir\u00e1 entrar em contato mas fique tranquilo, \u00e9 sem compromisso.<\/span><\/p><p><span style=\"font-weight: 400;\">Para tudo o que conta, conte com a ZANINI AUDITORIA.<\/span><\/p>\t\t\t\t\t\t\t\t<\/div>\n\t\t\t\t<\/div>\n\t\t\t\t<div class=\"elementor-element elementor-element-297c0ce elementor-icon-list--layout-traditional elementor-list-item-link-full_width jltma-glass-effect-no exad-sticky-section-no exad-glass-effect-no sc_fly_static elementor-widget elementor-widget-icon-list\" data-id=\"297c0ce\" data-element_type=\"widget\" data-widget_type=\"icon-list.default\">\n\t\t\t\t<div class=\"elementor-widget-container\">\n\t\t\t\t\t\t\t<ul class=\"elementor-icon-list-items\">\n\t\t\t\t\t\t\t<li class=\"elementor-icon-list-item\">\n\t\t\t\t\t\t\t\t\t\t\t<span class=\"elementor-icon-list-icon\">\n\t\t\t\t\t\t\t<i aria-hidden=\"true\" class=\"im im-data-validate\"><\/i>\t\t\t\t\t\t<\/span>\n\t\t\t\t\t\t\t\t\t\t<span class=\"elementor-icon-list-text\">Tenha um contador especializado em seu neg\u00f3cio<\/span>\n\t\t\t\t\t\t\t\t\t<\/li>\n\t\t\t\t\t\t\t\t<li class=\"elementor-icon-list-item\">\n\t\t\t\t\t\t\t\t\t\t\t<span class=\"elementor-icon-list-icon\">\n\t\t\t\t\t\t\t<i aria-hidden=\"true\" class=\"simple-line-icons icon-graph\"><\/i>\t\t\t\t\t\t<\/span>\n\t\t\t\t\t\t\t\t\t\t<span class=\"elementor-icon-list-text\">Ganhe tempo e deixe conosco a gest\u00e3o financeira<\/span>\n\t\t\t\t\t\t\t\t\t<\/li>\n\t\t\t\t\t\t\t\t<li class=\"elementor-icon-list-item\">\n\t\t\t\t\t\t\t\t\t\t\t<span class=\"elementor-icon-list-icon\">\n\t\t\t\t\t\t\t<i aria-hidden=\"true\" class=\"far fa-money-bill-alt\"><\/i>\t\t\t\t\t\t<\/span>\n\t\t\t\t\t\t\t\t\t\t<span class=\"elementor-icon-list-text\">Evite pagar impostos a mais<\/span>\n\t\t\t\t\t\t\t\t\t<\/li>\n\t\t\t\t\t\t\t\t<li class=\"elementor-icon-list-item\">\n\t\t\t\t\t\t\t\t\t\t\t<span class=\"elementor-icon-list-icon\">\n\t\t\t\t\t\t\t<i aria-hidden=\"true\" class=\"im im-note-o\"><\/i>\t\t\t\t\t\t<\/span>\n\t\t\t\t\t\t\t\t\t\t<span class=\"elementor-icon-list-text\">Saiba qual o melhor modelo de neg\u00f3cio para sua empresa<\/span>\n\t\t\t\t\t\t\t\t\t<\/li>\n\t\t\t\t\t\t<\/ul>\n\t\t\t\t\t\t<\/div>\n\t\t\t\t<\/div>\n\t\t\t\t\t<\/div>\n\t\t<\/div>\n\t\t\t\t<div class=\"elementor-column elementor-col-50 elementor-top-column elementor-element elementor-element-0f46ee8 sc_inner_width_none sc_content_align_inherit sc_layouts_column_icons_position_left exad-glass-effect-no jltma-glass-effect-no exad-sticky-section-no sc_fly_static\" data-id=\"0f46ee8\" data-element_type=\"column\" data-settings=\"{&quot;background_background&quot;:&quot;classic&quot;}\">\n\t\t\t<div class=\"elementor-widget-wrap elementor-element-populated\">\n\t\t\t\t\t\t<div class=\"elementor-element elementor-element-5417a55 form-contato jltma-glass-effect-no exad-sticky-section-no exad-glass-effect-no sc_fly_static elementor-widget elementor-widget-ma-contact-form-7\" data-id=\"5417a55\" data-element_type=\"widget\" data-widget_type=\"ma-contact-form-7.default\">\n\t\t\t\t<div class=\"elementor-widget-container\">\n\t\t\t\t\t\t\t\t\t<div class=\"master-addons-cf7 ma-cf ma-cf-1 master-addons-cf7-5417a55\">\n\t\t\t\t\t\n<div class=\"wpcf7 no-js\" id=\"wpcf7-f4940-p218-o1\" lang=\"pt-BR\" dir=\"ltr\" data-wpcf7-id=\"4940\">\n<div class=\"screen-reader-response\"><p role=\"status\" aria-live=\"polite\" aria-atomic=\"true\"><\/p> <ul><\/ul><\/div>\n<form action=\"\/zanini2\/orcamento\/#wpcf7-f4940-p218-o1\" method=\"post\" class=\"wpcf7-form init\" aria-label=\"Formul\u00e1rios de contato\" novalidate=\"novalidate\" data-status=\"init\">\n<fieldset class=\"hidden-fields-container\"><input type=\"hidden\" name=\"_wpcf7\" value=\"4940\" \/><input type=\"hidden\" name=\"_wpcf7_version\" value=\"6.1.3\" \/><input type=\"hidden\" name=\"_wpcf7_locale\" value=\"pt_BR\" \/><input type=\"hidden\" name=\"_wpcf7_unit_tag\" value=\"wpcf7-f4940-p218-o1\" \/><input type=\"hidden\" name=\"_wpcf7_container_post\" value=\"218\" \/><input type=\"hidden\" name=\"_wpcf7_posted_data_hash\" value=\"\" \/><input type=\"hidden\" name=\"_wpcf7_recaptcha_response\" value=\"\" \/>\n<\/fieldset>\n<div class=\"row\">\n\t<p><label><br \/>\n<span class=\"wpcf7-form-control-wrap\" data-name=\"your-name\"><input size=\"40\" maxlength=\"400\" class=\"wpcf7-form-control wpcf7-text wpcf7-validates-as-required\" aria-required=\"true\" aria-invalid=\"false\" placeholder=\"Seu nome\" value=\"\" type=\"text\" name=\"your-name\" \/><\/span> <\/label>\n\t<\/p>\n\t<p><label><br \/>\n<span class=\"wpcf7-form-control-wrap\" data-name=\"your-email\"><input size=\"40\" maxlength=\"400\" class=\"wpcf7-form-control wpcf7-email wpcf7-validates-as-required wpcf7-text wpcf7-validates-as-email\" aria-required=\"true\" aria-invalid=\"false\" placeholder=\"Seu email\" value=\"\" type=\"email\" name=\"your-email\" \/><\/span> <\/label>\n\t<\/p>\n\t<p><label><br \/>\n<span class=\"wpcf7-form-control-wrap\" data-name=\"your-phone\"><input size=\"40\" maxlength=\"400\" class=\"wpcf7-form-control wpcf7-text wpcf7-validates-as-required\" aria-required=\"true\" aria-invalid=\"false\" placeholder=\"Telefone\" value=\"\" type=\"text\" name=\"your-phone\" \/><\/span> <\/label>\n\t<\/p>\n\t<p><label><br \/>\n<span class=\"wpcf7-form-control-wrap\" data-name=\"your-select\"><select class=\"wpcf7-form-control wpcf7-select wpcf7-validates-as-required\" aria-required=\"true\" aria-invalid=\"false\" name=\"your-select\"><option value=\"\">&#8212;Escolha uma op\u00e7\u00e3o&#8212;<\/option><option value=\"Migra\u00e7\u00e3o de contabilidade\">Migra\u00e7\u00e3o de contabilidade<\/option><option value=\"Abertura de Empresa\">Abertura de Empresa<\/option><option value=\"Trabalhe Conosco\">Trabalhe Conosco<\/option><option value=\"Outros Assuntos\">Outros Assuntos<\/option><\/select><\/span><\/label>\n\t<\/p>\n\t<p><label><br \/>\n<span class=\"wpcf7-form-control-wrap\" data-name=\"your-message\"><textarea cols=\"40\" rows=\"10\" maxlength=\"2000\" class=\"wpcf7-form-control wpcf7-textarea\" aria-invalid=\"false\" placeholder=\"Mensagem\" name=\"your-message\"><\/textarea><\/span> <\/label>\n\t<\/p>\n\t<p><input class=\"wpcf7-form-control wpcf7-submit has-spinner\" type=\"submit\" value=\"Enviar\" \/>\n\t<\/p>\n<\/div><div class=\"wpcf7-response-output\" aria-hidden=\"true\"><\/div>\n<\/form>\n<\/div>\n\t\t\t\t<\/div>\n\t\t\t\t\t\t\t\t<\/div>\n\t\t\t\t<\/div>\n\t\t\t\t\t<\/div>\n\t\t<\/div>\n\t\t\t\t\t<\/div>\n\t\t<\/section>\n\t\t\t\t<section class=\"elementor-section elementor-top-section elementor-element elementor-element-881cbc2 elementor-section-full_width elementor-section-height-min-height elementor-section-stretched elementor-section-height-default elementor-section-items-middle exad-glass-effect-no jltma-glass-effect-no exad-sticky-section-no sc_fly_static\" data-id=\"881cbc2\" data-element_type=\"section\" data-settings=\"{&quot;stretch_section&quot;:&quot;section-stretched&quot;,&quot;background_background&quot;:&quot;classic&quot;}\">\n\t\t\t\t\t\t<div class=\"elementor-container elementor-column-gap-no\">\n\t\t\t\t\t<div class=\"elementor-column elementor-col-100 elementor-top-column elementor-element elementor-element-1ba98b2 sc_inner_width_none sc_content_align_inherit sc_layouts_column_icons_position_left exad-glass-effect-no jltma-glass-effect-no exad-sticky-section-no sc_fly_static\" data-id=\"1ba98b2\" data-element_type=\"column\">\n\t\t\t<div class=\"elementor-widget-wrap elementor-element-populated\">\n\t\t\t\t\t\t<div class=\"elementor-element elementor-element-c92884b jltma-glass-effect-no exad-sticky-section-no exad-glass-effect-no sc_fly_static elementor-widget elementor-widget-image\" data-id=\"c92884b\" data-element_type=\"widget\" data-widget_type=\"image.default\">\n\t\t\t\t<div class=\"elementor-widget-container\">\n\t\t\t\t\t\t\t\t\t\t\t\t\t\t\t<img fetchpriority=\"high\" decoding=\"async\" width=\"522\" height=\"143\" src=\"https:\/\/projetosddwb.com.br\/zanini2\/wp-content\/uploads\/2022\/02\/logo_zanini_fator-01.png\" class=\"attachment-medium_large size-medium_large wp-image-3998\" alt=\"\" srcset=\"https:\/\/projetosddwb.com.br\/zanini2\/wp-content\/uploads\/2022\/02\/logo_zanini_fator-01.png 522w, https:\/\/projetosddwb.com.br\/zanini2\/wp-content\/uploads\/2022\/02\/logo_zanini_fator-01-300x82.png 300w, https:\/\/projetosddwb.com.br\/zanini2\/wp-content\/uploads\/2022\/02\/logo_zanini_fator-01-370x101.png 370w\" sizes=\"(max-width: 767px) 100vw, 522px\" \/>\t\t\t\t\t\t\t\t\t\t\t\t\t\t\t<\/div>\n\t\t\t\t<\/div>\n\t\t\t\t<div class=\"elementor-element elementor-element-ee5e827 jltma-glass-effect-no exad-sticky-section-no exad-glass-effect-no sc_fly_static elementor-widget elementor-widget-heading\" data-id=\"ee5e827\" data-element_type=\"widget\" data-widget_type=\"heading.default\">\n\t\t\t\t<div class=\"elementor-widget-container\">\n\t\t\t\t\t<h5 class=\"elementor-heading-title elementor-size-default\">Para tudo o que conta, conte com a gente<\/h5>\t\t\t\t<\/div>\n\t\t\t\t<\/div>\n\t\t\t\t\t<\/div>\n\t\t<\/div>\n\t\t\t\t\t<\/div>\n\t\t<\/section>\n\t\t\t\t<section class=\"elementor-section elementor-top-section elementor-element elementor-element-bfe68c5 elementor-section-boxed elementor-section-height-default elementor-section-height-default exad-glass-effect-no jltma-glass-effect-no exad-sticky-section-no sc_fly_static\" data-id=\"bfe68c5\" data-element_type=\"section\">\n\t\t\t\t\t\t<div class=\"elementor-container elementor-column-gap-extended\">\n\t\t\t\t\t<div class=\"elementor-column elementor-col-100 elementor-top-column elementor-element elementor-element-f5d7d2f sc_inner_width_none sc_content_align_inherit sc_layouts_column_icons_position_left exad-glass-effect-no jltma-glass-effect-no exad-sticky-section-no sc_fly_static\" data-id=\"f5d7d2f\" data-element_type=\"column\">\n\t\t\t<div class=\"elementor-widget-wrap\">\n\t\t\t\t\t\t\t<\/div>\n\t\t<\/div>\n\t\t\t\t\t<\/div>\n\t\t<\/section>\n\t\t\t\t<\/div>\n\t\t","protected":false},"excerpt":{"rendered":"<p>Zanini Auditoria N\u00e3o perca a oportunidade de desburocratizar o seu dia a dia para focar no crescimento da sua empresa. Preencha as informa\u00e7\u00f5es ao lado e garanta agora mesmo seu or\u00e7amento. Um dos nossos consultores ir\u00e1 entrar em contato mas fique tranquilo, \u00e9 sem compromisso. Para tudo o que conta, conte com a ZANINI AUDITORIA.&hellip;<\/p>\n","protected":false},"author":4,"featured_media":2496,"parent":0,"menu_order":0,"comment_status":"closed","ping_status":"closed","template":"elementor_header_footer","meta":{"footnotes":""},"class_list":["post-218","page","type-page","status-publish","has-post-thumbnail","hentry"],"yoast_head":"<!-- This site is optimized with the Yoast SEO plugin v26.3 - https:\/\/yoast.com\/wordpress\/plugins\/seo\/ -->\n<title>Solicite seu Or\u00e7amento - Zanini<\/title>\n<meta name=\"robots\" content=\"index, follow, max-snippet:-1, max-image-preview:large, max-video-preview:-1\" \/>\n<link rel=\"canonical\" href=\"https:\/\/projetosddwb.com.br\/zanini2\/orcamento\/\" \/>\n<meta property=\"og:locale\" content=\"pt_BR\" \/>\n<meta property=\"og:type\" content=\"article\" \/>\n<meta property=\"og:title\" content=\"Solicite seu Or\u00e7amento - Zanini\" \/>\n<meta property=\"og:description\" content=\"Zanini Auditoria N\u00e3o perca a oportunidade de desburocratizar o seu dia a dia para focar no crescimento da sua empresa. Preencha as informa\u00e7\u00f5es ao lado e garanta agora mesmo seu or\u00e7amento. Um dos nossos consultores ir\u00e1 entrar em contato mas fique tranquilo, \u00e9 sem compromisso. Para tudo o que conta, conte com a ZANINI AUDITORIA.&hellip;\" \/>\n<meta property=\"og:url\" content=\"https:\/\/projetosddwb.com.br\/zanini2\/orcamento\/\" \/>\n<meta property=\"og:site_name\" content=\"Zanini\" \/>\n<meta property=\"article:modified_time\" content=\"2022-08-12T16:25:00+00:00\" \/>\n<meta property=\"og:image\" content=\"https:\/\/projetosddwb.com.br\/zanini2\/wp-content\/uploads\/2020\/02\/header-bg-copyright.jpg\" \/>\n\t<meta property=\"og:image:width\" content=\"1920\" \/>\n\t<meta property=\"og:image:height\" content=\"499\" \/>\n\t<meta property=\"og:image:type\" content=\"image\/jpeg\" \/>\n<meta name=\"twitter:card\" content=\"summary_large_image\" \/>\n<meta name=\"twitter:label1\" content=\"Est. tempo de leitura\" \/>\n\t<meta name=\"twitter:data1\" content=\"1 minuto\" \/>\n<script type=\"application\/ld+json\" class=\"yoast-schema-graph\">{\"@context\":\"https:\/\/schema.org\",\"@graph\":[{\"@type\":\"WebPage\",\"@id\":\"https:\/\/projetosddwb.com.br\/zanini2\/orcamento\/\",\"url\":\"https:\/\/projetosddwb.com.br\/zanini2\/orcamento\/\",\"name\":\"Solicite seu Or\u00e7amento - Zanini\",\"isPartOf\":{\"@id\":\"https:\/\/projetosddwb.com.br\/zanini2\/#website\"},\"primaryImageOfPage\":{\"@id\":\"https:\/\/projetosddwb.com.br\/zanini2\/orcamento\/#primaryimage\"},\"image\":{\"@id\":\"https:\/\/projetosddwb.com.br\/zanini2\/orcamento\/#primaryimage\"},\"thumbnailUrl\":\"https:\/\/projetosddwb.com.br\/zanini2\/wp-content\/uploads\/2020\/02\/header-bg-copyright.jpg\",\"datePublished\":\"2019-06-22T11:31:48+00:00\",\"dateModified\":\"2022-08-12T16:25:00+00:00\",\"breadcrumb\":{\"@id\":\"https:\/\/projetosddwb.com.br\/zanini2\/orcamento\/#breadcrumb\"},\"inLanguage\":\"pt-BR\",\"potentialAction\":[{\"@type\":\"ReadAction\",\"target\":[\"https:\/\/projetosddwb.com.br\/zanini2\/orcamento\/\"]}]},{\"@type\":\"ImageObject\",\"inLanguage\":\"pt-BR\",\"@id\":\"https:\/\/projetosddwb.com.br\/zanini2\/orcamento\/#primaryimage\",\"url\":\"https:\/\/projetosddwb.com.br\/zanini2\/wp-content\/uploads\/2020\/02\/header-bg-copyright.jpg\",\"contentUrl\":\"https:\/\/projetosddwb.com.br\/zanini2\/wp-content\/uploads\/2020\/02\/header-bg-copyright.jpg\",\"width\":1920,\"height\":499},{\"@type\":\"BreadcrumbList\",\"@id\":\"https:\/\/projetosddwb.com.br\/zanini2\/orcamento\/#breadcrumb\",\"itemListElement\":[{\"@type\":\"ListItem\",\"position\":1,\"name\":\"In\u00edcio\",\"item\":\"https:\/\/projetosddwb.com.br\/zanini2\/\"},{\"@type\":\"ListItem\",\"position\":2,\"name\":\"Solicite seu Or\u00e7amento\"}]},{\"@type\":\"WebSite\",\"@id\":\"https:\/\/projetosddwb.com.br\/zanini2\/#website\",\"url\":\"https:\/\/projetosddwb.com.br\/zanini2\/\",\"name\":\"Zanini\",\"description\":\"Contabilidade e Auditoria em Americana\",\"publisher\":{\"@id\":\"https:\/\/projetosddwb.com.br\/zanini2\/#organization\"},\"potentialAction\":[{\"@type\":\"SearchAction\",\"target\":{\"@type\":\"EntryPoint\",\"urlTemplate\":\"https:\/\/projetosddwb.com.br\/zanini2\/?s={search_term_string}\"},\"query-input\":{\"@type\":\"PropertyValueSpecification\",\"valueRequired\":true,\"valueName\":\"search_term_string\"}}],\"inLanguage\":\"pt-BR\"},{\"@type\":\"Organization\",\"@id\":\"https:\/\/projetosddwb.com.br\/zanini2\/#organization\",\"name\":\"Zanini\",\"url\":\"https:\/\/projetosddwb.com.br\/zanini2\/\",\"logo\":{\"@type\":\"ImageObject\",\"inLanguage\":\"pt-BR\",\"@id\":\"https:\/\/projetosddwb.com.br\/zanini2\/#\/schema\/logo\/image\/\",\"url\":\"https:\/\/projetosddwb.com.br\/zanini2\/wp-content\/uploads\/2019\/06\/logo1.png\",\"contentUrl\":\"https:\/\/projetosddwb.com.br\/zanini2\/wp-content\/uploads\/2019\/06\/logo1.png\",\"width\":122,\"height\":36,\"caption\":\"Zanini\"},\"image\":{\"@id\":\"https:\/\/projetosddwb.com.br\/zanini2\/#\/schema\/logo\/image\/\"}}]}<\/script>\n<!-- \/ Yoast SEO plugin. -->","yoast_head_json":{"title":"Solicite seu Or\u00e7amento - Zanini","robots":{"index":"index","follow":"follow","max-snippet":"max-snippet:-1","max-image-preview":"max-image-preview:large","max-video-preview":"max-video-preview:-1"},"canonical":"https:\/\/projetosddwb.com.br\/zanini2\/orcamento\/","og_locale":"pt_BR","og_type":"article","og_title":"Solicite seu Or\u00e7amento - Zanini","og_description":"Zanini Auditoria N\u00e3o perca a oportunidade de desburocratizar o seu dia a dia para focar no crescimento da sua empresa. Preencha as informa\u00e7\u00f5es ao lado e garanta agora mesmo seu or\u00e7amento. Um dos nossos consultores ir\u00e1 entrar em contato mas fique tranquilo, \u00e9 sem compromisso. Para tudo o que conta, conte com a ZANINI AUDITORIA.&hellip;","og_url":"https:\/\/projetosddwb.com.br\/zanini2\/orcamento\/","og_site_name":"Zanini","article_modified_time":"2022-08-12T16:25:00+00:00","og_image":[{"width":1920,"height":499,"url":"https:\/\/projetosddwb.com.br\/zanini2\/wp-content\/uploads\/2020\/02\/header-bg-copyright.jpg","type":"image\/jpeg"}],"twitter_card":"summary_large_image","twitter_misc":{"Est. tempo de leitura":"1 minuto"},"schema":{"@context":"https:\/\/schema.org","@graph":[{"@type":"WebPage","@id":"https:\/\/projetosddwb.com.br\/zanini2\/orcamento\/","url":"https:\/\/projetosddwb.com.br\/zanini2\/orcamento\/","name":"Solicite seu Or\u00e7amento - Zanini","isPartOf":{"@id":"https:\/\/projetosddwb.com.br\/zanini2\/#website"},"primaryImageOfPage":{"@id":"https:\/\/projetosddwb.com.br\/zanini2\/orcamento\/#primaryimage"},"image":{"@id":"https:\/\/projetosddwb.com.br\/zanini2\/orcamento\/#primaryimage"},"thumbnailUrl":"https:\/\/projetosddwb.com.br\/zanini2\/wp-content\/uploads\/2020\/02\/header-bg-copyright.jpg","datePublished":"2019-06-22T11:31:48+00:00","dateModified":"2022-08-12T16:25:00+00:00","breadcrumb":{"@id":"https:\/\/projetosddwb.com.br\/zanini2\/orcamento\/#breadcrumb"},"inLanguage":"pt-BR","potentialAction":[{"@type":"ReadAction","target":["https:\/\/projetosddwb.com.br\/zanini2\/orcamento\/"]}]},{"@type":"ImageObject","inLanguage":"pt-BR","@id":"https:\/\/projetosddwb.com.br\/zanini2\/orcamento\/#primaryimage","url":"https:\/\/projetosddwb.com.br\/zanini2\/wp-content\/uploads\/2020\/02\/header-bg-copyright.jpg","contentUrl":"https:\/\/projetosddwb.com.br\/zanini2\/wp-content\/uploads\/2020\/02\/header-bg-copyright.jpg","width":1920,"height":499},{"@type":"BreadcrumbList","@id":"https:\/\/projetosddwb.com.br\/zanini2\/orcamento\/#breadcrumb","itemListElement":[{"@type":"ListItem","position":1,"name":"In\u00edcio","item":"https:\/\/projetosddwb.com.br\/zanini2\/"},{"@type":"ListItem","position":2,"name":"Solicite seu Or\u00e7amento"}]},{"@type":"WebSite","@id":"https:\/\/projetosddwb.com.br\/zanini2\/#website","url":"https:\/\/projetosddwb.com.br\/zanini2\/","name":"Zanini","description":"Contabilidade e Auditoria em Americana","publisher":{"@id":"https:\/\/projetosddwb.com.br\/zanini2\/#organization"},"potentialAction":[{"@type":"SearchAction","target":{"@type":"EntryPoint","urlTemplate":"https:\/\/projetosddwb.com.br\/zanini2\/?s={search_term_string}"},"query-input":{"@type":"PropertyValueSpecification","valueRequired":true,"valueName":"search_term_string"}}],"inLanguage":"pt-BR"},{"@type":"Organization","@id":"https:\/\/projetosddwb.com.br\/zanini2\/#organization","name":"Zanini","url":"https:\/\/projetosddwb.com.br\/zanini2\/","logo":{"@type":"ImageObject","inLanguage":"pt-BR","@id":"https:\/\/projetosddwb.com.br\/zanini2\/#\/schema\/logo\/image\/","url":"https:\/\/projetosddwb.com.br\/zanini2\/wp-content\/uploads\/2019\/06\/logo1.png","contentUrl":"https:\/\/projetosddwb.com.br\/zanini2\/wp-content\/uploads\/2019\/06\/logo1.png","width":122,"height":36,"caption":"Zanini"},"image":{"@id":"https:\/\/projetosddwb.com.br\/zanini2\/#\/schema\/logo\/image\/"}}]}},"_hostinger_reach_plugin_has_subscription_block":false,"_hostinger_reach_plugin_is_elementor":false,"_links":{"self":[{"href":"https:\/\/projetosddwb.com.br\/zanini2\/wp-json\/wp\/v2\/pages\/218","targetHints":{"allow":["GET"]}}],"collection":[{"href":"https:\/\/projetosddwb.com.br\/zanini2\/wp-json\/wp\/v2\/pages"}],"about":[{"href":"https:\/\/projetosddwb.com.br\/zanini2\/wp-json\/wp\/v2\/types\/page"}],"author":[{"embeddable":true,"href":"https:\/\/projetosddwb.com.br\/zanini2\/wp-json\/wp\/v2\/users\/4"}],"replies":[{"embeddable":true,"href":"https:\/\/projetosddwb.com.br\/zanini2\/wp-json\/wp\/v2\/comments?post=218"}],"version-history":[{"count":73,"href":"https:\/\/projetosddwb.com.br\/zanini2\/wp-json\/wp\/v2\/pages\/218\/revisions"}],"predecessor-version":[{"id":4943,"href":"https:\/\/projetosddwb.com.br\/zanini2\/wp-json\/wp\/v2\/pages\/218\/revisions\/4943"}],"wp:featuredmedia":[{"embeddable":true,"href":"https:\/\/projetosddwb.com.br\/zanini2\/wp-json\/wp\/v2\/media\/2496"}],"wp:attachment":[{"href":"https:\/\/projetosddwb.com.br\/zanini2\/wp-json\/wp\/v2\/media?parent=218"}],"curies":[{"name":"wp","href":"https:\/\/api.w.org\/{rel}","templated":true}]}}