{"id":4774,"date":"2022-05-18T11:43:45","date_gmt":"2022-05-18T11:43:45","guid":{"rendered":"https:\/\/projetosddwb.com.br\/zanini2\/?page_id=4774"},"modified":"2022-08-22T19:39:38","modified_gmt":"2022-08-22T19:39:38","slug":"trabalhe-conosco","status":"publish","type":"page","link":"https:\/\/projetosddwb.com.br\/zanini2\/trabalhe-conosco\/","title":{"rendered":"Trabalhe na Zanini"},"content":{"rendered":"\t\t<div data-elementor-type=\"wp-post\" data-elementor-id=\"4774\" class=\"elementor elementor-4774\">\n\t\t\t\t\t\t<section class=\"elementor-section elementor-top-section elementor-element elementor-element-fc50a96 elementor-section-height-min-height elementor-section-stretched elementor-section-boxed elementor-section-height-default elementor-section-items-middle exad-glass-effect-no jltma-glass-effect-no exad-sticky-section-no sc_fly_static\" data-id=\"fc50a96\" data-element_type=\"section\" data-settings=\"{&quot;stretch_section&quot;:&quot;section-stretched&quot;,&quot;background_background&quot;:&quot;classic&quot;}\">\n\t\t\t\t\t\t<div class=\"elementor-container elementor-column-gap-extended\">\n\t\t\t\t\t<div class=\"elementor-column elementor-col-100 elementor-top-column elementor-element elementor-element-5064f77 sc_inner_width_none sc_content_align_inherit sc_layouts_column_icons_position_left exad-glass-effect-no jltma-glass-effect-no exad-sticky-section-no sc_fly_static\" data-id=\"5064f77\" data-element_type=\"column\">\n\t\t\t<div class=\"elementor-widget-wrap elementor-element-populated\">\n\t\t\t\t\t\t<div class=\"elementor-element elementor-element-5ef637e jltma-glass-effect-no exad-sticky-section-no exad-glass-effect-no sc_fly_static elementor-widget elementor-widget-heading\" data-id=\"5ef637e\" data-element_type=\"widget\" data-widget_type=\"heading.default\">\n\t\t\t\t<div class=\"elementor-widget-container\">\n\t\t\t\t\t<h2 class=\"elementor-heading-title elementor-size-default\">Trabalhe conosco<\/h2>\t\t\t\t<\/div>\n\t\t\t\t<\/div>\n\t\t\t\t\t<\/div>\n\t\t<\/div>\n\t\t\t\t\t<\/div>\n\t\t<\/section>\n\t\t\t\t<section class=\"elementor-section elementor-top-section elementor-element elementor-element-4bc49bf elementor-section-stretched elementor-section-boxed elementor-section-height-default elementor-section-height-default sc_gradient_animation_none exad-glass-effect-no jltma-glass-effect-no exad-sticky-section-no sc_fly_static\" data-id=\"4bc49bf\" data-element_type=\"section\" data-settings=\"{&quot;stretch_section&quot;:&quot;section-stretched&quot;,&quot;background_background&quot;:&quot;gradient&quot;}\">\n\t\t\t\t\t\t<div class=\"elementor-container elementor-column-gap-extended\">\n\t\t\t\t\t<div class=\"elementor-column elementor-col-50 elementor-top-column elementor-element elementor-element-bbbaf89 sc_inner_width_none sc_content_align_inherit sc_layouts_column_icons_position_left exad-glass-effect-no jltma-glass-effect-no exad-sticky-section-no sc_fly_static\" data-id=\"bbbaf89\" data-element_type=\"column\">\n\t\t\t<div class=\"elementor-widget-wrap elementor-element-populated\">\n\t\t\t\t\t\t<div class=\"elementor-element elementor-element-a38881d jltma-glass-effect-no exad-sticky-section-no exad-glass-effect-no sc_fly_static elementor-widget elementor-widget-heading\" data-id=\"a38881d\" data-element_type=\"widget\" data-widget_type=\"heading.default\">\n\t\t\t\t<div class=\"elementor-widget-container\">\n\t\t\t\t\t<h2 class=\"elementor-heading-title elementor-size-default\">S\u00e3o mais de 40 anos de hist\u00f3ria, sendo refer\u00eancia em presta\u00e7\u00e3o de servi\u00e7os cont\u00e1beis, fiscal, pessoal e societ\u00e1rio!<\/h2>\t\t\t\t<\/div>\n\t\t\t\t<\/div>\n\t\t\t\t<div class=\"elementor-element elementor-element-e1d1a04 jltma-glass-effect-no exad-sticky-section-no exad-glass-effect-no sc_fly_static elementor-widget elementor-widget-heading\" data-id=\"e1d1a04\" data-element_type=\"widget\" data-widget_type=\"heading.default\">\n\t\t\t\t<div class=\"elementor-widget-container\">\n\t\t\t\t\t<h2 class=\"elementor-heading-title elementor-size-default\"> Somos uma empresa em constante crescimento e consequentemente, nosso time tamb\u00e9m vem crescendo cada dia mais.\n<br> <br>Com isso, nossa busca por talentos \u00e9 algo cont\u00ednuo e receber seu curr\u00edculo para nosso banco de talentos \u00e9 algo fundamental para n\u00f3s. <br><br>A ZANINI AUDITORIA reconhece seu capital humano e trabalha diariamente para contribuir com seu desenvolvimento e capacita\u00e7\u00e3o, venha fazer parte da nossa hist\u00f3ria!<\/h2>\t\t\t\t<\/div>\n\t\t\t\t<\/div>\n\t\t\t\t<div class=\"elementor-element elementor-element-b0d95c3 jltma-glass-effect-no exad-sticky-section-no exad-glass-effect-no sc_fly_static elementor-widget elementor-widget-button\" data-id=\"b0d95c3\" data-element_type=\"widget\" data-widget_type=\"button.default\">\n\t\t\t\t<div class=\"elementor-widget-container\">\n\t\t\t\t\t\t\t\t\t<div class=\"elementor-button-wrapper\">\n\t\t\t\t\t<a class=\"elementor-button elementor-button-link elementor-size-sm\" href=\"https:\/\/projetosddwb.com.br\/zanini2\/sobre-nos\/\">\n\t\t\t\t\t\t<span class=\"elementor-button-content-wrapper\">\n\t\t\t\t\t\t\t\t\t<span class=\"elementor-button-text\">Conhe\u00e7a nossa empresa<\/span>\n\t\t\t\t\t<\/span>\n\t\t\t\t\t<\/a>\n\t\t\t\t<\/div>\n\t\t\t\t\t\t\t\t<\/div>\n\t\t\t\t<\/div>\n\t\t\t\t<div class=\"elementor-element elementor-element-f6b68b8 elementor-icon-list--layout-traditional elementor-list-item-link-full_width jltma-glass-effect-no exad-sticky-section-no exad-glass-effect-no sc_fly_static elementor-widget elementor-widget-icon-list\" data-id=\"f6b68b8\" data-element_type=\"widget\" data-widget_type=\"icon-list.default\">\n\t\t\t\t<div class=\"elementor-widget-container\">\n\t\t\t\t\t\t\t<ul class=\"elementor-icon-list-items\">\n\t\t\t\t\t\t\t<li class=\"elementor-icon-list-item\">\n\t\t\t\t\t\t\t\t\t\t\t<a href=\"tel:1934757070\">\n\n\t\t\t\t\t\t\t\t\t\t\t\t<span class=\"elementor-icon-list-icon\">\n\t\t\t\t\t\t\t<i aria-hidden=\"true\" class=\"fas fa-phone-alt\"><\/i>\t\t\t\t\t\t<\/span>\n\t\t\t\t\t\t\t\t\t\t<span class=\"elementor-icon-list-text\">+55 (19) 3475-7070<\/span>\n\t\t\t\t\t\t\t\t\t\t\t<\/a>\n\t\t\t\t\t\t\t\t\t<\/li>\n\t\t\t\t\t\t\t\t<li class=\"elementor-icon-list-item\">\n\t\t\t\t\t\t\t\t\t\t\t<a href=\"mailto:contato@projetosddwb.com.br\">\n\n\t\t\t\t\t\t\t\t\t\t\t\t<span class=\"elementor-icon-list-icon\">\n\t\t\t\t\t\t\t<i aria-hidden=\"true\" class=\"jltma-material-icon jltma-material-icon-email\"><\/i>\t\t\t\t\t\t<\/span>\n\t\t\t\t\t\t\t\t\t\t<span class=\"elementor-icon-list-text\">contato@projetosddwb.com.br<\/span>\n\t\t\t\t\t\t\t\t\t\t\t<\/a>\n\t\t\t\t\t\t\t\t\t<\/li>\n\t\t\t\t\t\t<\/ul>\n\t\t\t\t\t\t<\/div>\n\t\t\t\t<\/div>\n\t\t\t\t<div class=\"elementor-element elementor-element-daa4681 jltma-glass-effect-no exad-sticky-section-no exad-glass-effect-no sc_fly_static elementor-widget elementor-widget-google_maps\" data-id=\"daa4681\" data-element_type=\"widget\" data-widget_type=\"google_maps.default\">\n\t\t\t\t<div class=\"elementor-widget-container\">\n\t\t\t\t\t\t\t<div class=\"elementor-custom-embed\">\n\t\t\t<iframe loading=\"lazy\"\n\t\t\t\t\tsrc=\"https:\/\/maps.google.com\/maps?q=R.%20das%20Ac%C3%A1cias%2C%20n%C2%BA%20271%20-%20Jd.%20S%C3%A3o%20Paulo%20-%20Americana%2FSP&#038;t=m&#038;z=15&#038;output=embed&#038;iwloc=near\"\n\t\t\t\t\ttitle=\"R. das Ac\u00e1cias, n\u00ba 271 - Jd. S\u00e3o Paulo - Americana\/SP\"\n\t\t\t\t\taria-label=\"R. das Ac\u00e1cias, n\u00ba 271 - Jd. S\u00e3o Paulo - Americana\/SP\"\n\t\t\t><\/iframe>\n\t\t<\/div>\n\t\t\t\t\t\t<\/div>\n\t\t\t\t<\/div>\n\t\t\t\t\t<\/div>\n\t\t<\/div>\n\t\t\t\t<div class=\"elementor-column elementor-col-50 elementor-top-column elementor-element elementor-element-d8b9685 sc_inner_width_none sc_content_align_inherit sc_layouts_column_icons_position_left exad-glass-effect-no jltma-glass-effect-no exad-sticky-section-no sc_fly_static\" data-id=\"d8b9685\" data-element_type=\"column\">\n\t\t\t<div class=\"elementor-widget-wrap elementor-element-populated\">\n\t\t\t\t\t\t<div class=\"elementor-element elementor-element-7fd80ab jltma-glass-effect-no exad-sticky-section-no exad-glass-effect-no sc_fly_static elementor-widget elementor-widget-heading\" data-id=\"7fd80ab\" data-element_type=\"widget\" data-widget_type=\"heading.default\">\n\t\t\t\t<div class=\"elementor-widget-container\">\n\t\t\t\t\t<h2 class=\"elementor-heading-title elementor-size-default\">SOLICITE UMA AVALIA\u00c7\u00c3O GRATUITA OU ENVIE SEU CURR\u00cdCULO<\/h2>\t\t\t\t<\/div>\n\t\t\t\t<\/div>\n\t\t\t\t<section class=\"elementor-section elementor-inner-section elementor-element elementor-element-c4a6926 elementor-section-boxed elementor-section-height-default elementor-section-height-default exad-glass-effect-no jltma-glass-effect-no exad-sticky-section-no sc_fly_static\" data-id=\"c4a6926\" data-element_type=\"section\">\n\t\t\t\t\t\t<div class=\"elementor-container elementor-column-gap-extended\">\n\t\t\t\t\t<div class=\"elementor-column elementor-col-100 elementor-inner-column elementor-element elementor-element-2e38fa8 sc_inner_width_none sc_content_align_inherit sc_layouts_column_icons_position_left exad-glass-effect-no jltma-glass-effect-no exad-sticky-section-no sc_fly_static\" data-id=\"2e38fa8\" data-element_type=\"column\">\n\t\t\t<div class=\"elementor-widget-wrap elementor-element-populated\">\n\t\t\t\t\t\t<div class=\"elementor-element elementor-element-5d522e0 eael-contact-form-7-button-align-left eael-contact-form-7-button-custom jltma-glass-effect-no exad-sticky-section-no exad-glass-effect-no sc_fly_static elementor-widget elementor-widget-eael-contact-form-7\" data-id=\"5d522e0\" data-element_type=\"widget\" id=\"form-trabalhe\" data-widget_type=\"eael-contact-form-7.default\">\n\t\t\t\t<div class=\"elementor-widget-container\">\n\t\t\t\t\t<div class=\"eael-contact-form-7-wrapper\">\n                <div class=\"eael-contact-form eael-contact-form-7 eael-contact-form-5d522e0 placeholder-show eael-contact-form-align-default\">\n<div class=\"wpcf7 no-js\" id=\"wpcf7-f4935-o1\" lang=\"pt-BR\" dir=\"ltr\" data-wpcf7-id=\"4935\">\n<div class=\"screen-reader-response\"><p role=\"status\" aria-live=\"polite\" aria-atomic=\"true\"><\/p> <ul><\/ul><\/div>\n<form action=\"\/zanini2\/wp-json\/wp\/v2\/pages\/4774#wpcf7-f4935-o1\" method=\"post\" class=\"wpcf7-form init\" aria-label=\"Formul\u00e1rios de contato\" enctype=\"multipart\/form-data\" novalidate=\"novalidate\" data-status=\"init\">\n<fieldset class=\"hidden-fields-container\"><input type=\"hidden\" name=\"_wpcf7\" value=\"4935\" \/><input type=\"hidden\" name=\"_wpcf7_version\" value=\"6.1.3\" \/><input type=\"hidden\" name=\"_wpcf7_locale\" value=\"pt_BR\" \/><input type=\"hidden\" name=\"_wpcf7_unit_tag\" value=\"wpcf7-f4935-o1\" \/><input type=\"hidden\" name=\"_wpcf7_container_post\" value=\"0\" \/><input type=\"hidden\" name=\"_wpcf7_posted_data_hash\" value=\"\" \/><input type=\"hidden\" name=\"_wpcf7_recaptcha_response\" value=\"\" \/>\n<\/fieldset>\n<p><label><br \/>\n<span class=\"wpcf7-form-control-wrap\" data-name=\"your-name\"><input size=\"40\" maxlength=\"400\" class=\"wpcf7-form-control wpcf7-text wpcf7-validates-as-required\" aria-required=\"true\" aria-invalid=\"false\" placeholder=\"Nome Completo\" value=\"\" type=\"text\" name=\"your-name\" \/><\/span> <\/label>\n<\/p>\n<p><label><br \/>\n<span class=\"wpcf7-form-control-wrap\" data-name=\"your-email\"><input size=\"40\" maxlength=\"400\" class=\"wpcf7-form-control wpcf7-email wpcf7-validates-as-required wpcf7-text wpcf7-validates-as-email\" aria-required=\"true\" aria-invalid=\"false\" placeholder=\"Email\" value=\"\" type=\"email\" name=\"your-email\" \/><\/span> <\/label>\n<\/p>\n<p><label><br \/>\n<span class=\"wpcf7-form-control-wrap\" data-name=\"your-phone\"><input size=\"40\" maxlength=\"400\" class=\"wpcf7-form-control wpcf7-text wpcf7-validates-as-required\" aria-required=\"true\" aria-invalid=\"false\" placeholder=\"Telefone\" value=\"\" type=\"text\" name=\"your-phone\" \/><\/span> <\/label>\n<\/p>\n<p><span class=\"wpcf7-form-control-wrap\" data-name=\"readeinteresse\"><span class=\"wpcf7-form-control wpcf7-checkbox\"><span class=\"wpcf7-list-item first\"><label><input type=\"checkbox\" name=\"readeinteresse[]\" value=\"Contabilidade\" \/><span class=\"wpcf7-list-item-label\">Contabilidade<\/span><\/label><\/span><span class=\"wpcf7-list-item\"><label><input type=\"checkbox\" name=\"readeinteresse[]\" value=\"Fiscal\" \/><span class=\"wpcf7-list-item-label\">Fiscal<\/span><\/label><\/span><span class=\"wpcf7-list-item\"><label><input type=\"checkbox\" name=\"readeinteresse[]\" value=\"Departamento Pessoal\" \/><span class=\"wpcf7-list-item-label\">Departamento Pessoal<\/span><\/label><\/span><span class=\"wpcf7-list-item\"><label><input type=\"checkbox\" name=\"readeinteresse[]\" value=\"Societ\u00e1rio\" \/><span class=\"wpcf7-list-item-label\">Societ\u00e1rio<\/span><\/label><\/span><span class=\"wpcf7-list-item last\"><label><input type=\"checkbox\" name=\"readeinteresse[]\" value=\"Administrativo\" \/><span class=\"wpcf7-list-item-label\">Administrativo<\/span><\/label><\/span><\/span><\/span>\n<\/p>\n<p><label><span class=\"file-text\">Anexar seu curriculum em PDF<\/span><br \/>\n<span class=\"wpcf7-form-control-wrap\" data-name=\"curriculum\"><input size=\"40\" class=\"wpcf7-form-control wpcf7-file wpcf7-validates-as-required\" accept=\".pdf\" aria-required=\"true\" aria-invalid=\"false\" type=\"file\" name=\"curriculum\" \/><\/span> <\/label>\n<\/p>\n<p><input class=\"wpcf7-form-control wpcf7-submit has-spinner\" type=\"submit\" value=\"Enviar\" \/>\n<\/p><div class=\"wpcf7-response-output\" aria-hidden=\"true\"><\/div>\n<\/form>\n<\/div>\n<\/div>\n            <\/div>\t\t\t\t<\/div>\n\t\t\t\t<\/div>\n\t\t\t\t\t<\/div>\n\t\t<\/div>\n\t\t\t\t\t<\/div>\n\t\t<\/section>\n\t\t\t\t\t<\/div>\n\t\t<\/div>\n\t\t\t\t\t<\/div>\n\t\t<\/section>\n\t\t\t\t<section class=\"elementor-section elementor-top-section elementor-element elementor-element-e574748 elementor-section-full_width elementor-section-height-min-height elementor-section-stretched elementor-section-height-default elementor-section-items-middle exad-glass-effect-no jltma-glass-effect-no exad-sticky-section-no sc_fly_static\" data-id=\"e574748\" data-element_type=\"section\" data-settings=\"{&quot;stretch_section&quot;:&quot;section-stretched&quot;,&quot;background_background&quot;:&quot;classic&quot;}\">\n\t\t\t\t\t\t<div class=\"elementor-container elementor-column-gap-no\">\n\t\t\t\t\t<div class=\"elementor-column elementor-col-100 elementor-top-column elementor-element elementor-element-4965015 sc_inner_width_none sc_content_align_inherit sc_layouts_column_icons_position_left exad-glass-effect-no jltma-glass-effect-no exad-sticky-section-no sc_fly_static\" data-id=\"4965015\" data-element_type=\"column\">\n\t\t\t<div class=\"elementor-widget-wrap elementor-element-populated\">\n\t\t\t\t\t\t<div class=\"elementor-element elementor-element-1f5ecd6 jltma-glass-effect-no exad-sticky-section-no exad-glass-effect-no sc_fly_static elementor-widget elementor-widget-image\" data-id=\"1f5ecd6\" data-element_type=\"widget\" data-widget_type=\"image.default\">\n\t\t\t\t<div class=\"elementor-widget-container\">\n\t\t\t\t\t\t\t\t\t\t\t\t\t\t\t<img fetchpriority=\"high\" decoding=\"async\" width=\"522\" height=\"143\" src=\"https:\/\/projetosddwb.com.br\/zanini2\/wp-content\/uploads\/2022\/02\/logo_zanini_fator-01.png\" class=\"attachment-medium_large size-medium_large wp-image-3998\" alt=\"\" srcset=\"https:\/\/projetosddwb.com.br\/zanini2\/wp-content\/uploads\/2022\/02\/logo_zanini_fator-01.png 522w, https:\/\/projetosddwb.com.br\/zanini2\/wp-content\/uploads\/2022\/02\/logo_zanini_fator-01-300x82.png 300w, https:\/\/projetosddwb.com.br\/zanini2\/wp-content\/uploads\/2022\/02\/logo_zanini_fator-01-370x101.png 370w\" sizes=\"(max-width: 767px) 100vw, 522px\" \/>\t\t\t\t\t\t\t\t\t\t\t\t\t\t\t<\/div>\n\t\t\t\t<\/div>\n\t\t\t\t<div class=\"elementor-element elementor-element-46349c2 jltma-glass-effect-no exad-sticky-section-no exad-glass-effect-no sc_fly_static elementor-widget elementor-widget-heading\" data-id=\"46349c2\" data-element_type=\"widget\" data-widget_type=\"heading.default\">\n\t\t\t\t<div class=\"elementor-widget-container\">\n\t\t\t\t\t<h5 class=\"elementor-heading-title elementor-size-default\">Para tudo o que conta, conte com a gente<\/h5>\t\t\t\t<\/div>\n\t\t\t\t<\/div>\n\t\t\t\t\t<\/div>\n\t\t<\/div>\n\t\t\t\t\t<\/div>\n\t\t<\/section>\n\t\t\t\t<\/div>\n\t\t","protected":false},"excerpt":{"rendered":"<p>Trabalhe conosco S\u00e3o mais de 40 anos de hist\u00f3ria, sendo refer\u00eancia em presta\u00e7\u00e3o de servi\u00e7os cont\u00e1beis, fiscal, pessoal e societ\u00e1rio! Somos uma empresa em constante crescimento e consequentemente, nosso time tamb\u00e9m vem crescendo cada dia mais. Com isso, nossa busca por talentos \u00e9 algo cont\u00ednuo e receber seu curr\u00edculo para nosso banco de talentos \u00e9&hellip;<\/p>\n","protected":false},"author":1,"featured_media":2496,"parent":0,"menu_order":0,"comment_status":"closed","ping_status":"closed","template":"elementor_header_footer","meta":{"footnotes":""},"class_list":["post-4774","page","type-page","status-publish","has-post-thumbnail","hentry"],"yoast_head":"<!-- This site is optimized with the Yoast SEO plugin v26.3 - https:\/\/yoast.com\/wordpress\/plugins\/seo\/ -->\n<title>Trabalhe na Zanini - Zanini<\/title>\n<meta name=\"robots\" content=\"index, follow, max-snippet:-1, max-image-preview:large, max-video-preview:-1\" \/>\n<link rel=\"canonical\" href=\"https:\/\/projetosddwb.com.br\/zanini2\/trabalhe-conosco\/\" \/>\n<meta property=\"og:locale\" content=\"pt_BR\" \/>\n<meta property=\"og:type\" content=\"article\" \/>\n<meta property=\"og:title\" content=\"Trabalhe na Zanini - Zanini\" \/>\n<meta property=\"og:description\" content=\"Trabalhe conosco S\u00e3o mais de 40 anos de hist\u00f3ria, sendo refer\u00eancia em presta\u00e7\u00e3o de servi\u00e7os cont\u00e1beis, fiscal, pessoal e societ\u00e1rio! Somos uma empresa em constante crescimento e consequentemente, nosso time tamb\u00e9m vem crescendo cada dia mais. Com isso, nossa busca por talentos \u00e9 algo cont\u00ednuo e receber seu curr\u00edculo para nosso banco de talentos \u00e9&hellip;\" \/>\n<meta property=\"og:url\" content=\"https:\/\/projetosddwb.com.br\/zanini2\/trabalhe-conosco\/\" \/>\n<meta property=\"og:site_name\" content=\"Zanini\" \/>\n<meta property=\"article:modified_time\" content=\"2022-08-22T19:39:38+00:00\" \/>\n<meta property=\"og:image\" content=\"https:\/\/projetosddwb.com.br\/zanini2\/wp-content\/uploads\/2020\/02\/header-bg-copyright.jpg\" \/>\n\t<meta property=\"og:image:width\" content=\"1920\" \/>\n\t<meta property=\"og:image:height\" content=\"499\" \/>\n\t<meta property=\"og:image:type\" content=\"image\/jpeg\" \/>\n<meta name=\"twitter:card\" content=\"summary_large_image\" \/>\n<meta name=\"twitter:label1\" content=\"Est. tempo de leitura\" \/>\n\t<meta name=\"twitter:data1\" content=\"1 minuto\" \/>\n<script type=\"application\/ld+json\" class=\"yoast-schema-graph\">{\"@context\":\"https:\/\/schema.org\",\"@graph\":[{\"@type\":\"WebPage\",\"@id\":\"https:\/\/projetosddwb.com.br\/zanini2\/trabalhe-conosco\/\",\"url\":\"https:\/\/projetosddwb.com.br\/zanini2\/trabalhe-conosco\/\",\"name\":\"Trabalhe na Zanini - Zanini\",\"isPartOf\":{\"@id\":\"https:\/\/projetosddwb.com.br\/zanini2\/#website\"},\"primaryImageOfPage\":{\"@id\":\"https:\/\/projetosddwb.com.br\/zanini2\/trabalhe-conosco\/#primaryimage\"},\"image\":{\"@id\":\"https:\/\/projetosddwb.com.br\/zanini2\/trabalhe-conosco\/#primaryimage\"},\"thumbnailUrl\":\"https:\/\/projetosddwb.com.br\/zanini2\/wp-content\/uploads\/2020\/02\/header-bg-copyright.jpg\",\"datePublished\":\"2022-05-18T11:43:45+00:00\",\"dateModified\":\"2022-08-22T19:39:38+00:00\",\"breadcrumb\":{\"@id\":\"https:\/\/projetosddwb.com.br\/zanini2\/trabalhe-conosco\/#breadcrumb\"},\"inLanguage\":\"pt-BR\",\"potentialAction\":[{\"@type\":\"ReadAction\",\"target\":[\"https:\/\/projetosddwb.com.br\/zanini2\/trabalhe-conosco\/\"]}]},{\"@type\":\"ImageObject\",\"inLanguage\":\"pt-BR\",\"@id\":\"https:\/\/projetosddwb.com.br\/zanini2\/trabalhe-conosco\/#primaryimage\",\"url\":\"https:\/\/projetosddwb.com.br\/zanini2\/wp-content\/uploads\/2020\/02\/header-bg-copyright.jpg\",\"contentUrl\":\"https:\/\/projetosddwb.com.br\/zanini2\/wp-content\/uploads\/2020\/02\/header-bg-copyright.jpg\",\"width\":1920,\"height\":499},{\"@type\":\"BreadcrumbList\",\"@id\":\"https:\/\/projetosddwb.com.br\/zanini2\/trabalhe-conosco\/#breadcrumb\",\"itemListElement\":[{\"@type\":\"ListItem\",\"position\":1,\"name\":\"In\u00edcio\",\"item\":\"https:\/\/projetosddwb.com.br\/zanini2\/\"},{\"@type\":\"ListItem\",\"position\":2,\"name\":\"Trabalhe na Zanini\"}]},{\"@type\":\"WebSite\",\"@id\":\"https:\/\/projetosddwb.com.br\/zanini2\/#website\",\"url\":\"https:\/\/projetosddwb.com.br\/zanini2\/\",\"name\":\"Zanini\",\"description\":\"Contabilidade e Auditoria em Americana\",\"publisher\":{\"@id\":\"https:\/\/projetosddwb.com.br\/zanini2\/#organization\"},\"potentialAction\":[{\"@type\":\"SearchAction\",\"target\":{\"@type\":\"EntryPoint\",\"urlTemplate\":\"https:\/\/projetosddwb.com.br\/zanini2\/?s={search_term_string}\"},\"query-input\":{\"@type\":\"PropertyValueSpecification\",\"valueRequired\":true,\"valueName\":\"search_term_string\"}}],\"inLanguage\":\"pt-BR\"},{\"@type\":\"Organization\",\"@id\":\"https:\/\/projetosddwb.com.br\/zanini2\/#organization\",\"name\":\"Zanini\",\"url\":\"https:\/\/projetosddwb.com.br\/zanini2\/\",\"logo\":{\"@type\":\"ImageObject\",\"inLanguage\":\"pt-BR\",\"@id\":\"https:\/\/projetosddwb.com.br\/zanini2\/#\/schema\/logo\/image\/\",\"url\":\"https:\/\/projetosddwb.com.br\/zanini2\/wp-content\/uploads\/2019\/06\/logo1.png\",\"contentUrl\":\"https:\/\/projetosddwb.com.br\/zanini2\/wp-content\/uploads\/2019\/06\/logo1.png\",\"width\":122,\"height\":36,\"caption\":\"Zanini\"},\"image\":{\"@id\":\"https:\/\/projetosddwb.com.br\/zanini2\/#\/schema\/logo\/image\/\"}}]}<\/script>\n<!-- \/ Yoast SEO plugin. -->","yoast_head_json":{"title":"Trabalhe na Zanini - Zanini","robots":{"index":"index","follow":"follow","max-snippet":"max-snippet:-1","max-image-preview":"max-image-preview:large","max-video-preview":"max-video-preview:-1"},"canonical":"https:\/\/projetosddwb.com.br\/zanini2\/trabalhe-conosco\/","og_locale":"pt_BR","og_type":"article","og_title":"Trabalhe na Zanini - Zanini","og_description":"Trabalhe conosco S\u00e3o mais de 40 anos de hist\u00f3ria, sendo refer\u00eancia em presta\u00e7\u00e3o de servi\u00e7os cont\u00e1beis, fiscal, pessoal e societ\u00e1rio! Somos uma empresa em constante crescimento e consequentemente, nosso time tamb\u00e9m vem crescendo cada dia mais. Com isso, nossa busca por talentos \u00e9 algo cont\u00ednuo e receber seu curr\u00edculo para nosso banco de talentos \u00e9&hellip;","og_url":"https:\/\/projetosddwb.com.br\/zanini2\/trabalhe-conosco\/","og_site_name":"Zanini","article_modified_time":"2022-08-22T19:39:38+00:00","og_image":[{"width":1920,"height":499,"url":"https:\/\/projetosddwb.com.br\/zanini2\/wp-content\/uploads\/2020\/02\/header-bg-copyright.jpg","type":"image\/jpeg"}],"twitter_card":"summary_large_image","twitter_misc":{"Est. tempo de leitura":"1 minuto"},"schema":{"@context":"https:\/\/schema.org","@graph":[{"@type":"WebPage","@id":"https:\/\/projetosddwb.com.br\/zanini2\/trabalhe-conosco\/","url":"https:\/\/projetosddwb.com.br\/zanini2\/trabalhe-conosco\/","name":"Trabalhe na Zanini - Zanini","isPartOf":{"@id":"https:\/\/projetosddwb.com.br\/zanini2\/#website"},"primaryImageOfPage":{"@id":"https:\/\/projetosddwb.com.br\/zanini2\/trabalhe-conosco\/#primaryimage"},"image":{"@id":"https:\/\/projetosddwb.com.br\/zanini2\/trabalhe-conosco\/#primaryimage"},"thumbnailUrl":"https:\/\/projetosddwb.com.br\/zanini2\/wp-content\/uploads\/2020\/02\/header-bg-copyright.jpg","datePublished":"2022-05-18T11:43:45+00:00","dateModified":"2022-08-22T19:39:38+00:00","breadcrumb":{"@id":"https:\/\/projetosddwb.com.br\/zanini2\/trabalhe-conosco\/#breadcrumb"},"inLanguage":"pt-BR","potentialAction":[{"@type":"ReadAction","target":["https:\/\/projetosddwb.com.br\/zanini2\/trabalhe-conosco\/"]}]},{"@type":"ImageObject","inLanguage":"pt-BR","@id":"https:\/\/projetosddwb.com.br\/zanini2\/trabalhe-conosco\/#primaryimage","url":"https:\/\/projetosddwb.com.br\/zanini2\/wp-content\/uploads\/2020\/02\/header-bg-copyright.jpg","contentUrl":"https:\/\/projetosddwb.com.br\/zanini2\/wp-content\/uploads\/2020\/02\/header-bg-copyright.jpg","width":1920,"height":499},{"@type":"BreadcrumbList","@id":"https:\/\/projetosddwb.com.br\/zanini2\/trabalhe-conosco\/#breadcrumb","itemListElement":[{"@type":"ListItem","position":1,"name":"In\u00edcio","item":"https:\/\/projetosddwb.com.br\/zanini2\/"},{"@type":"ListItem","position":2,"name":"Trabalhe na Zanini"}]},{"@type":"WebSite","@id":"https:\/\/projetosddwb.com.br\/zanini2\/#website","url":"https:\/\/projetosddwb.com.br\/zanini2\/","name":"Zanini","description":"Contabilidade e Auditoria em Americana","publisher":{"@id":"https:\/\/projetosddwb.com.br\/zanini2\/#organization"},"potentialAction":[{"@type":"SearchAction","target":{"@type":"EntryPoint","urlTemplate":"https:\/\/projetosddwb.com.br\/zanini2\/?s={search_term_string}"},"query-input":{"@type":"PropertyValueSpecification","valueRequired":true,"valueName":"search_term_string"}}],"inLanguage":"pt-BR"},{"@type":"Organization","@id":"https:\/\/projetosddwb.com.br\/zanini2\/#organization","name":"Zanini","url":"https:\/\/projetosddwb.com.br\/zanini2\/","logo":{"@type":"ImageObject","inLanguage":"pt-BR","@id":"https:\/\/projetosddwb.com.br\/zanini2\/#\/schema\/logo\/image\/","url":"https:\/\/projetosddwb.com.br\/zanini2\/wp-content\/uploads\/2019\/06\/logo1.png","contentUrl":"https:\/\/projetosddwb.com.br\/zanini2\/wp-content\/uploads\/2019\/06\/logo1.png","width":122,"height":36,"caption":"Zanini"},"image":{"@id":"https:\/\/projetosddwb.com.br\/zanini2\/#\/schema\/logo\/image\/"}}]}},"_hostinger_reach_plugin_has_subscription_block":false,"_hostinger_reach_plugin_is_elementor":false,"_links":{"self":[{"href":"https:\/\/projetosddwb.com.br\/zanini2\/wp-json\/wp\/v2\/pages\/4774","targetHints":{"allow":["GET"]}}],"collection":[{"href":"https:\/\/projetosddwb.com.br\/zanini2\/wp-json\/wp\/v2\/pages"}],"about":[{"href":"https:\/\/projetosddwb.com.br\/zanini2\/wp-json\/wp\/v2\/types\/page"}],"author":[{"embeddable":true,"href":"https:\/\/projetosddwb.com.br\/zanini2\/wp-json\/wp\/v2\/users\/1"}],"replies":[{"embeddable":true,"href":"https:\/\/projetosddwb.com.br\/zanini2\/wp-json\/wp\/v2\/comments?post=4774"}],"version-history":[{"count":83,"href":"https:\/\/projetosddwb.com.br\/zanini2\/wp-json\/wp\/v2\/pages\/4774\/revisions"}],"predecessor-version":[{"id":4957,"href":"https:\/\/projetosddwb.com.br\/zanini2\/wp-json\/wp\/v2\/pages\/4774\/revisions\/4957"}],"wp:featuredmedia":[{"embeddable":true,"href":"https:\/\/projetosddwb.com.br\/zanini2\/wp-json\/wp\/v2\/media\/2496"}],"wp:attachment":[{"href":"https:\/\/projetosddwb.com.br\/zanini2\/wp-json\/wp\/v2\/media?parent=4774"}],"curies":[{"name":"wp","href":"https:\/\/api.w.org\/{rel}","templated":true}]}}